{"id":9471,"date":"2019-12-11T15:13:43","date_gmt":"2019-12-11T14:13:43","guid":{"rendered":"https:\/\/www.tecowash.com\/tecowash18\/?post_type=product&#038;p=9471"},"modified":"2023-05-22T10:25:57","modified_gmt":"2023-05-22T08:25:57","slug":"hidrolimpiadora-power-cleaner","status":"publish","type":"product","link":"https:\/\/www.tecowash.com\/tecowash18\/producto\/hidrolimpiadora-power-cleaner\/","title":{"rendered":"HIDROLIMPIADORA POWER CLEANER"},"content":{"rendered":"<p><a href=\"https:\/\/www.tecowash.com\/tecowash18\/wp-content\/uploads\/2019\/12\/HIDROLIMPIADORA_POWER_CLEANER_tecowash_spain_MAY_2023.pdf\" target=\"_blank\" rel=\"noopener noreferrer\"><img loading=\"lazy\" decoding=\"async\" class=\"aligncenter size-full wp-image-9010\" src=\"https:\/\/www.tecowash.com\/tecowash18\/wp-content\/uploads\/2019\/10\/pdf_logo_B.png\" alt=\"\" width=\"250\" height=\"121\" srcset=\"https:\/\/www.tecowash.com\/tecowash18\/wp-content\/uploads\/2019\/10\/pdf_logo_B.png 250w, https:\/\/www.tecowash.com\/tecowash18\/wp-content\/uploads\/2019\/10\/pdf_logo_B-24x12.png 24w, https:\/\/www.tecowash.com\/tecowash18\/wp-content\/uploads\/2019\/10\/pdf_logo_B-36x17.png 36w, https:\/\/www.tecowash.com\/tecowash18\/wp-content\/uploads\/2019\/10\/pdf_logo_B-48x23.png 48w\" sizes=\"(max-width: 250px) 100vw, 250px\" \/><\/a><\/p>\n<div style=\"width: 980px;\" class=\"wp-video\"><!--[if lt IE 9]><script>document.createElement('video');<\/script><![endif]-->\n<video class=\"wp-video-shortcode\" id=\"video-9471-1\" width=\"980\" height=\"551\" preload=\"metadata\" controls=\"controls\"><source type=\"video\/mp4\" src=\"https:\/\/www.tecowash.com\/tecowash18\/wp-content\/uploads\/2019\/12\/Buenas_Practicas_con_el-Power_Cleaner_tecowash_spain_2023.mp4?_=1\" \/><a href=\"https:\/\/www.tecowash.com\/tecowash18\/wp-content\/uploads\/2019\/12\/Buenas_Practicas_con_el-Power_Cleaner_tecowash_spain_2023.mp4\">https:\/\/www.tecowash.com\/tecowash18\/wp-content\/uploads\/2019\/12\/Buenas_Practicas_con_el-Power_Cleaner_tecowash_spain_2023.mp4<\/a><\/video><\/div>\n<p>&nbsp;<\/p>\n<p><strong><span style=\"font-size: 18pt;\">HIDROLIMPIADORA AGUA FRIA <span style=\"color: #99cc00;\">POWER CLEANER\u00a0<\/span><\/span><\/strong><\/p>\n<div style=\"text-align: left;\"><span style=\"color: #000000;\"><strong>Referencia:<\/strong> PC200.420. <\/span><strong><span style=\"color: #000000;\">Hidrolimpiadora Power Cleaner 200 bar Monof\u00e1sico.<\/span> <span style=\"color: #ff0000;\">P.V. 1.220,00 \u20ac<\/span><\/strong><\/div>\n<div style=\"text-align: left;\"><span style=\"color: #000000;\"><strong>Referencia:<\/strong> PC200.900. <\/span><strong><span style=\"color: #000000;\">Hidrolimpiadora Power Cleaner Trif\u00e1sico.\u00a0<\/span> \u00a0 \u00a0 \u00a0 \u00a0 \u00a0 \u00a0 \u00a0 \u00a0 \u00a0 \u00a0 <span style=\"color: #ff0000;\">\u00a0P.V. 1.413,00 \u20ac<\/span><\/strong><\/div>\n<div style=\"text-align: left;\"><span style=\"color: #000000;\">Hidrolimpiadora de \u00faltima tecnolog\u00eda muy robusta, pensada para trabajos duros donde no tenga conexi\u00f3n el\u00e9ctrica de 380 v y tenga que trabajar con un equipo de 220v con una presi\u00f3n de trabajo muy elevada. Equipo muy vers\u00e1til ya que podemos regular la presi\u00f3n de trabajo deseada de 20 Bar a 200 Bar. La boquilla regulable de \u00e1ngulo de trabajo permite realizar cualquier tipo de trabajo, y presionando la boquilla hacia atr\u00e1s conseguimos alta presi\u00f3n y presionando la boaquilla hacia a delante conseguimos agua con detergente. Fabricada en material pl\u00e1stico antivand\u00e1lico. Puede trabajar en posici\u00f3n vertical o horizontal<\/span><\/div>\n<div>\u00a0<\/div>\n<div style=\"text-align: left;\"><strong><span style=\"color: #000000;\">Caracter\u00edsticas:<\/span><\/strong><br \/>\n<span style=\"color: #000000;\">-Puede trabajar en posici\u00f3n vertical o horizontal<\/span><br \/>\n<span style=\"color: #000000;\">&#8211; Interruptor t\u00e9rmico.- V\u00e1lvulas de acero inox.<\/span><br \/>\n<span style=\"color: #000000;\">&#8211; Man\u00f3metro profesional.<\/span><br \/>\n<span style=\"color: #000000;\">&#8211; Caja de material pl\u00e1stico antichoque.<\/span><br \/>\n<span style=\"color: #000000;\">&#8211; Grupo bomba visible para un mantenimiento sencillo.<\/span><br \/>\n<span style=\"color: #000000;\">&#8211; Dispositivo Total stop.<\/span><br \/>\n<span style=\"color: #000000;\">&#8211; Lanza con boquilla de presi\u00f3n regulable y manguera de 10 mts.<\/span><br \/>\n<span style=\"color: #000000;\">&#8211; Motor el\u00e9ctrico de 3 Hp a 1.450 rpm y 220 v\u00a0 a 50 Hz (Monof\u00e1sico) 13.8 A.<\/span><br \/>\n<span style=\"color: #000000;\">&#8211; Bomba: a 200 Bar.<\/span><br \/>\n<span style=\"color: #000000;\">&#8211; Tanque detergente integrado 12 l.<\/span><br \/>\n<span style=\"color: #000000;\">&#8211; Soporte tubo alta presi\u00f3n.<\/span><br \/>\n<span style=\"color: #000000;\">&#8211; Adaptador para cable el\u00e9ctrico.<\/span><\/div>\n<div>\u00a0<\/div>\n<div>\u00a0<\/div>\n<div>\n<div style=\"width: 980px;\" class=\"wp-video\"><video class=\"wp-video-shortcode\" id=\"video-9471-2\" width=\"980\" height=\"551\" preload=\"auto\" controls=\"controls\"><source type=\"video\/mp4\" src=\"https:\/\/www.tecowash.com\/tecowash18\/wp-content\/uploads\/2019\/12\/NUEVA_Hidrolimpiadora_Tecowash_2019_720.mp4?_=2\" \/><a href=\"https:\/\/www.tecowash.com\/tecowash18\/wp-content\/uploads\/2019\/12\/NUEVA_Hidrolimpiadora_Tecowash_2019_720.mp4\">https:\/\/www.tecowash.com\/tecowash18\/wp-content\/uploads\/2019\/12\/NUEVA_Hidrolimpiadora_Tecowash_2019_720.mp4<\/a><\/video><\/div>\n<\/div>\n<div>\u00a0<\/div>\n<div>\u00a0<\/div>\n<div><a href=\"https:\/\/www.tecowash.com\/tecowash18\/wp-content\/uploads\/2019\/12\/Hidrolimpiadora_Power_Cleaner_999_Tecowash.jpg\" target=\"_blank\" rel=\"noopener noreferrer\"><img loading=\"lazy\" decoding=\"async\" class=\"alignleft wp-image-9508 size-full\" src=\"https:\/\/www.tecowash.com\/tecowash18\/wp-content\/uploads\/2019\/12\/Hidrolimpiadora_Power_Cleaner_999_Tecowash.jpg\" alt=\"\" width=\"1426\" height=\"400\" srcset=\"https:\/\/www.tecowash.com\/tecowash18\/wp-content\/uploads\/2019\/12\/Hidrolimpiadora_Power_Cleaner_999_Tecowash.jpg 1426w, https:\/\/www.tecowash.com\/tecowash18\/wp-content\/uploads\/2019\/12\/Hidrolimpiadora_Power_Cleaner_999_Tecowash-416x117.jpg 416w, https:\/\/www.tecowash.com\/tecowash18\/wp-content\/uploads\/2019\/12\/Hidrolimpiadora_Power_Cleaner_999_Tecowash-300x84.jpg 300w, https:\/\/www.tecowash.com\/tecowash18\/wp-content\/uploads\/2019\/12\/Hidrolimpiadora_Power_Cleaner_999_Tecowash-768x215.jpg 768w, https:\/\/www.tecowash.com\/tecowash18\/wp-content\/uploads\/2019\/12\/Hidrolimpiadora_Power_Cleaner_999_Tecowash-1024x287.jpg 1024w, https:\/\/www.tecowash.com\/tecowash18\/wp-content\/uploads\/2019\/12\/Hidrolimpiadora_Power_Cleaner_999_Tecowash-600x168.jpg 600w, https:\/\/www.tecowash.com\/tecowash18\/wp-content\/uploads\/2019\/12\/Hidrolimpiadora_Power_Cleaner_999_Tecowash-24x7.jpg 24w, https:\/\/www.tecowash.com\/tecowash18\/wp-content\/uploads\/2019\/12\/Hidrolimpiadora_Power_Cleaner_999_Tecowash-36x10.jpg 36w, https:\/\/www.tecowash.com\/tecowash18\/wp-content\/uploads\/2019\/12\/Hidrolimpiadora_Power_Cleaner_999_Tecowash-48x13.jpg 48w\" sizes=\"(max-width: 1426px) 100vw, 1426px\" \/><\/a><\/div>\n","protected":false},"excerpt":{"rendered":"<p>&nbsp; HIDROLIMPIADORA AGUA FRIA POWER CLEANER\u00a0 Referencia: PC200.420. Hidrolimpiadora Power Cleaner 200 bar Monof\u00e1sico. P.V. 1.220,00 \u20ac Referencia: PC200.900. Hidrolimpiadora Power Cleaner Trif\u00e1sico.\u00a0 \u00a0 \u00a0 \u00a0 \u00a0 \u00a0 \u00a0 \u00a0 \u00a0 \u00a0 \u00a0 \u00a0P.V. 1.413,00 \u20ac Hidrolimpiadora de \u00faltima tecnolog\u00eda muy robusta, pensada para trabajos duros donde no tenga conexi\u00f3n el\u00e9ctrica de 380 v y [&hellip;]<\/p>\n","protected":false},"featured_media":9482,"template":"","meta":[],"product_cat":[127,128],"product_tag":[],"class_list":["post-9471","product","type-product","status-publish","has-post-thumbnail","hentry","product_cat-hidrolimpiadoras-grupos-bomba-motor","product_cat-agua-fria"],"publishpress_future_workflow_manual_trigger":{"enabledWorkflows":[]},"_links":{"self":[{"href":"https:\/\/www.tecowash.com\/tecowash18\/wp-json\/wp\/v2\/product\/9471"}],"collection":[{"href":"https:\/\/www.tecowash.com\/tecowash18\/wp-json\/wp\/v2\/product"}],"about":[{"href":"https:\/\/www.tecowash.com\/tecowash18\/wp-json\/wp\/v2\/types\/product"}],"wp:featuredmedia":[{"embeddable":true,"href":"https:\/\/www.tecowash.com\/tecowash18\/wp-json\/wp\/v2\/media\/9482"}],"wp:attachment":[{"href":"https:\/\/www.tecowash.com\/tecowash18\/wp-json\/wp\/v2\/media?parent=9471"}],"wp:term":[{"taxonomy":"product_cat","embeddable":true,"href":"https:\/\/www.tecowash.com\/tecowash18\/wp-json\/wp\/v2\/product_cat?post=9471"},{"taxonomy":"product_tag","embeddable":true,"href":"https:\/\/www.tecowash.com\/tecowash18\/wp-json\/wp\/v2\/product_tag?post=9471"}],"curies":[{"name":"wp","href":"https:\/\/api.w.org\/{rel}","templated":true}]}}