{"id":9458,"date":"2019-12-11T08:36:36","date_gmt":"2019-12-11T07:36:36","guid":{"rendered":"https:\/\/www.tecowash.com\/tecowash18\/?post_type=product&#038;p=9458"},"modified":"2023-11-29T10:24:41","modified_gmt":"2023-11-29T09:24:41","slug":"recogida-de-aguas-residuales-modelo-aereo","status":"publish","type":"product","link":"https:\/\/www.tecowash.com\/tecowash18\/producto\/recogida-de-aguas-residuales-modelo-aereo\/","title":{"rendered":"RECOGIDA DE AGUAS RESIDUALES MODELO \u00abAEREO\u00bb"},"content":{"rendered":"<p><a href=\"https:\/\/www.tecowash.com\/tecowash18\/wp-content\/uploads\/2019\/12\/AEREO_tecowash_spain_DES_2023.pdf\" target=\"_blank\" rel=\"noopener noreferrer\"><img loading=\"lazy\" decoding=\"async\" class=\"aligncenter size-full wp-image-9010\" src=\"https:\/\/www.tecowash.com\/tecowash18\/wp-content\/uploads\/2019\/10\/pdf_logo_B.png\" alt=\"\" width=\"250\" height=\"121\" srcset=\"https:\/\/www.tecowash.com\/tecowash18\/wp-content\/uploads\/2019\/10\/pdf_logo_B.png 250w, https:\/\/www.tecowash.com\/tecowash18\/wp-content\/uploads\/2019\/10\/pdf_logo_B-24x12.png 24w, https:\/\/www.tecowash.com\/tecowash18\/wp-content\/uploads\/2019\/10\/pdf_logo_B-36x17.png 36w, https:\/\/www.tecowash.com\/tecowash18\/wp-content\/uploads\/2019\/10\/pdf_logo_B-48x23.png 48w\" sizes=\"(max-width: 250px) 100vw, 250px\" \/><\/a><\/p>\n<p><strong><span style=\"font-size: 18pt;\"><span style=\"color: #000000;\">RECOGIDA DE AGUAS RESIDUALES<\/span> <span style=\"color: #99cc00;\">\u00abAEREO\u00bb<\/span><\/span><\/strong><\/p>\n<p><span style=\"color: #000000;\"><strong>Referencia: <\/strong>TEC0040.<\/span><strong><span style=\"color: #000000;\"> Recogida de Aguas Residuales \u00abA\u00e9reo\u00bb.<\/span> <span style=\"color: #ff0000;\">P.V. 3.450,00 \u20ac<\/span><\/strong><\/p>\n<p><span style=\"color: #000000;\">Este conjunto est\u00e1 pensado para lavaderos peque\u00f1os, concesionarios, negocios de alquiler de veh\u00edculos, etc. <\/span><br \/>\n<span style=\"color: #000000;\">Para clientes que quieran ahorrase el coste de enterrar el dep\u00f3sito y sus elementos o para clientes que en un futuro deseen desmontar el filtraje de aguas. <\/span><br \/>\n<span style=\"color: #000000;\">En este conjunto de elementos con referencia: TEC0040, no vienen inlucidos estos materiales o trabajos: las mangueras de agua de 1\u201d, el tupo de PVC de 160 mm, la regilla, pre-marco de la arqueta recogida de aguas sucias, tubo corrugado ni la obra civil.<\/span><\/p>\n<p><span style=\"color: #000000;\"><strong>Productos incluidos en el modelo \u201cA\u00e9reo\u201d:<\/strong><\/span><br \/>\n<span style=\"color: #000000;\">1 Arqueta de muestra de 200 L. <\/span><br \/>\n<span style=\"color: #000000;\">1 Bomba sumergible monof\u00e1sica 220 v.<\/span><br \/>\n<span style=\"color: #000000;\">1 Separador de hidrocarburos de 1,5 L\/seg \/ Decantador.<\/span><br \/>\n<span style=\"color: #000000;\">1 Bomba sumergible trituradora monof\u00e1sica de 220 v.<\/span><\/p>\n<p><a href=\"https:\/\/www.tecowash.com\/tecowash18\/wp-content\/uploads\/2019\/12\/AEREO_Grand_.png\" target=\"_blank\" rel=\"noopener noreferrer\"><img loading=\"lazy\" decoding=\"async\" class=\"alignleft wp-image-19245 size-full\" src=\"https:\/\/www.tecowash.com\/tecowash18\/wp-content\/uploads\/2019\/12\/AEREO_Grand_.png\" alt=\"\" width=\"1239\" height=\"894\" srcset=\"https:\/\/www.tecowash.com\/tecowash18\/wp-content\/uploads\/2019\/12\/AEREO_Grand_.png 1239w, https:\/\/www.tecowash.com\/tecowash18\/wp-content\/uploads\/2019\/12\/AEREO_Grand_-300x216.png 300w, https:\/\/www.tecowash.com\/tecowash18\/wp-content\/uploads\/2019\/12\/AEREO_Grand_-1024x739.png 1024w, https:\/\/www.tecowash.com\/tecowash18\/wp-content\/uploads\/2019\/12\/AEREO_Grand_-768x554.png 768w, https:\/\/www.tecowash.com\/tecowash18\/wp-content\/uploads\/2019\/12\/AEREO_Grand_-600x433.png 600w, https:\/\/www.tecowash.com\/tecowash18\/wp-content\/uploads\/2019\/12\/AEREO_Grand_-24x17.png 24w, https:\/\/www.tecowash.com\/tecowash18\/wp-content\/uploads\/2019\/12\/AEREO_Grand_-36x26.png 36w, https:\/\/www.tecowash.com\/tecowash18\/wp-content\/uploads\/2019\/12\/AEREO_Grand_-48x35.png 48w, https:\/\/www.tecowash.com\/tecowash18\/wp-content\/uploads\/2019\/12\/AEREO_Grand_-416x300.png 416w\" sizes=\"(max-width: 1239px) 100vw, 1239px\" \/><\/a><\/p>\n<p>&nbsp;<\/p>\n","protected":false},"excerpt":{"rendered":"<p>RECOGIDA DE AGUAS RESIDUALES \u00abAEREO\u00bb Referencia: TEC0040. Recogida de Aguas Residuales \u00abA\u00e9reo\u00bb. P.V. 3.450,00 \u20ac Este conjunto est\u00e1 pensado para lavaderos peque\u00f1os, concesionarios, negocios de alquiler de veh\u00edculos, etc. Para clientes que quieran ahorrase el coste de enterrar el dep\u00f3sito y sus elementos o para clientes que en un futuro deseen desmontar el filtraje de [&hellip;]<\/p>\n","protected":false},"featured_media":16471,"template":"","meta":[],"product_cat":[185,198],"product_tag":[],"class_list":["post-9458","product","type-product","status-publish","has-post-thumbnail","hentry","product_cat-tratamientos-de-agua","product_cat-recogida-de-aguas-residuales"],"publishpress_future_workflow_manual_trigger":{"enabledWorkflows":[]},"_links":{"self":[{"href":"https:\/\/www.tecowash.com\/tecowash18\/wp-json\/wp\/v2\/product\/9458"}],"collection":[{"href":"https:\/\/www.tecowash.com\/tecowash18\/wp-json\/wp\/v2\/product"}],"about":[{"href":"https:\/\/www.tecowash.com\/tecowash18\/wp-json\/wp\/v2\/types\/product"}],"wp:featuredmedia":[{"embeddable":true,"href":"https:\/\/www.tecowash.com\/tecowash18\/wp-json\/wp\/v2\/media\/16471"}],"wp:attachment":[{"href":"https:\/\/www.tecowash.com\/tecowash18\/wp-json\/wp\/v2\/media?parent=9458"}],"wp:term":[{"taxonomy":"product_cat","embeddable":true,"href":"https:\/\/www.tecowash.com\/tecowash18\/wp-json\/wp\/v2\/product_cat?post=9458"},{"taxonomy":"product_tag","embeddable":true,"href":"https:\/\/www.tecowash.com\/tecowash18\/wp-json\/wp\/v2\/product_tag?post=9458"}],"curies":[{"name":"wp","href":"https:\/\/api.w.org\/{rel}","templated":true}]}}