{"id":9450,"date":"2019-12-10T11:58:56","date_gmt":"2019-12-10T10:58:56","guid":{"rendered":"https:\/\/www.tecowash.com\/tecowash18\/?post_type=product&#038;p=9450"},"modified":"2024-07-15T14:57:13","modified_gmt":"2024-07-15T12:57:13","slug":"auto-enrollable-manguera-de-20-mts-alta-presion","status":"publish","type":"product","link":"https:\/\/www.tecowash.com\/tecowash18\/producto\/auto-enrollable-manguera-de-20-mts-alta-presion\/","title":{"rendered":"AUTO ENROLLABLE manguera de 20 mts ALTA PRESION"},"content":{"rendered":"<p><a href=\"https:\/\/www.tecowash.com\/tecowash18\/wp-content\/uploads\/2018\/07\/Brazos_Manguera_tecowash_spain_mar_2022.pdf\" target=\"_blank\" rel=\"noopener noreferrer\"><img loading=\"lazy\" decoding=\"async\" class=\"aligncenter size-full wp-image-9010\" src=\"https:\/\/www.tecowash.com\/tecowash18\/wp-content\/uploads\/2019\/10\/pdf_logo_B.png\" alt=\"\" width=\"250\" height=\"121\" srcset=\"https:\/\/www.tecowash.com\/tecowash18\/wp-content\/uploads\/2019\/10\/pdf_logo_B.png 250w, https:\/\/www.tecowash.com\/tecowash18\/wp-content\/uploads\/2019\/10\/pdf_logo_B-24x12.png 24w, https:\/\/www.tecowash.com\/tecowash18\/wp-content\/uploads\/2019\/10\/pdf_logo_B-36x17.png 36w, https:\/\/www.tecowash.com\/tecowash18\/wp-content\/uploads\/2019\/10\/pdf_logo_B-48x23.png 48w\" sizes=\"(max-width: 250px) 100vw, 250px\" \/><\/a><\/p>\n<p><a href=\"https:\/\/www.tecowash.com\/tecowash18\/wp-content\/uploads\/2019\/12\/Giratorio_180_tecowash_V01-1.mp4\" target=\"_blank\" rel=\"noopener noreferrer\"><img loading=\"lazy\" decoding=\"async\" class=\"aligncenter wp-image-14444 size-medium\" src=\"https:\/\/www.tecowash.com\/tecowash18\/wp-content\/uploads\/2019\/12\/Video_Giratorio-300x51.png\" alt=\"\" width=\"300\" height=\"51\" srcset=\"https:\/\/www.tecowash.com\/tecowash18\/wp-content\/uploads\/2019\/12\/Video_Giratorio-300x51.png 300w, https:\/\/www.tecowash.com\/tecowash18\/wp-content\/uploads\/2019\/12\/Video_Giratorio-24x4.png 24w, https:\/\/www.tecowash.com\/tecowash18\/wp-content\/uploads\/2019\/12\/Video_Giratorio-36x6.png 36w, https:\/\/www.tecowash.com\/tecowash18\/wp-content\/uploads\/2019\/12\/Video_Giratorio-48x8.png 48w, https:\/\/www.tecowash.com\/tecowash18\/wp-content\/uploads\/2019\/12\/Video_Giratorio.png 372w\" sizes=\"(max-width: 300px) 100vw, 300px\" \/><\/a><\/p>\n<p><a href=\"https:\/\/www.tecowash.com\/tecowash18\/wp-content\/uploads\/2019\/12\/Auto_Enrollador_tecowash_2022.mp4\" target=\"_blank\" rel=\"noopener noreferrer\"><img loading=\"lazy\" decoding=\"async\" class=\"aligncenter wp-image-15641 size-medium\" src=\"https:\/\/www.tecowash.com\/tecowash18\/wp-content\/uploads\/2019\/11\/Como_funciona-300x47.png\" alt=\"\" width=\"300\" height=\"47\" srcset=\"https:\/\/www.tecowash.com\/tecowash18\/wp-content\/uploads\/2019\/11\/Como_funciona-300x47.png 300w, https:\/\/www.tecowash.com\/tecowash18\/wp-content\/uploads\/2019\/11\/Como_funciona-24x4.png 24w, https:\/\/www.tecowash.com\/tecowash18\/wp-content\/uploads\/2019\/11\/Como_funciona-36x6.png 36w, https:\/\/www.tecowash.com\/tecowash18\/wp-content\/uploads\/2019\/11\/Como_funciona-48x8.png 48w, https:\/\/www.tecowash.com\/tecowash18\/wp-content\/uploads\/2019\/11\/Como_funciona.png 400w\" sizes=\"(max-width: 300px) 100vw, 300px\" \/><\/a><\/p>\n<p><span style=\"font-size: 24px;\"><b><span style=\"color: #000000;\">AUTO <\/span><span style=\"color: #99cc00;\"><span style=\"color: #000000;\">ENROLLABLE<\/span> ALTA PRESION<\/span><\/b><\/span><\/p>\n<p><strong>Referencia:<\/strong> 764434502 <strong>Color negro<\/strong>.<br \/>\n<strong>Referencia:<\/strong> 764434502 <strong>Color gris.<\/strong><br \/>\n<strong>Referencia:<\/strong> 74100\u00a0 <strong>Soporte giratorio 180\u00b0.<\/strong><\/p>\n<p><span style=\"color: #000000;\">Auto Enrollable de pl\u00e1stico ABS (anti vand\u00e1lico, no se agrieta, no se rompe), de alta presi\u00f3n de 20 metros, en color negro o gris. <\/span><br \/>\n<span style=\"color: #000000;\">Se eliminan los problemas de \u00f3xido y es de peso ligero.<\/span><br \/>\n<span style=\"color: #000000;\"><strong>Presi\u00f3n:<\/strong> hasta 310 Bar, manguera de 1\/4 \u201c. <\/span><br \/>\n<span style=\"color: #000000;\"><strong>Conexiones:<\/strong> entrada \u00bd\u201d macho, manguera salida 22,5 hembra o 3,8 \u201cmacho.<\/span><\/p>\n<p><a href=\"https:\/\/www.tecowash.com\/tecowash18\/wp-content\/uploads\/2019\/12\/Autoenrollable_Tecowash_\u00d1\u00d1.jpg\"><img loading=\"lazy\" decoding=\"async\" class=\"aligncenter wp-image-9516 size-full\" src=\"https:\/\/www.tecowash.com\/tecowash18\/wp-content\/uploads\/2019\/12\/Autoenrollable_Tecowash_\u00d1\u00d1.jpg\" alt=\"\" width=\"992\" height=\"454\" srcset=\"https:\/\/www.tecowash.com\/tecowash18\/wp-content\/uploads\/2019\/12\/Autoenrollable_Tecowash_\u00d1\u00d1.jpg 992w, https:\/\/www.tecowash.com\/tecowash18\/wp-content\/uploads\/2019\/12\/Autoenrollable_Tecowash_\u00d1\u00d1-416x190.jpg 416w, https:\/\/www.tecowash.com\/tecowash18\/wp-content\/uploads\/2019\/12\/Autoenrollable_Tecowash_\u00d1\u00d1-300x137.jpg 300w, https:\/\/www.tecowash.com\/tecowash18\/wp-content\/uploads\/2019\/12\/Autoenrollable_Tecowash_\u00d1\u00d1-768x351.jpg 768w, https:\/\/www.tecowash.com\/tecowash18\/wp-content\/uploads\/2019\/12\/Autoenrollable_Tecowash_\u00d1\u00d1-600x275.jpg 600w, https:\/\/www.tecowash.com\/tecowash18\/wp-content\/uploads\/2019\/12\/Autoenrollable_Tecowash_\u00d1\u00d1-24x11.jpg 24w, https:\/\/www.tecowash.com\/tecowash18\/wp-content\/uploads\/2019\/12\/Autoenrollable_Tecowash_\u00d1\u00d1-36x16.jpg 36w, https:\/\/www.tecowash.com\/tecowash18\/wp-content\/uploads\/2019\/12\/Autoenrollable_Tecowash_\u00d1\u00d1-48x22.jpg 48w\" sizes=\"(max-width: 992px) 100vw, 992px\" \/><\/a><a href=\"https:\/\/www.tecowash.com\/tecowash18\/wp-content\/uploads\/2019\/12\/Giratorio_detalle.jpg\"><img loading=\"lazy\" decoding=\"async\" class=\"aligncenter wp-image-14564 size-large\" src=\"https:\/\/www.tecowash.com\/tecowash18\/wp-content\/uploads\/2019\/12\/Giratorio_detalle-1024x641.jpg\" alt=\"\" width=\"980\" height=\"613\" srcset=\"https:\/\/www.tecowash.com\/tecowash18\/wp-content\/uploads\/2019\/12\/Giratorio_detalle-1024x641.jpg 1024w, https:\/\/www.tecowash.com\/tecowash18\/wp-content\/uploads\/2019\/12\/Giratorio_detalle-416x260.jpg 416w, https:\/\/www.tecowash.com\/tecowash18\/wp-content\/uploads\/2019\/12\/Giratorio_detalle-300x188.jpg 300w, https:\/\/www.tecowash.com\/tecowash18\/wp-content\/uploads\/2019\/12\/Giratorio_detalle-768x480.jpg 768w, https:\/\/www.tecowash.com\/tecowash18\/wp-content\/uploads\/2019\/12\/Giratorio_detalle-600x375.jpg 600w, https:\/\/www.tecowash.com\/tecowash18\/wp-content\/uploads\/2019\/12\/Giratorio_detalle-1536x961.jpg 1536w, https:\/\/www.tecowash.com\/tecowash18\/wp-content\/uploads\/2019\/12\/Giratorio_detalle-24x15.jpg 24w, https:\/\/www.tecowash.com\/tecowash18\/wp-content\/uploads\/2019\/12\/Giratorio_detalle-36x23.jpg 36w, https:\/\/www.tecowash.com\/tecowash18\/wp-content\/uploads\/2019\/12\/Giratorio_detalle-48x30.jpg 48w, https:\/\/www.tecowash.com\/tecowash18\/wp-content\/uploads\/2019\/12\/Giratorio_detalle.jpg 1600w\" sizes=\"(max-width: 980px) 100vw, 980px\" \/><\/a><\/p>\n","protected":false},"excerpt":{"rendered":"<p>AUTO ENROLLABLE ALTA PRESION Referencia: 764434502 Color negro. Referencia: 764434502 Color gris. Referencia: 74100\u00a0 Soporte giratorio 180\u00b0. Auto Enrollable de pl\u00e1stico ABS (anti vand\u00e1lico, no se agrieta, no se rompe), de alta presi\u00f3n de 20 metros, en color negro o gris. Se eliminan los problemas de \u00f3xido y es de peso ligero. Presi\u00f3n: hasta 310 [&hellip;]<\/p>\n","protected":false},"featured_media":9517,"template":"","meta":[],"product_cat":[174,178],"product_tag":[],"class_list":["post-9450","product","type-product","status-publish","has-post-thumbnail","hentry","product_cat-recambios-carwash","product_cat-brazos-y-mangueras"],"publishpress_future_workflow_manual_trigger":{"enabledWorkflows":[]},"_links":{"self":[{"href":"https:\/\/www.tecowash.com\/tecowash18\/wp-json\/wp\/v2\/product\/9450"}],"collection":[{"href":"https:\/\/www.tecowash.com\/tecowash18\/wp-json\/wp\/v2\/product"}],"about":[{"href":"https:\/\/www.tecowash.com\/tecowash18\/wp-json\/wp\/v2\/types\/product"}],"wp:featuredmedia":[{"embeddable":true,"href":"https:\/\/www.tecowash.com\/tecowash18\/wp-json\/wp\/v2\/media\/9517"}],"wp:attachment":[{"href":"https:\/\/www.tecowash.com\/tecowash18\/wp-json\/wp\/v2\/media?parent=9450"}],"wp:term":[{"taxonomy":"product_cat","embeddable":true,"href":"https:\/\/www.tecowash.com\/tecowash18\/wp-json\/wp\/v2\/product_cat?post=9450"},{"taxonomy":"product_tag","embeddable":true,"href":"https:\/\/www.tecowash.com\/tecowash18\/wp-json\/wp\/v2\/product_tag?post=9450"}],"curies":[{"name":"wp","href":"https:\/\/api.w.org\/{rel}","templated":true}]}}