{"id":9166,"date":"2019-11-04T11:58:35","date_gmt":"2019-11-04T10:58:35","guid":{"rendered":"https:\/\/www.tecowash.com\/tecowash18\/?post_type=product&#038;p=9166"},"modified":"2023-03-10T09:49:09","modified_gmt":"2023-03-10T08:49:09","slug":"grupo-bomba-motor-sin-ensamblar","status":"publish","type":"product","link":"https:\/\/www.tecowash.com\/tecowash18\/producto\/grupo-bomba-motor-sin-ensamblar\/","title":{"rendered":"GRUPO BOMBA MOTOR SIN ENSAMBLAR"},"content":{"rendered":"<p><a href=\"https:\/\/www.tecowash.com\/tecowash18\/wp-content\/uploads\/2019\/11\/Grupo_Bomba_Motor_Sin_ensamblar_tecowash_spain_2021.pdf\" target=\"_blank\" rel=\"noopener noreferrer\"><img loading=\"lazy\" decoding=\"async\" class=\"aligncenter size-full wp-image-9010\" src=\"https:\/\/www.tecowash.com\/tecowash18\/wp-content\/uploads\/2019\/10\/pdf_logo_B.png\" alt=\"\" width=\"250\" height=\"121\" srcset=\"https:\/\/www.tecowash.com\/tecowash18\/wp-content\/uploads\/2019\/10\/pdf_logo_B.png 250w, https:\/\/www.tecowash.com\/tecowash18\/wp-content\/uploads\/2019\/10\/pdf_logo_B-24x12.png 24w, https:\/\/www.tecowash.com\/tecowash18\/wp-content\/uploads\/2019\/10\/pdf_logo_B-36x17.png 36w, https:\/\/www.tecowash.com\/tecowash18\/wp-content\/uploads\/2019\/10\/pdf_logo_B-48x23.png 48w\" sizes=\"(max-width: 250px) 100vw, 250px\" \/><\/a><\/p>\n<p><strong><span style=\"font-size: 18pt\"><span style=\"color: #000000\">GRUPO BOMBA MOTOR<\/span> <span style=\"color: #99cc00\">SIN ENSAMBLAR.<\/span><\/span><\/strong><\/p>\n<p><span style=\"color: #000000\">Hidrolimpiadora sin ensamblar para agua caliente y fr\u00eda.<\/span><br \/>\n<span style=\"color: #000000;font-size: 14pt\"><strong>Referencia:<\/strong> GRUPOHAWK 5,5 &#8211; <strong>Grupo bomba de 5,5 Kw motor con campana y brida, bomba Hawk de 15 l. 150 Bar.<\/strong><\/span><br \/>\n<span style=\"color: #000000;font-size: 14pt\"><strong>Referencia:<\/strong> GRUPOHAWK 4 &#8211; <strong>Grupo bomba de 4 Kw motor con campana y brida, bomba Hawk 11 l. 130 Bar.<\/strong><\/span><br \/>\n<span style=\"color: #000000\">El grupo bomba motor <strong>SIN ENSAMBLAR<\/strong>, consta de Bomba niquelada para agua caliente 65\u00ba con brida y junta el\u00e1stica incorporada, bypass, man\u00f3metro y motor el\u00e9ctrico. <\/span><br \/>\n<span style=\"color: #000000\">Bomba NMT1520 garant\u00eda de 18 meses.<\/span><\/p>\n<p><a href=\"https:\/\/www.tecowash.com\/tecowash18\/wp-content\/uploads\/2019\/11\/Grupo_Bomba_Motor_Sin_Ensamblar_Tecowash_C.jpg\"><img loading=\"lazy\" decoding=\"async\" class=\"aligncenter wp-image-9173 size-full\" src=\"https:\/\/www.tecowash.com\/tecowash18\/wp-content\/uploads\/2019\/11\/Grupo_Bomba_Motor_Sin_Ensamblar_Tecowash_C.jpg\" alt=\"\" width=\"567\" height=\"378\" srcset=\"https:\/\/www.tecowash.com\/tecowash18\/wp-content\/uploads\/2019\/11\/Grupo_Bomba_Motor_Sin_Ensamblar_Tecowash_C.jpg 567w, https:\/\/www.tecowash.com\/tecowash18\/wp-content\/uploads\/2019\/11\/Grupo_Bomba_Motor_Sin_Ensamblar_Tecowash_C-416x277.jpg 416w, https:\/\/www.tecowash.com\/tecowash18\/wp-content\/uploads\/2019\/11\/Grupo_Bomba_Motor_Sin_Ensamblar_Tecowash_C-300x200.jpg 300w, https:\/\/www.tecowash.com\/tecowash18\/wp-content\/uploads\/2019\/11\/Grupo_Bomba_Motor_Sin_Ensamblar_Tecowash_C-24x16.jpg 24w, https:\/\/www.tecowash.com\/tecowash18\/wp-content\/uploads\/2019\/11\/Grupo_Bomba_Motor_Sin_Ensamblar_Tecowash_C-36x24.jpg 36w, https:\/\/www.tecowash.com\/tecowash18\/wp-content\/uploads\/2019\/11\/Grupo_Bomba_Motor_Sin_Ensamblar_Tecowash_C-48x32.jpg 48w, https:\/\/www.tecowash.com\/tecowash18\/wp-content\/uploads\/2019\/11\/Grupo_Bomba_Motor_Sin_Ensamblar_Tecowash_C-272x182.jpg 272w\" sizes=\"(max-width: 567px) 100vw, 567px\" \/><\/a><\/p>\n","protected":false},"excerpt":{"rendered":"<p>GRUPO BOMBA MOTOR SIN ENSAMBLAR. Hidrolimpiadora sin ensamblar para agua caliente y fr\u00eda. Referencia: GRUPOHAWK 5,5 &#8211; Grupo bomba de 5,5 Kw motor con campana y brida, bomba Hawk de 15 l. 150 Bar. Referencia: GRUPOHAWK 4 &#8211; Grupo bomba de 4 Kw motor con campana y brida, bomba Hawk 11 l. 130 Bar. El [&hellip;]<\/p>\n","protected":false},"featured_media":9167,"template":"","meta":[],"product_cat":[174,179],"product_tag":[],"class_list":["post-9166","product","type-product","status-publish","has-post-thumbnail","hentry","product_cat-recambios-carwash","product_cat-bombas-y-recambios"],"publishpress_future_workflow_manual_trigger":{"enabledWorkflows":[]},"_links":{"self":[{"href":"https:\/\/www.tecowash.com\/tecowash18\/wp-json\/wp\/v2\/product\/9166"}],"collection":[{"href":"https:\/\/www.tecowash.com\/tecowash18\/wp-json\/wp\/v2\/product"}],"about":[{"href":"https:\/\/www.tecowash.com\/tecowash18\/wp-json\/wp\/v2\/types\/product"}],"wp:featuredmedia":[{"embeddable":true,"href":"https:\/\/www.tecowash.com\/tecowash18\/wp-json\/wp\/v2\/media\/9167"}],"wp:attachment":[{"href":"https:\/\/www.tecowash.com\/tecowash18\/wp-json\/wp\/v2\/media?parent=9166"}],"wp:term":[{"taxonomy":"product_cat","embeddable":true,"href":"https:\/\/www.tecowash.com\/tecowash18\/wp-json\/wp\/v2\/product_cat?post=9166"},{"taxonomy":"product_tag","embeddable":true,"href":"https:\/\/www.tecowash.com\/tecowash18\/wp-json\/wp\/v2\/product_tag?post=9166"}],"curies":[{"name":"wp","href":"https:\/\/api.w.org\/{rel}","templated":true}]}}