{"id":8857,"date":"2019-10-09T08:43:24","date_gmt":"2019-10-09T06:43:24","guid":{"rendered":"https:\/\/www.tecowash.com\/tecowash18\/?post_type=product&#038;p=8857"},"modified":"2024-08-10T01:01:25","modified_gmt":"2024-08-09T23:01:25","slug":"pulverizador-industry-juntas-de-viton-7l-acidos","status":"publish","type":"product","link":"https:\/\/www.tecowash.com\/tecowash18\/producto\/pulverizador-industry-juntas-de-viton-7l-acidos\/","title":{"rendered":"PULVERIZADOR INDUSTRY de 7L para \u00c1CIDOS"},"content":{"rendered":"<div class=\"page\" title=\"Page 82\">\n<div class=\"section\">\n<div class=\"layoutArea\">\n<div class=\"column\">\n<p><a href=\"https:\/\/www.tecowash.com\/tecowash18\/wp-content\/uploads\/2018\/07\/Pulverizadores_tecowash_spain_2021.pdf\" target=\"_blank\" rel=\"noopener noreferrer\"><img loading=\"lazy\" decoding=\"async\" class=\"aligncenter size-full wp-image-9010\" src=\"https:\/\/www.tecowash.com\/tecowash18\/wp-content\/uploads\/2019\/10\/pdf_logo_B.png\" alt=\"\" width=\"250\" height=\"121\" srcset=\"https:\/\/www.tecowash.com\/tecowash18\/wp-content\/uploads\/2019\/10\/pdf_logo_B.png 250w, https:\/\/www.tecowash.com\/tecowash18\/wp-content\/uploads\/2019\/10\/pdf_logo_B-24x12.png 24w, https:\/\/www.tecowash.com\/tecowash18\/wp-content\/uploads\/2019\/10\/pdf_logo_B-36x17.png 36w, https:\/\/www.tecowash.com\/tecowash18\/wp-content\/uploads\/2019\/10\/pdf_logo_B-48x23.png 48w\" sizes=\"(max-width: 250px) 100vw, 250px\" \/><\/a><\/p>\n<p>&nbsp;<\/p>\n<p><a href=\"https:\/\/www.tecowash.com\/tecowash18\/wp-content\/uploads\/2019\/10\/Pulverizador_Industry_2L_tecowash.mp4\" target=\"_blank\" rel=\"noopener noreferrer\"><img loading=\"lazy\" decoding=\"async\" class=\"aligncenter wp-image-14207 size-medium\" src=\"https:\/\/www.tecowash.com\/tecowash18\/wp-content\/uploads\/2019\/10\/Videos_Acidos-300x84.png\" alt=\"\" width=\"300\" height=\"84\" srcset=\"https:\/\/www.tecowash.com\/tecowash18\/wp-content\/uploads\/2019\/10\/Videos_Acidos-300x84.png 300w, https:\/\/www.tecowash.com\/tecowash18\/wp-content\/uploads\/2019\/10\/Videos_Acidos-24x7.png 24w, https:\/\/www.tecowash.com\/tecowash18\/wp-content\/uploads\/2019\/10\/Videos_Acidos-36x10.png 36w, https:\/\/www.tecowash.com\/tecowash18\/wp-content\/uploads\/2019\/10\/Videos_Acidos-48x14.png 48w, https:\/\/www.tecowash.com\/tecowash18\/wp-content\/uploads\/2019\/10\/Videos_Acidos.png 334w\" sizes=\"(max-width: 300px) 100vw, 300px\" \/><\/a><\/p>\n<\/div>\n<\/div>\n<\/div>\n<\/div>\n<p><strong><span style=\"font-size: 18pt;\"><span style=\"color: #000000;\">PULVERIZADOR INDUSTRY<\/span> <span style=\"color: #99cc00;\">7L PARA \u00c1CIDOS<\/span><\/span><\/strong><\/p>\n<p><span style=\"color: #000000;\"><strong>Referencia:<\/strong> S112.152 &#8211; <strong>Pulverizador Industry de 7 litros para \u00c1CIDOS ((Desincrustantes)<\/strong><\/span><br \/>\n<span style=\"color: #000000;\"><strong>Referencia:<\/strong> L024.152 &#8211; <strong>Recambio Lanza extensible Industry de 7 litros para \u00c1CIDOS (Desincrustantes).<\/strong><\/span><br \/>\n<span style=\"color: #000000;\"><strong>Referencia:<\/strong> Z08jV-H &#8211; <strong>Kit reparacion para pulverizador Industry de 7 litros para \u00c1CIDOS (Desincrustantes).<\/strong><\/span><br \/>\n<span style=\"color: #000000;\"><strong>Referencia:<\/strong> R011fE-H &#8211; <strong>Manguera completa de 1,7 m para Pulverizador Industry de 7 litros para \u00c1CIDOS (Desincrustantes).<\/strong><\/span><\/p>\n<p><span style=\"color: #000000;\">Pulverizador resistente a los \u00e1cidos, ligero y manejable. Ajuste progresivo de \u00e1ngulo de la boquilla, permite obtener un \u00e1ngulo de pulverizaci\u00f3n diferente. Un dep\u00f3sito de alta presi\u00f3n garantiza la m\u00e1xima seguridad de uso.Todas las lanzas telesc\u00f3picas est\u00e1n equipadas con sistemas de protecci\u00f3n antipolvo APS.El mango est\u00e1 adaptado a la forma de la mano, asegurando un agarre firme, durante el bombeo y minimizando el esfuerzo del usuario. Al pulsar y desplazar el bot\u00f3n de la v\u00e1lvula hacia adelante, \u00e9sta se bloquea en posici\u00f3n abierta, sin necesidad de mantener pulsado el bot\u00f3n. Nuestras mangueras son resistentes al doblado, rotura o estiramiento. Su estructura de triple capa ofrece una calidad sin compromisos.<\/span><br \/>\n<span style=\"color: #000000;\">Peso neto: 2 Kg.<\/span><br \/>\n<span style=\"color: #000000;\">Altura: 470 mm.<\/span><br \/>\n<span style=\"color: #000000;\">Presi\u00f3n: 0,4 MPa.<\/span><\/p>\n<p><span style=\"color: #000000;\"><strong>Contenido del kit reparaci\u00f3n Referencia: <\/strong>Z08jV-H.<\/span><br \/>\n<span style=\"color: #000000;\">&#8211; Filtro<\/span><br \/>\n<span style=\"color: #000000;\">&#8211; Cabezal de bomba<\/span><br \/>\n<span style=\"color: #000000;\">&#8211; Grasa de silicona<\/span><br \/>\n<span style=\"color: #000000;\">&#8211; Anillo de sujeci\u00f3n<\/span><br \/>\n<span style=\"color: #000000;\">&#8211; Anillo de cierre de lanza<\/span><br \/>\n<span style=\"color: #000000;\">&#8211; Pist\u00f3n de la v\u00e1lvula dosificadora<\/span><br \/>\n<span style=\"color: #000000;\">&#8211; Dispensador del resorte de la v\u00e1lvula<\/span><br \/>\n<span style=\"color: #000000;\">&#8211; Junta 16 \u00d7 24<\/span><br \/>\n<span style=\"color: #000000;\">&#8211; Junta t\u00f3rica 28 \u00d7 4<\/span><br \/>\n<span style=\"color: #000000;\">&#8211; Junta t\u00f3rica 11.3 \u00d7 2.4 &#8211; 3 piezas<\/span><br \/>\n<span style=\"color: #000000;\">&#8211; Junta t\u00f3rica 8 \u00d7 2<\/span><br \/>\n<span style=\"color: #000000;\">&#8211; Junta t\u00f3rica 3 \u00d7 2 &#8211; 3 Uds.<\/span><\/p>\n<p><a href=\"https:\/\/www.tecowash.com\/tecowash18\/wp-content\/uploads\/2019\/10\/S102.152_INDUSTRY_7L_ACIDO_RECAMBIOS.jpg\"><img loading=\"lazy\" decoding=\"async\" class=\"aligncenter size-full wp-image-8881\" src=\"https:\/\/www.tecowash.com\/tecowash18\/wp-content\/uploads\/2019\/10\/S102.152_INDUSTRY_7L_ACIDO_RECAMBIOS.jpg\" alt=\"\" width=\"992\" height=\"400\" srcset=\"https:\/\/www.tecowash.com\/tecowash18\/wp-content\/uploads\/2019\/10\/S102.152_INDUSTRY_7L_ACIDO_RECAMBIOS.jpg 992w, https:\/\/www.tecowash.com\/tecowash18\/wp-content\/uploads\/2019\/10\/S102.152_INDUSTRY_7L_ACIDO_RECAMBIOS-416x168.jpg 416w, https:\/\/www.tecowash.com\/tecowash18\/wp-content\/uploads\/2019\/10\/S102.152_INDUSTRY_7L_ACIDO_RECAMBIOS-300x121.jpg 300w, https:\/\/www.tecowash.com\/tecowash18\/wp-content\/uploads\/2019\/10\/S102.152_INDUSTRY_7L_ACIDO_RECAMBIOS-768x310.jpg 768w, https:\/\/www.tecowash.com\/tecowash18\/wp-content\/uploads\/2019\/10\/S102.152_INDUSTRY_7L_ACIDO_RECAMBIOS-600x242.jpg 600w, https:\/\/www.tecowash.com\/tecowash18\/wp-content\/uploads\/2019\/10\/S102.152_INDUSTRY_7L_ACIDO_RECAMBIOS-24x10.jpg 24w, https:\/\/www.tecowash.com\/tecowash18\/wp-content\/uploads\/2019\/10\/S102.152_INDUSTRY_7L_ACIDO_RECAMBIOS-36x15.jpg 36w, https:\/\/www.tecowash.com\/tecowash18\/wp-content\/uploads\/2019\/10\/S102.152_INDUSTRY_7L_ACIDO_RECAMBIOS-48x19.jpg 48w\" sizes=\"(max-width: 992px) 100vw, 992px\" \/><\/a><\/p>\n<p>&nbsp;<\/p>\n<p>&nbsp;<\/p>\n","protected":false},"excerpt":{"rendered":"<p>&nbsp; PULVERIZADOR INDUSTRY 7L PARA \u00c1CIDOS Referencia: S112.152 &#8211; Pulverizador Industry de 7 litros para \u00c1CIDOS ((Desincrustantes) Referencia: L024.152 &#8211; Recambio Lanza extensible Industry de 7 litros para \u00c1CIDOS (Desincrustantes). Referencia: Z08jV-H &#8211; Kit reparacion para pulverizador Industry de 7 litros para \u00c1CIDOS (Desincrustantes). Referencia: R011fE-H &#8211; Manguera completa de 1,7 m para Pulverizador Industry [&hellip;]<\/p>\n","protected":false},"featured_media":8880,"template":"","meta":[],"product_cat":[96,160],"product_tag":[],"class_list":["post-8857","product","type-product","status-publish","has-post-thumbnail","hentry","product_cat-maquinaria-de-lavado-manual","product_cat-pulverizadores"],"publishpress_future_workflow_manual_trigger":{"enabledWorkflows":[]},"_links":{"self":[{"href":"https:\/\/www.tecowash.com\/tecowash18\/wp-json\/wp\/v2\/product\/8857"}],"collection":[{"href":"https:\/\/www.tecowash.com\/tecowash18\/wp-json\/wp\/v2\/product"}],"about":[{"href":"https:\/\/www.tecowash.com\/tecowash18\/wp-json\/wp\/v2\/types\/product"}],"wp:featuredmedia":[{"embeddable":true,"href":"https:\/\/www.tecowash.com\/tecowash18\/wp-json\/wp\/v2\/media\/8880"}],"wp:attachment":[{"href":"https:\/\/www.tecowash.com\/tecowash18\/wp-json\/wp\/v2\/media?parent=8857"}],"wp:term":[{"taxonomy":"product_cat","embeddable":true,"href":"https:\/\/www.tecowash.com\/tecowash18\/wp-json\/wp\/v2\/product_cat?post=8857"},{"taxonomy":"product_tag","embeddable":true,"href":"https:\/\/www.tecowash.com\/tecowash18\/wp-json\/wp\/v2\/product_tag?post=8857"}],"curies":[{"name":"wp","href":"https:\/\/api.w.org\/{rel}","templated":true}]}}