{"id":8849,"date":"2019-10-08T17:14:15","date_gmt":"2019-10-08T15:14:15","guid":{"rendered":"https:\/\/www.tecowash.com\/tecowash18\/?post_type=product&#038;p=8849"},"modified":"2022-01-31T09:35:22","modified_gmt":"2022-01-31T08:35:22","slug":"pulverizador-industry-ergo-2l-juntas-epdm-para-alcalinos","status":"publish","type":"product","link":"https:\/\/www.tecowash.com\/tecowash18\/producto\/pulverizador-industry-ergo-2l-juntas-epdm-para-alcalinos\/","title":{"rendered":"PULVERIZADOR INDUSTRY ERGO 2L para ALCALINOS"},"content":{"rendered":"<div class=\"page\" title=\"Page 82\">\n<div class=\"section\">\n<div class=\"layoutArea\">\n<div class=\"column\">\n<p><a href=\"https:\/\/www.tecowash.com\/tecowash18\/wp-content\/uploads\/2018\/07\/Pulverizadores_tecowash_spain_2021.pdf\" target=\"_blank\" rel=\"noopener noreferrer\"><img loading=\"lazy\" decoding=\"async\" class=\"aligncenter size-full wp-image-9010\" src=\"https:\/\/www.tecowash.com\/tecowash18\/wp-content\/uploads\/2019\/10\/pdf_logo_B.png\" alt=\"\" width=\"250\" height=\"121\" srcset=\"https:\/\/www.tecowash.com\/tecowash18\/wp-content\/uploads\/2019\/10\/pdf_logo_B.png 250w, https:\/\/www.tecowash.com\/tecowash18\/wp-content\/uploads\/2019\/10\/pdf_logo_B-24x12.png 24w, https:\/\/www.tecowash.com\/tecowash18\/wp-content\/uploads\/2019\/10\/pdf_logo_B-36x17.png 36w, https:\/\/www.tecowash.com\/tecowash18\/wp-content\/uploads\/2019\/10\/pdf_logo_B-48x23.png 48w\" sizes=\"(max-width: 250px) 100vw, 250px\" \/><\/a><\/p>\n<p>&nbsp;<\/p>\n<iframe loading=\"lazy\"  id=\"_ytid_40217\"  width=\"980\" height=\"551\"  data-origwidth=\"980\" data-origheight=\"551\" src=\"https:\/\/www.youtube.com\/embed\/dCZ8kepxqtc?enablejsapi=1&autoplay=0&cc_load_policy=0&cc_lang_pref=&iv_load_policy=1&loop=0&modestbranding=0&rel=1&fs=1&playsinline=0&autohide=2&theme=dark&color=red&controls=1&\" class=\"__youtube_prefs__  no-lazyload\" title=\"YouTube player\"  allow=\"fullscreen; accelerometer; autoplay; clipboard-write; encrypted-media; gyroscope; picture-in-picture\" allowfullscreen data-no-lazy=\"1\" data-skipgform_ajax_framebjll=\"\"><\/iframe>\n<p>&nbsp;<\/p>\n<\/div>\n<\/div>\n<\/div>\n<\/div>\n<p><strong><span style=\"font-size: 18pt\"><span style=\"color: #000000\">PULVERIZADOR INDUSTRY ERGO<\/span> <span style=\"color: #99cc00\">2L ALCALINOS .<\/span><\/span><\/strong><\/p>\n<p><span style=\"color: #000000\"><strong>Referencia:<\/strong> In2000E &#8211; <strong>Pulverizador de 2 litros para ALCALINOS (Desengrasantes).<\/strong><\/span><br \/>\n<span style=\"color: #000000\">Pulverizador resistente a los \u00e1cidos, ligero y manejable. La boquilla ajustable le permite obtener un \u00e1ngulo de pulverizaci\u00f3n diferente. <\/span><br \/>\n<span style=\"color: #000000\">Funcionan en cualquier posici\u00f3n incluso boca a bajo.<\/span><\/p>\n<p><a href=\"https:\/\/www.tecowash.com\/tecowash18\/wp-content\/uploads\/2019\/10\/In2000E_Pulverizador_BX.jpg\"><img loading=\"lazy\" decoding=\"async\" class=\"aligncenter wp-image-8869 size-full\" src=\"https:\/\/www.tecowash.com\/tecowash18\/wp-content\/uploads\/2019\/10\/In2000E_Pulverizador_BX.jpg\" alt=\"\" width=\"850\" height=\"400\" srcset=\"https:\/\/www.tecowash.com\/tecowash18\/wp-content\/uploads\/2019\/10\/In2000E_Pulverizador_BX.jpg 850w, https:\/\/www.tecowash.com\/tecowash18\/wp-content\/uploads\/2019\/10\/In2000E_Pulverizador_BX-416x196.jpg 416w, https:\/\/www.tecowash.com\/tecowash18\/wp-content\/uploads\/2019\/10\/In2000E_Pulverizador_BX-300x141.jpg 300w, https:\/\/www.tecowash.com\/tecowash18\/wp-content\/uploads\/2019\/10\/In2000E_Pulverizador_BX-768x361.jpg 768w, https:\/\/www.tecowash.com\/tecowash18\/wp-content\/uploads\/2019\/10\/In2000E_Pulverizador_BX-600x282.jpg 600w, https:\/\/www.tecowash.com\/tecowash18\/wp-content\/uploads\/2019\/10\/In2000E_Pulverizador_BX-24x11.jpg 24w, https:\/\/www.tecowash.com\/tecowash18\/wp-content\/uploads\/2019\/10\/In2000E_Pulverizador_BX-36x17.jpg 36w, https:\/\/www.tecowash.com\/tecowash18\/wp-content\/uploads\/2019\/10\/In2000E_Pulverizador_BX-48x23.jpg 48w\" sizes=\"(max-width: 850px) 100vw, 850px\" \/><\/a><\/p>\n<p>&nbsp;<\/p>\n","protected":false},"excerpt":{"rendered":"<p>&nbsp; &nbsp; PULVERIZADOR INDUSTRY ERGO 2L ALCALINOS . Referencia: In2000E &#8211; Pulverizador de 2 litros para ALCALINOS (Desengrasantes). Pulverizador resistente a los \u00e1cidos, ligero y manejable. La boquilla ajustable le permite obtener un \u00e1ngulo de pulverizaci\u00f3n diferente. Funcionan en cualquier posici\u00f3n incluso boca a bajo. &nbsp;<\/p>\n","protected":false},"featured_media":8870,"template":"","meta":[],"product_cat":[96,160],"product_tag":[],"class_list":["post-8849","product","type-product","status-publish","has-post-thumbnail","hentry","product_cat-maquinaria-de-lavado-manual","product_cat-pulverizadores"],"publishpress_future_workflow_manual_trigger":{"enabledWorkflows":[]},"_links":{"self":[{"href":"https:\/\/www.tecowash.com\/tecowash18\/wp-json\/wp\/v2\/product\/8849"}],"collection":[{"href":"https:\/\/www.tecowash.com\/tecowash18\/wp-json\/wp\/v2\/product"}],"about":[{"href":"https:\/\/www.tecowash.com\/tecowash18\/wp-json\/wp\/v2\/types\/product"}],"wp:featuredmedia":[{"embeddable":true,"href":"https:\/\/www.tecowash.com\/tecowash18\/wp-json\/wp\/v2\/media\/8870"}],"wp:attachment":[{"href":"https:\/\/www.tecowash.com\/tecowash18\/wp-json\/wp\/v2\/media?parent=8849"}],"wp:term":[{"taxonomy":"product_cat","embeddable":true,"href":"https:\/\/www.tecowash.com\/tecowash18\/wp-json\/wp\/v2\/product_cat?post=8849"},{"taxonomy":"product_tag","embeddable":true,"href":"https:\/\/www.tecowash.com\/tecowash18\/wp-json\/wp\/v2\/product_tag?post=8849"}],"curies":[{"name":"wp","href":"https:\/\/api.w.org\/{rel}","templated":true}]}}