{"id":8844,"date":"2019-10-08T17:14:42","date_gmt":"2019-10-08T15:14:42","guid":{"rendered":"https:\/\/www.tecowash.com\/tecowash18\/?post_type=product&#038;p=8844"},"modified":"2024-03-07T11:46:44","modified_gmt":"2024-03-07T10:46:44","slug":"pulverizador-industry-ergo-2l-juntas-viton-para-acidos","status":"publish","type":"product","link":"https:\/\/www.tecowash.com\/tecowash18\/producto\/pulverizador-industry-ergo-2l-juntas-viton-para-acidos\/","title":{"rendered":"PULVERIZADOR INDUSTRY ERGO 2L para \u00c1CIDOS"},"content":{"rendered":"<div class=\"page\" title=\"Page 82\">\n<div class=\"section\">\n<div class=\"layoutArea\">\n<div class=\"column\">\n<p><a href=\"https:\/\/www.tecowash.com\/tecowash18\/wp-content\/uploads\/2018\/07\/Pulverizadores_tecowash_spain_2021.pdf\" target=\"_blank\" rel=\"noopener noreferrer\"><img loading=\"lazy\" decoding=\"async\" class=\"aligncenter size-full wp-image-9010\" src=\"https:\/\/www.tecowash.com\/tecowash18\/wp-content\/uploads\/2019\/10\/pdf_logo_B.png\" alt=\"\" width=\"250\" height=\"121\" srcset=\"https:\/\/www.tecowash.com\/tecowash18\/wp-content\/uploads\/2019\/10\/pdf_logo_B.png 250w, https:\/\/www.tecowash.com\/tecowash18\/wp-content\/uploads\/2019\/10\/pdf_logo_B-24x12.png 24w, https:\/\/www.tecowash.com\/tecowash18\/wp-content\/uploads\/2019\/10\/pdf_logo_B-36x17.png 36w, https:\/\/www.tecowash.com\/tecowash18\/wp-content\/uploads\/2019\/10\/pdf_logo_B-48x23.png 48w\" sizes=\"(max-width: 250px) 100vw, 250px\" \/><\/a><\/p>\n<\/div>\n<\/div>\n<\/div>\n<\/div>\n<p>&nbsp;<\/p>\n<iframe loading=\"lazy\"  id=\"_ytid_61379\"  width=\"980\" height=\"551\"  data-origwidth=\"980\" data-origheight=\"551\" src=\"https:\/\/www.youtube.com\/embed\/dCZ8kepxqtc?enablejsapi=1&autoplay=0&cc_load_policy=0&cc_lang_pref=&iv_load_policy=1&loop=0&modestbranding=0&rel=1&fs=1&playsinline=0&autohide=2&theme=dark&color=red&controls=1&\" class=\"__youtube_prefs__  no-lazyload\" title=\"YouTube player\"  allow=\"fullscreen; accelerometer; autoplay; clipboard-write; encrypted-media; gyroscope; picture-in-picture\" allowfullscreen data-no-lazy=\"1\" data-skipgform_ajax_framebjll=\"\"><\/iframe>\n<p><strong><span style=\"font-size: 18pt;\"><span style=\"color: #000000;\">PULVERIZADOR INDUSTRY ERGO<\/span> <span style=\"color: #99cc00;\">2L \u00c1CIDOS<\/span><\/span><\/strong><\/p>\n<p><span style=\"color: #000000;\"><strong>Referencia:<\/strong> In2000 &#8211; <strong>Pulverizador de 2 litros para \u00c1CIDOS (Desincrustantes)<\/strong>.<\/span><br \/>\n<span style=\"color: #000000;\">Pulverizador resistente a los \u00e1cidos, ligero y manejable. La boquilla ajustable le permite obtener un \u00e1ngulo de pulverizaci\u00f3n diferente. <\/span><br \/>\n<span style=\"color: #000000;\">Funcionan en cualquier posici\u00f3n incluso boca abajo.<\/span><\/p>\n<p><a href=\"https:\/\/www.tecowash.com\/tecowash18\/wp-content\/uploads\/2019\/10\/In2000_Pulverizador_X.jpg\"><img loading=\"lazy\" decoding=\"async\" class=\"aligncenter wp-image-8867 size-full\" src=\"https:\/\/www.tecowash.com\/tecowash18\/wp-content\/uploads\/2019\/10\/In2000_Pulverizador_X.jpg\" alt=\"\" width=\"850\" height=\"400\" srcset=\"https:\/\/www.tecowash.com\/tecowash18\/wp-content\/uploads\/2019\/10\/In2000_Pulverizador_X.jpg 850w, https:\/\/www.tecowash.com\/tecowash18\/wp-content\/uploads\/2019\/10\/In2000_Pulverizador_X-416x196.jpg 416w, https:\/\/www.tecowash.com\/tecowash18\/wp-content\/uploads\/2019\/10\/In2000_Pulverizador_X-300x141.jpg 300w, https:\/\/www.tecowash.com\/tecowash18\/wp-content\/uploads\/2019\/10\/In2000_Pulverizador_X-768x361.jpg 768w, https:\/\/www.tecowash.com\/tecowash18\/wp-content\/uploads\/2019\/10\/In2000_Pulverizador_X-600x282.jpg 600w, https:\/\/www.tecowash.com\/tecowash18\/wp-content\/uploads\/2019\/10\/In2000_Pulverizador_X-24x11.jpg 24w, https:\/\/www.tecowash.com\/tecowash18\/wp-content\/uploads\/2019\/10\/In2000_Pulverizador_X-36x17.jpg 36w, https:\/\/www.tecowash.com\/tecowash18\/wp-content\/uploads\/2019\/10\/In2000_Pulverizador_X-48x23.jpg 48w\" sizes=\"(max-width: 850px) 100vw, 850px\" \/><\/a><\/p>\n<p>&nbsp;<\/p>\n","protected":false},"excerpt":{"rendered":"<p>&nbsp; PULVERIZADOR INDUSTRY ERGO 2L \u00c1CIDOS Referencia: In2000 &#8211; Pulverizador de 2 litros para \u00c1CIDOS (Desincrustantes). Pulverizador resistente a los \u00e1cidos, ligero y manejable. La boquilla ajustable le permite obtener un \u00e1ngulo de pulverizaci\u00f3n diferente. Funcionan en cualquier posici\u00f3n incluso boca abajo. &nbsp;<\/p>\n","protected":false},"featured_media":8868,"template":"","meta":[],"product_cat":[96,160],"product_tag":[],"class_list":["post-8844","product","type-product","status-publish","has-post-thumbnail","hentry","product_cat-maquinaria-de-lavado-manual","product_cat-pulverizadores"],"publishpress_future_workflow_manual_trigger":{"enabledWorkflows":[]},"_links":{"self":[{"href":"https:\/\/www.tecowash.com\/tecowash18\/wp-json\/wp\/v2\/product\/8844"}],"collection":[{"href":"https:\/\/www.tecowash.com\/tecowash18\/wp-json\/wp\/v2\/product"}],"about":[{"href":"https:\/\/www.tecowash.com\/tecowash18\/wp-json\/wp\/v2\/types\/product"}],"wp:featuredmedia":[{"embeddable":true,"href":"https:\/\/www.tecowash.com\/tecowash18\/wp-json\/wp\/v2\/media\/8868"}],"wp:attachment":[{"href":"https:\/\/www.tecowash.com\/tecowash18\/wp-json\/wp\/v2\/media?parent=8844"}],"wp:term":[{"taxonomy":"product_cat","embeddable":true,"href":"https:\/\/www.tecowash.com\/tecowash18\/wp-json\/wp\/v2\/product_cat?post=8844"},{"taxonomy":"product_tag","embeddable":true,"href":"https:\/\/www.tecowash.com\/tecowash18\/wp-json\/wp\/v2\/product_tag?post=8844"}],"curies":[{"name":"wp","href":"https:\/\/api.w.org\/{rel}","templated":true}]}}