{"id":8281,"date":"2019-06-28T10:44:03","date_gmt":"2019-06-28T08:44:03","guid":{"rendered":"https:\/\/www.tecowash.com\/tecowash18\/?post_type=product&#038;p=8281"},"modified":"2023-06-29T09:47:07","modified_gmt":"2023-06-29T07:47:07","slug":"kit-limpia-moquetas","status":"publish","type":"product","link":"https:\/\/www.tecowash.com\/tecowash18\/producto\/kit-limpia-moquetas\/","title":{"rendered":"KIT LIMPIA MOQUETAS"},"content":{"rendered":"<p><a href=\"https:\/\/www.tecowash.com\/tecowash18\/wp-content\/uploads\/2018\/07\/RECAMBIOS_ASPIRADOR_tecowash_spain_jun_23.pdf\" target=\"_blank\" rel=\"noopener noreferrer\"><img loading=\"lazy\" decoding=\"async\" class=\"aligncenter size-full wp-image-9010\" src=\"https:\/\/www.tecowash.com\/tecowash18\/wp-content\/uploads\/2019\/10\/pdf_logo_B.png\" alt=\"\" width=\"250\" height=\"121\" srcset=\"https:\/\/www.tecowash.com\/tecowash18\/wp-content\/uploads\/2019\/10\/pdf_logo_B.png 250w, https:\/\/www.tecowash.com\/tecowash18\/wp-content\/uploads\/2019\/10\/pdf_logo_B-24x12.png 24w, https:\/\/www.tecowash.com\/tecowash18\/wp-content\/uploads\/2019\/10\/pdf_logo_B-36x17.png 36w, https:\/\/www.tecowash.com\/tecowash18\/wp-content\/uploads\/2019\/10\/pdf_logo_B-48x23.png 48w\" sizes=\"(max-width: 250px) 100vw, 250px\" \/><\/a><\/p>\n<p><strong><span style=\"font-size: 18pt;\"><span style=\"color: #000000;\">KIT DE ASPIRACION<\/span> <span style=\"color: #99cc00;\">LIMPIA <\/span><\/span><span style=\"color: #99cc00;\"><span style=\"font-size: 18pt;\">SUELOS<\/span><\/span><\/strong><\/p>\n<p><span style=\"color: #000000;\"><strong>Referencia:<\/strong> TEC0026.<\/span><\/p>\n<p><span style=\"color: #000000;\">Kit limpia moquetas, para obtener los mejores resultados de limpieza, independientemente <\/span><br \/>\n<span style=\"color: #000000;\">de si la suciedad es seca, h\u00fameda, fina o gruesa est\u00e1 compuesto de boquilla para suelos <\/span><br \/>\n<span style=\"color: #000000;\">y alfombra (inserci\u00f3n), 2 unidades de tubo de aspiraci\u00f3n met\u00e1lico de 64 cms <\/span><br \/>\n<span style=\"color: #000000;\">de largo y di\u00e1metro de 40 mm.<\/span><\/p>\n<p><a href=\"https:\/\/www.tecowash.com\/tecowash18\/wp-content\/uploads\/2019\/06\/TEC0026_Bis_Tecowash.jpg\"><img loading=\"lazy\" decoding=\"async\" class=\"size-full wp-image-8283 aligncenter\" src=\"https:\/\/www.tecowash.com\/tecowash18\/wp-content\/uploads\/2019\/06\/TEC0026_Bis_Tecowash.jpg\" alt=\"\" width=\"992\" height=\"454\" srcset=\"https:\/\/www.tecowash.com\/tecowash18\/wp-content\/uploads\/2019\/06\/TEC0026_Bis_Tecowash.jpg 992w, https:\/\/www.tecowash.com\/tecowash18\/wp-content\/uploads\/2019\/06\/TEC0026_Bis_Tecowash-416x190.jpg 416w, https:\/\/www.tecowash.com\/tecowash18\/wp-content\/uploads\/2019\/06\/TEC0026_Bis_Tecowash-300x137.jpg 300w, https:\/\/www.tecowash.com\/tecowash18\/wp-content\/uploads\/2019\/06\/TEC0026_Bis_Tecowash-768x351.jpg 768w, https:\/\/www.tecowash.com\/tecowash18\/wp-content\/uploads\/2019\/06\/TEC0026_Bis_Tecowash-600x275.jpg 600w, https:\/\/www.tecowash.com\/tecowash18\/wp-content\/uploads\/2019\/06\/TEC0026_Bis_Tecowash-24x11.jpg 24w, https:\/\/www.tecowash.com\/tecowash18\/wp-content\/uploads\/2019\/06\/TEC0026_Bis_Tecowash-36x16.jpg 36w, https:\/\/www.tecowash.com\/tecowash18\/wp-content\/uploads\/2019\/06\/TEC0026_Bis_Tecowash-48x22.jpg 48w\" sizes=\"(max-width: 992px) 100vw, 992px\" \/><\/a><\/p>\n","protected":false},"excerpt":{"rendered":"<p>KIT DE ASPIRACION LIMPIA SUELOS Referencia: TEC0026. Kit limpia moquetas, para obtener los mejores resultados de limpieza, independientemente de si la suciedad es seca, h\u00fameda, fina o gruesa est\u00e1 compuesto de boquilla para suelos y alfombra (inserci\u00f3n), 2 unidades de tubo de aspiraci\u00f3n met\u00e1lico de 64 cms de largo y di\u00e1metro de 40 mm.<\/p>\n","protected":false},"featured_media":8282,"template":"","meta":[],"product_cat":[174,181],"product_tag":[],"class_list":["post-8281","product","type-product","status-publish","has-post-thumbnail","hentry","product_cat-recambios-carwash","product_cat-recambios-aspirador"],"publishpress_future_workflow_manual_trigger":{"enabledWorkflows":[]},"_links":{"self":[{"href":"https:\/\/www.tecowash.com\/tecowash18\/wp-json\/wp\/v2\/product\/8281"}],"collection":[{"href":"https:\/\/www.tecowash.com\/tecowash18\/wp-json\/wp\/v2\/product"}],"about":[{"href":"https:\/\/www.tecowash.com\/tecowash18\/wp-json\/wp\/v2\/types\/product"}],"wp:featuredmedia":[{"embeddable":true,"href":"https:\/\/www.tecowash.com\/tecowash18\/wp-json\/wp\/v2\/media\/8282"}],"wp:attachment":[{"href":"https:\/\/www.tecowash.com\/tecowash18\/wp-json\/wp\/v2\/media?parent=8281"}],"wp:term":[{"taxonomy":"product_cat","embeddable":true,"href":"https:\/\/www.tecowash.com\/tecowash18\/wp-json\/wp\/v2\/product_cat?post=8281"},{"taxonomy":"product_tag","embeddable":true,"href":"https:\/\/www.tecowash.com\/tecowash18\/wp-json\/wp\/v2\/product_tag?post=8281"}],"curies":[{"name":"wp","href":"https:\/\/api.w.org\/{rel}","templated":true}]}}