{"id":7948,"date":"2019-05-02T10:39:37","date_gmt":"2019-05-02T08:39:37","guid":{"rendered":"https:\/\/www.tecowash.com\/tecowash18\/?post_type=product&#038;p=7948"},"modified":"2020-09-18T09:54:41","modified_gmt":"2020-09-18T07:54:41","slug":"oferta-lijadorapuliodra","status":"publish","type":"product","link":"https:\/\/www.tecowash.com\/tecowash18\/producto\/oferta-lijadorapuliodra\/","title":{"rendered":"\u00abOFERTA\u00bb LIJADORA&amp;PULIDORA"},"content":{"rendered":"<p><strong><span style=\"font-size: 18pt\"><span style=\"color: #000000\">PULIDORA Y LIJADORA<\/span><span style=\"color: #99cc00\"> PARA \u00d3PTICAS<\/span><\/span><\/strong><\/p>\n<p><span style=\"color: #000000\"><strong>Referencia:<\/strong> AT-1500 &#8211; <strong>Lijadora&amp; Pulidora para \u00d3pticas.<\/strong><\/span><br \/>\n<span style=\"color: #000000\"><strong>Caracter\u00edsticas:<\/strong><\/span><br \/>\n<span style=\"color: #000000\">M\u00e1quina Pulidora y lijadora neuma\u0301tica para o\u0301pticas. <\/span><br \/>\n<span style=\"color: #000000\"><strong>Velocidad m\u00e1xima:<\/strong> 15.000 rpm.<\/span><br \/>\n<span style=\"color: #000000\"><strong>Entrada de aire:<\/strong> 1\/4&#8243; &#8211; 18NPT.<\/span><br \/>\n<span style=\"color: #000000\"><strong>Peso neto:<\/strong> 1 Kgs.<\/span><br \/>\n<span style=\"color: #000000\"><strong>Tama\u00f1o de disco:<\/strong> 2&#8243; &#8211; 3&#8243;.<\/span><br \/>\n<span style=\"color: #000000\"><strong>Longitud total:<\/strong> 160 mm.<\/span><\/p>\n<p><img loading=\"lazy\" decoding=\"async\" class=\"alignleft wp-image-7963 size-full\" src=\"https:\/\/www.tecowash.com\/tecowash18\/wp-content\/uploads\/2019\/05\/Promo_Lijadora_Pulidora_tecowash_B.jpg\" alt=\"\" width=\"842\" height=\"567\" srcset=\"https:\/\/www.tecowash.com\/tecowash18\/wp-content\/uploads\/2019\/05\/Promo_Lijadora_Pulidora_tecowash_B.jpg 842w, https:\/\/www.tecowash.com\/tecowash18\/wp-content\/uploads\/2019\/05\/Promo_Lijadora_Pulidora_tecowash_B-416x280.jpg 416w, https:\/\/www.tecowash.com\/tecowash18\/wp-content\/uploads\/2019\/05\/Promo_Lijadora_Pulidora_tecowash_B-300x202.jpg 300w, https:\/\/www.tecowash.com\/tecowash18\/wp-content\/uploads\/2019\/05\/Promo_Lijadora_Pulidora_tecowash_B-768x517.jpg 768w, https:\/\/www.tecowash.com\/tecowash18\/wp-content\/uploads\/2019\/05\/Promo_Lijadora_Pulidora_tecowash_B-600x404.jpg 600w, https:\/\/www.tecowash.com\/tecowash18\/wp-content\/uploads\/2019\/05\/Promo_Lijadora_Pulidora_tecowash_B-24x16.jpg 24w, https:\/\/www.tecowash.com\/tecowash18\/wp-content\/uploads\/2019\/05\/Promo_Lijadora_Pulidora_tecowash_B-36x24.jpg 36w, https:\/\/www.tecowash.com\/tecowash18\/wp-content\/uploads\/2019\/05\/Promo_Lijadora_Pulidora_tecowash_B-48x32.jpg 48w, https:\/\/www.tecowash.com\/tecowash18\/wp-content\/uploads\/2019\/05\/Promo_Lijadora_Pulidora_tecowash_B-272x182.jpg 272w\" sizes=\"(max-width: 842px) 100vw, 842px\" \/><\/p>\n","protected":false},"excerpt":{"rendered":"<p>PULIDORA Y LIJADORA PARA \u00d3PTICAS Referencia: AT-1500 &#8211; Lijadora&amp; Pulidora para \u00d3pticas. Caracter\u00edsticas: M\u00e1quina Pulidora y lijadora neuma\u0301tica para o\u0301pticas. Velocidad m\u00e1xima: 15.000 rpm. Entrada de aire: 1\/4&#8243; &#8211; 18NPT. Peso neto: 1 Kgs. Tama\u00f1o de disco: 2&#8243; &#8211; 3&#8243;. Longitud total: 160 mm.<\/p>\n","protected":false},"featured_media":7949,"template":"","meta":[],"product_cat":[171,173],"product_tag":[],"class_list":["post-7948","product","type-product","status-publish","has-post-thumbnail","hentry","product_cat-pulimentos-carroceria-y-opticas","product_cat-maquinaria"],"publishpress_future_workflow_manual_trigger":{"enabledWorkflows":[]},"_links":{"self":[{"href":"https:\/\/www.tecowash.com\/tecowash18\/wp-json\/wp\/v2\/product\/7948"}],"collection":[{"href":"https:\/\/www.tecowash.com\/tecowash18\/wp-json\/wp\/v2\/product"}],"about":[{"href":"https:\/\/www.tecowash.com\/tecowash18\/wp-json\/wp\/v2\/types\/product"}],"wp:featuredmedia":[{"embeddable":true,"href":"https:\/\/www.tecowash.com\/tecowash18\/wp-json\/wp\/v2\/media\/7949"}],"wp:attachment":[{"href":"https:\/\/www.tecowash.com\/tecowash18\/wp-json\/wp\/v2\/media?parent=7948"}],"wp:term":[{"taxonomy":"product_cat","embeddable":true,"href":"https:\/\/www.tecowash.com\/tecowash18\/wp-json\/wp\/v2\/product_cat?post=7948"},{"taxonomy":"product_tag","embeddable":true,"href":"https:\/\/www.tecowash.com\/tecowash18\/wp-json\/wp\/v2\/product_tag?post=7948"}],"curies":[{"name":"wp","href":"https:\/\/api.w.org\/{rel}","templated":true}]}}