{"id":6993,"date":"2019-02-11T11:58:43","date_gmt":"2019-02-11T10:58:43","guid":{"rendered":"https:\/\/www.tecowash.com\/tecowash18\/?post_type=product&#038;p=6993"},"modified":"2024-09-18T08:53:40","modified_gmt":"2024-09-18T06:53:40","slug":"aspiracion-centralizada-de-monedas","status":"publish","type":"product","link":"https:\/\/www.tecowash.com\/tecowash18\/producto\/aspiracion-centralizada-de-monedas\/","title":{"rendered":"ASPIRACI\u00d3N CENTRALIZADA DE MONEDAS"},"content":{"rendered":"<p><a href=\"https:\/\/www.tecowash.com\/tecowash18\/wp-content\/uploads\/2019\/10\/MONEDEROS_tecowash_sep_2024.pdf\" target=\"_blank\" rel=\"noopener noreferrer\"><img loading=\"lazy\" decoding=\"async\" class=\"aligncenter size-full wp-image-9010\" src=\"https:\/\/www.tecowash.com\/tecowash18\/wp-content\/uploads\/2019\/10\/pdf_logo_B.png\" alt=\"\" width=\"250\" height=\"121\" srcset=\"https:\/\/www.tecowash.com\/tecowash18\/wp-content\/uploads\/2019\/10\/pdf_logo_B.png 250w, https:\/\/www.tecowash.com\/tecowash18\/wp-content\/uploads\/2019\/10\/pdf_logo_B-24x12.png 24w, https:\/\/www.tecowash.com\/tecowash18\/wp-content\/uploads\/2019\/10\/pdf_logo_B-36x17.png 36w, https:\/\/www.tecowash.com\/tecowash18\/wp-content\/uploads\/2019\/10\/pdf_logo_B-48x23.png 48w\" sizes=\"(max-width: 250px) 100vw, 250px\" \/><\/a><\/p>\n<p><strong><span style=\"font-size: 18pt;\"><span style=\"color: #000000;\">ASPIRACI\u00d3N<\/span> <span style=\"color: #99cc00;\">CENTRALIZADA DE MONEDAS<\/span><\/span><\/strong><\/p>\n<p><span style=\"color: #000000;\"><strong>Referencia: ASPMON.-\u00a0ASPIRACI\u00d3N CENTRALIZADA DE MONEDAS.<\/strong><\/span><\/p>\n<p><span style=\"color: #000000;\"><strong>Referencia:<\/strong> ASPMON-2\/3480. Aspiraci\u00f3n centralizada de monedas en 2 puntos.\u00a0 \u00a0 <span style=\"color: #ff0000;\"><strong>P.V. 3.200,00 \u20ac<\/strong><\/span><\/span><br \/>\n<span style=\"color: #000000;\"><strong>Referencia:<\/strong> ASPMON-3\/3500. Aspiraci\u00f3n centralizada de monedas en 3 puntos.\u00a0 \u00a0<span style=\"color: #ff0000;\"><strong> P.V.4.350,00 \u20ac<\/strong><\/span><\/span><br \/>\n<span style=\"color: #000000;\"><strong>Referencia:<\/strong> ASPMON-4\/3580. Aspiraci\u00f3n centralizada de monedas en 4 puntos.\u00a0 \u00a0 <span style=\"color: #ff0000;\"><strong>P.V.5.115,00 \u20ac<\/strong><\/span><\/span><br \/>\n<span style=\"color: #000000;\"><strong>Referencia:<\/strong> ASPMON-5\/3670. Aspiraci\u00f3n centralizada de monedas en 5 puntos.\u00a0 \u00a0 <strong><span style=\"color: #ff0000;\">P.V.5.245,00 \u20ac<\/span><\/strong><\/span><br \/>\n<span style=\"color: #000000;\"><strong>Referencia:<\/strong> ASPMON-6\/3760. Aspiraci\u00f3n centralizada de monedas en 6 puntos.\u00a0 \u00a0 <strong><span style=\"color: #ff0000;\">P.V. 5.375,00 \u20ac<\/span><\/strong><\/span><br \/>\n<span style=\"color: #000000;\"><strong>Referencia:<\/strong> ASPMON-7\/3840. Aspiraci\u00f3n centralizada de monedas en 7 puntos.\u00a0 \u00a0 <strong><span style=\"color: #ff0000;\">P.V. 5.490,00 \u20ac<\/span><\/strong><\/span><br \/>\n<span style=\"color: #000000;\"><strong>Referencia:<\/strong> ASPMON-8\/3925. Aspiraci\u00f3n centralizada de monedas en 8 puntos.\u00a0 \u00a0 <strong><span style=\"color: #ff0000;\">P.V. 5.610,00 \u20ac<\/span><\/strong><\/span><br \/>\n<span style=\"color: #000000;\"><strong>Referencia:<\/strong> ASPMON-9\/4010. Aspiraci\u00f3n centralizada de monedas en 9 puntos.\u00a0 \u00a0 <strong><span style=\"color: #ff0000;\">P.V. 5.730,00 \u20ac<\/span><\/strong><\/span><br \/>\n<span style=\"color: #000000;\"><strong>Referencia:<\/strong> ASPMON-10\/4100.Aspiraci\u00f3n centralizada de monedas en 10 puntos. <strong><span style=\"color: #ff0000;\">P.V. 5.860,00 \u20ac<\/span><\/strong><\/span><br \/>\n<span style=\"color: #000000;\"><strong>Referencia:<\/strong> ASPMON-11\/4200.Aspiraci\u00f3n centralizada de monedas en 11 puntos.\u00a0<strong><span style=\"color: #ff0000;\"> P.V. 6.000,00 \u20ac<\/span><\/strong><\/span><\/p>\n<p>\n<span style=\"color: #000000;\">Sistema de aspiraci\u00f3n centralizada de monedas conectado al caj\u00f3n monedero de cada pista trasladando todas las monedas a la caja fuerte separ\u00e1ndolas individualmente por pista, facilitando la contabilidad, evitando robos y que nadie vea lo que recaudamos. Este sistema tiene que prepararse antes de realizar la obra civil. Recogida de monedas o fichas, desde 2 puntos hasta 11 puntos (pistas de lavado, aspiradores, etc). <\/span><br \/>\n<span style=\"color: #000000;\">Aspiraci\u00f3n de hasta 100 m de distancia, esta separa la contabilidad pista por pista. <\/span><\/p>\n<p><span style=\"color: #000000;\">-Aspiraci\u00f3n de monedas subterr\u00e1neo por tubos de polietileno de 50mm \u00d8, precisa obra civil y toma el\u00e9ctrica.<\/span><br \/>\n<span style=\"color: #000000;\">-Aspiraci\u00f3n de monedas a\u00e9reo por tubos de 50mm \u00d8, No precisa obra civil, precisa toma el\u00e9ctrica.<\/span><\/p>\n<p>\n<span style=\"color: #000000;\"><strong>Medidas:<\/strong> 130 cm alto x 70 cm ancho x 70 cm fondo<\/span><\/p>\n<p><a href=\"https:\/\/www.tecowash.com\/tecowash18\/wp-content\/uploads\/2019\/02\/aspiracion_monedas_centralizada.png\"><img loading=\"lazy\" decoding=\"async\" class=\"alignleft size-full wp-image-17003\" src=\"https:\/\/www.tecowash.com\/tecowash18\/wp-content\/uploads\/2019\/02\/aspiracion_monedas_centralizada.png\" alt=\"\" width=\"629\" height=\"509\" srcset=\"https:\/\/www.tecowash.com\/tecowash18\/wp-content\/uploads\/2019\/02\/aspiracion_monedas_centralizada.png 629w, https:\/\/www.tecowash.com\/tecowash18\/wp-content\/uploads\/2019\/02\/aspiracion_monedas_centralizada-416x337.png 416w, https:\/\/www.tecowash.com\/tecowash18\/wp-content\/uploads\/2019\/02\/aspiracion_monedas_centralizada-300x243.png 300w, https:\/\/www.tecowash.com\/tecowash18\/wp-content\/uploads\/2019\/02\/aspiracion_monedas_centralizada-600x486.png 600w, https:\/\/www.tecowash.com\/tecowash18\/wp-content\/uploads\/2019\/02\/aspiracion_monedas_centralizada-24x19.png 24w, https:\/\/www.tecowash.com\/tecowash18\/wp-content\/uploads\/2019\/02\/aspiracion_monedas_centralizada-36x29.png 36w, https:\/\/www.tecowash.com\/tecowash18\/wp-content\/uploads\/2019\/02\/aspiracion_monedas_centralizada-48x39.png 48w\" sizes=\"(max-width: 629px) 100vw, 629px\" \/><\/a><\/p>\n<p>&nbsp;<\/p>\n<p>&nbsp;<\/p>\n","protected":false},"excerpt":{"rendered":"<p>ASPIRACI\u00d3N CENTRALIZADA DE MONEDAS Referencia: ASPMON.-\u00a0ASPIRACI\u00d3N CENTRALIZADA DE MONEDAS. Referencia: ASPMON-2\/3480. Aspiraci\u00f3n centralizada de monedas en 2 puntos.\u00a0 \u00a0 P.V. 3.200,00 \u20ac Referencia: ASPMON-3\/3500. Aspiraci\u00f3n centralizada de monedas en 3 puntos.\u00a0 \u00a0 P.V.4.350,00 \u20ac Referencia: ASPMON-4\/3580. Aspiraci\u00f3n centralizada de monedas en 4 puntos.\u00a0 \u00a0 P.V.5.115,00 \u20ac Referencia: ASPMON-5\/3670. Aspiraci\u00f3n centralizada de monedas en 5 puntos.\u00a0 [&hellip;]<\/p>\n","protected":false},"featured_media":17002,"template":"","meta":[],"product_cat":[174,182,192,196],"product_tag":[],"class_list":["post-6993","product","type-product","status-publish","has-post-thumbnail","hentry","product_cat-recambios-carwash","product_cat-monederos-y-recambios-electronicos","product_cat-instalaciones-de-lavado","product_cat-complementos-de-autoservicio"],"publishpress_future_workflow_manual_trigger":{"enabledWorkflows":[]},"_links":{"self":[{"href":"https:\/\/www.tecowash.com\/tecowash18\/wp-json\/wp\/v2\/product\/6993"}],"collection":[{"href":"https:\/\/www.tecowash.com\/tecowash18\/wp-json\/wp\/v2\/product"}],"about":[{"href":"https:\/\/www.tecowash.com\/tecowash18\/wp-json\/wp\/v2\/types\/product"}],"wp:featuredmedia":[{"embeddable":true,"href":"https:\/\/www.tecowash.com\/tecowash18\/wp-json\/wp\/v2\/media\/17002"}],"wp:attachment":[{"href":"https:\/\/www.tecowash.com\/tecowash18\/wp-json\/wp\/v2\/media?parent=6993"}],"wp:term":[{"taxonomy":"product_cat","embeddable":true,"href":"https:\/\/www.tecowash.com\/tecowash18\/wp-json\/wp\/v2\/product_cat?post=6993"},{"taxonomy":"product_tag","embeddable":true,"href":"https:\/\/www.tecowash.com\/tecowash18\/wp-json\/wp\/v2\/product_tag?post=6993"}],"curies":[{"name":"wp","href":"https:\/\/api.w.org\/{rel}","templated":true}]}}