{"id":6078,"date":"2019-01-17T19:04:08","date_gmt":"2019-01-17T18:04:08","guid":{"rendered":"https:\/\/www.tecowash.com\/tecowash18\/?post_type=product&#038;p=6078"},"modified":"2024-02-20T15:36:18","modified_gmt":"2024-02-20T14:36:18","slug":"valvula-anti-retorno","status":"publish","type":"product","link":"https:\/\/www.tecowash.com\/tecowash18\/producto\/valvula-anti-retorno\/","title":{"rendered":"V\u00c1LVULA ANTI RETORNO"},"content":{"rendered":"<p><a href=\"https:\/\/www.tecowash.com\/tecowash18\/wp-content\/uploads\/2018\/07\/Bombas_Dosificadoras_tecowash_spain_2024.pdf\" target=\"_blank\" rel=\"noopener noreferrer\"><img loading=\"lazy\" decoding=\"async\" class=\"aligncenter size-full wp-image-9010\" src=\"https:\/\/www.tecowash.com\/tecowash18\/wp-content\/uploads\/2019\/10\/pdf_logo_B.png\" alt=\"\" width=\"250\" height=\"121\" srcset=\"https:\/\/www.tecowash.com\/tecowash18\/wp-content\/uploads\/2019\/10\/pdf_logo_B.png 250w, https:\/\/www.tecowash.com\/tecowash18\/wp-content\/uploads\/2019\/10\/pdf_logo_B-24x12.png 24w, https:\/\/www.tecowash.com\/tecowash18\/wp-content\/uploads\/2019\/10\/pdf_logo_B-36x17.png 36w, https:\/\/www.tecowash.com\/tecowash18\/wp-content\/uploads\/2019\/10\/pdf_logo_B-48x23.png 48w\" sizes=\"(max-width: 250px) 100vw, 250px\" \/><\/a><\/p>\n<p><strong><span style=\"font-size: 18pt;\"><span style=\"color: #000000;\">V\u00c1LVULA<\/span> <span style=\"color: #99cc00;\">ANTI RETORNO<\/span><\/span><\/strong><\/p>\n<p><span style=\"color: #000000; font-size: 14pt;\"><strong>Referencia:<\/strong> 10001010401. V\u00e1lvula de Aspiraci\u00f3n Anti Retorno.<\/span><br \/>\n<span style=\"color: #000000;\">V\u00e1vula de aspiraci\u00f3n anti retorno para bombas dosificadoras TecoWash, de 1 l\/h. a 3, 4 l\/h.<\/span><\/p>\n","protected":false},"excerpt":{"rendered":"<p>V\u00c1LVULA ANTI RETORNO Referencia: 10001010401. V\u00e1lvula de Aspiraci\u00f3n Anti Retorno. V\u00e1vula de aspiraci\u00f3n anti retorno para bombas dosificadoras TecoWash, de 1 l\/h. a 3, 4 l\/h.<\/p>\n","protected":false},"featured_media":6079,"template":"","meta":[],"product_cat":[174,183],"product_tag":[],"class_list":["post-6078","product","type-product","status-publish","has-post-thumbnail","hentry","product_cat-recambios-carwash","product_cat-bombas-dosificadoras-y-recambios"],"publishpress_future_workflow_manual_trigger":{"enabledWorkflows":[]},"_links":{"self":[{"href":"https:\/\/www.tecowash.com\/tecowash18\/wp-json\/wp\/v2\/product\/6078"}],"collection":[{"href":"https:\/\/www.tecowash.com\/tecowash18\/wp-json\/wp\/v2\/product"}],"about":[{"href":"https:\/\/www.tecowash.com\/tecowash18\/wp-json\/wp\/v2\/types\/product"}],"wp:featuredmedia":[{"embeddable":true,"href":"https:\/\/www.tecowash.com\/tecowash18\/wp-json\/wp\/v2\/media\/6079"}],"wp:attachment":[{"href":"https:\/\/www.tecowash.com\/tecowash18\/wp-json\/wp\/v2\/media?parent=6078"}],"wp:term":[{"taxonomy":"product_cat","embeddable":true,"href":"https:\/\/www.tecowash.com\/tecowash18\/wp-json\/wp\/v2\/product_cat?post=6078"},{"taxonomy":"product_tag","embeddable":true,"href":"https:\/\/www.tecowash.com\/tecowash18\/wp-json\/wp\/v2\/product_tag?post=6078"}],"curies":[{"name":"wp","href":"https:\/\/api.w.org\/{rel}","templated":true}]}}