{"id":6075,"date":"2019-01-17T18:57:00","date_gmt":"2019-01-17T17:57:00","guid":{"rendered":"https:\/\/www.tecowash.com\/tecowash18\/?post_type=product&#038;p=6075"},"modified":"2022-03-08T16:16:13","modified_gmt":"2022-03-08T15:16:13","slug":"descalcificador-compact-3-0","status":"publish","type":"product","link":"https:\/\/www.tecowash.com\/tecowash18\/producto\/descalcificador-compact-3-0\/","title":{"rendered":"DESCALCIFICADOR COMPACT 3.0"},"content":{"rendered":"<p><a href=\"https:\/\/www.tecowash.com\/tecowash18\/wp-content\/uploads\/2019\/01\/DESCALCIFICADORES_tecowash_spain_mar_2022_D.pdf\" target=\"_blank\" rel=\"noopener noreferrer\"><img loading=\"lazy\" decoding=\"async\" class=\"aligncenter size-full wp-image-9010\" src=\"https:\/\/www.tecowash.com\/tecowash18\/wp-content\/uploads\/2019\/10\/pdf_logo_B.png\" alt=\"\" width=\"250\" height=\"121\" srcset=\"https:\/\/www.tecowash.com\/tecowash18\/wp-content\/uploads\/2019\/10\/pdf_logo_B.png 250w, https:\/\/www.tecowash.com\/tecowash18\/wp-content\/uploads\/2019\/10\/pdf_logo_B-24x12.png 24w, https:\/\/www.tecowash.com\/tecowash18\/wp-content\/uploads\/2019\/10\/pdf_logo_B-36x17.png 36w, https:\/\/www.tecowash.com\/tecowash18\/wp-content\/uploads\/2019\/10\/pdf_logo_B-48x23.png 48w\" sizes=\"(max-width: 250px) 100vw, 250px\" \/><\/a><\/p>\n<p><strong><span style=\"font-size: 18pt\"><span style=\"color: #000000\">DESCALCIFICADOR<\/span> <span style=\"color: #99cc00\">COMPACT 3.0<\/span><\/span><\/strong><\/p>\n<p><span style=\"color: #000000;font-size: 14pt\"><strong>Referencia:<\/strong>\u00a0SOFT-A\u00a0<strong>.\u00a0Descalcificador Compac Soft &#8211; A.<\/strong><\/span><\/p>\n<p><span style=\"color: #000000\">Descalcificador Compact Tecowash autom\u00e1tico para la eliminaci\u00f3n de aguas blandas, duras y muy duras, mediante resinas de intercambio i\u00f3nico. Programador digital.<\/span><\/p>\n<p><span style=\"color: #000000\"><strong>Ficha:<\/strong><\/span><br \/>\n<span style=\"color: #000000\">&#8211; Tipo de v\u00e1lvula: V\u00e1lvula electr\u00f3nica.<\/span><br \/>\n<span style=\"color: #000000\">&#8211; Modo de regeneraci\u00f3n: Temporizador \/ temporizador mezcla de medidor.<\/span><br \/>\n<span style=\"color: #000000\">&#8211; Volumen de resina: 30 L.<\/span><br \/>\n<span style=\"color: #000000\">&#8211; Tama\u00f1o de pozo de salmuera: 31 \u00bb \/ Cabinet.<\/span><br \/>\n<span style=\"color: #000000\">&#8211; Tanque de resina: 1324.<\/span><br \/>\n<span style=\"color: #000000\">&#8211; Tasa de flujo: 3 T \/ H.<\/span><br \/>\n<span style=\"color: #000000\">&#8211; Presi\u00f3n laboral: 0. 15 &#8211; 0. 5 Mpa.<\/span><br \/>\n<span style=\"color: #000000\">&#8211; Fuente de alimentaci\u00f3n: 220 V 50 Hz.<\/span><br \/>\n<span style=\"color: #000000\">&#8211; Tama\u00f1o de salida \/ entrada: 1 \u00ab.<\/span><br \/>\n<span style=\"color: #000000\">&#8211; Tama\u00f1o de drenaje: \u00d8 12 mm.<\/span><br \/>\n<span style=\"color: #000000\">&#8211; Tama\u00f1o del tubo central: 35 \u00ab.<\/span><br \/>\n<span style=\"color: #000000\">&#8211; Temperatura m\u00e1xima: 40\u00ba C.\u00a0<\/span><br \/>\n<span style=\"color: #000000\">&#8211; V\u00e1lvula de salmuera: Si.<\/span><br \/>\n<span style=\"color: #000000\">&#8211; Peso sin sal: 30 Kg.<\/span><br \/>\n<span style=\"color: #000000\">&#8211; Tama\u00f1o de la cabina: 500 x 370 x 830 mm.<\/span><br \/>\n<span style=\"color: #000000\">&#8211; Tama\u00f1o de embalaje: 520 x 390 x 850 mm.\u00a0<\/span><br \/>\n<span style=\"color: #000000\">&#8211; Capacidad del contenedor (20&#8243; GP \/ 40 \u00bb GP): 150 CTNS \/ 290 CTNS.<\/span><br \/>\n<span style=\"color: #000000\">&#8211; Mueble cabinet en polietileno soplado.<\/span><br \/>\n<span style=\"color: #000000\">&#8211; Botella construida en poli\u00e9ster reforzado con fibra de vidrio (PRFV)Mezclador de dureza integrado.<\/span><br \/>\n<span style=\"color: #000000\">&#8211; Boya de seguridad integrado.<\/span><br \/>\n<span style=\"color: #000000\">&#8211;\u00a0 Conexi\u00f3n a 1\u201d.<\/span><br \/>\n<span style=\"color: #000000\">&#8211;\u00a0 Carga de resina de uso alimentario, de alta capacidad para un alto rendimiento.<\/span><br \/>\n<span style=\"color: #000000\">&#8211;\u00a0 Presi\u00f3n de trabajo: 2,5 a 6 bar.<\/span><\/p>\n","protected":false},"excerpt":{"rendered":"<p>DESCALCIFICADOR COMPACT 3.0 Referencia:\u00a0SOFT-A\u00a0.\u00a0Descalcificador Compac Soft &#8211; A. Descalcificador Compact Tecowash autom\u00e1tico para la eliminaci\u00f3n de aguas blandas, duras y muy duras, mediante resinas de intercambio i\u00f3nico. Programador digital. Ficha: &#8211; Tipo de v\u00e1lvula: V\u00e1lvula electr\u00f3nica. &#8211; Modo de regeneraci\u00f3n: Temporizador \/ temporizador mezcla de medidor. &#8211; Volumen de resina: 30 L. &#8211; Tama\u00f1o de [&hellip;]<\/p>\n","protected":false},"featured_media":6076,"template":"","meta":[],"product_cat":[185,187],"product_tag":[],"class_list":["post-6075","product","type-product","status-publish","has-post-thumbnail","hentry","product_cat-tratamientos-de-agua","product_cat-descalcificacion"],"publishpress_future_workflow_manual_trigger":{"enabledWorkflows":[]},"_links":{"self":[{"href":"https:\/\/www.tecowash.com\/tecowash18\/wp-json\/wp\/v2\/product\/6075"}],"collection":[{"href":"https:\/\/www.tecowash.com\/tecowash18\/wp-json\/wp\/v2\/product"}],"about":[{"href":"https:\/\/www.tecowash.com\/tecowash18\/wp-json\/wp\/v2\/types\/product"}],"wp:featuredmedia":[{"embeddable":true,"href":"https:\/\/www.tecowash.com\/tecowash18\/wp-json\/wp\/v2\/media\/6076"}],"wp:attachment":[{"href":"https:\/\/www.tecowash.com\/tecowash18\/wp-json\/wp\/v2\/media?parent=6075"}],"wp:term":[{"taxonomy":"product_cat","embeddable":true,"href":"https:\/\/www.tecowash.com\/tecowash18\/wp-json\/wp\/v2\/product_cat?post=6075"},{"taxonomy":"product_tag","embeddable":true,"href":"https:\/\/www.tecowash.com\/tecowash18\/wp-json\/wp\/v2\/product_tag?post=6075"}],"curies":[{"name":"wp","href":"https:\/\/api.w.org\/{rel}","templated":true}]}}