{"id":6070,"date":"2019-01-18T07:30:23","date_gmt":"2019-01-18T06:30:23","guid":{"rendered":"https:\/\/www.tecowash.com\/tecowash18\/?post_type=product&#038;p=6070"},"modified":"2022-03-08T16:15:58","modified_gmt":"2022-03-08T15:15:58","slug":"descalcificador-compacto-tecowash-25","status":"publish","type":"product","link":"https:\/\/www.tecowash.com\/tecowash18\/producto\/descalcificador-compacto-tecowash-25\/","title":{"rendered":"DESCALCIFICADOR COMPACTO TECOWASH 2,5"},"content":{"rendered":"<p><a href=\"https:\/\/www.tecowash.com\/tecowash18\/wp-content\/uploads\/2019\/01\/DESCALCIFICADORES_tecowash_spain_mar_2022_D.pdf\" target=\"_blank\" rel=\"noopener noreferrer\"><img loading=\"lazy\" decoding=\"async\" class=\"aligncenter size-full wp-image-9010\" src=\"https:\/\/www.tecowash.com\/tecowash18\/wp-content\/uploads\/2019\/10\/pdf_logo_B.png\" alt=\"\" width=\"250\" height=\"121\" srcset=\"https:\/\/www.tecowash.com\/tecowash18\/wp-content\/uploads\/2019\/10\/pdf_logo_B.png 250w, https:\/\/www.tecowash.com\/tecowash18\/wp-content\/uploads\/2019\/10\/pdf_logo_B-24x12.png 24w, https:\/\/www.tecowash.com\/tecowash18\/wp-content\/uploads\/2019\/10\/pdf_logo_B-36x17.png 36w, https:\/\/www.tecowash.com\/tecowash18\/wp-content\/uploads\/2019\/10\/pdf_logo_B-48x23.png 48w\" sizes=\"(max-width: 250px) 100vw, 250px\" \/><\/a><\/p>\n<p><strong><span style=\"font-size: 18pt\"><span style=\"color: #000000\">DESCALCIFICADOR COMPACTO<\/span> <span style=\"color: #99cc00\">TECOWASH 2.5<\/span><\/span><\/strong><\/p>\n<p><span style=\"color: #000000;font-size: 14pt\"><strong>Referencia:<\/strong> SOFT-F-2 &#8211; <strong>Descalcificador Compacto TecoWash 2.5.<\/strong><\/span><\/p>\n<p><span style=\"color: #000000\">Descalcificador Compact Tecowash para la eliminaci\u00f3n de aguas blandas, duras y muy duras. Cabezal el\u00e9ctronico programable por tiempo.<\/span><\/p>\n<p><span style=\"color: #000000\"><strong>Ficha:<\/strong><\/span><br \/>\n<span style=\"color: #000000\">&#8211; Tipo de v\u00e1lvula: V\u00e1lvula electr\u00f3nica.<\/span><br \/>\n<span style=\"color: #000000\">&#8211; Modo de regeneraci\u00f3n: Temporizador \/ temporizador mezcla de medidor.<\/span><br \/>\n<span style=\"color: #000000\">&#8211; Volumen de resina: 25 L.<\/span><br \/>\n<span style=\"color: #000000\">&#8211; Tama\u00f1o de pozo de salmuera: 35 \u00bb \/ Cabinet.<\/span><br \/>\n<span style=\"color: #000000\">&#8211; Tanque de resina: 1035.<\/span><br \/>\n<span style=\"color: #000000\">&#8211; Tasa de flujo: 2, 5 T \/ H.<\/span><br \/>\n<span style=\"color: #000000\">&#8211; Presi\u00f3n laboral: 0. 15 &#8211; 0. 5 Mpa.<\/span><br \/>\n<span style=\"color: #000000\">&#8211; Fuente de alimentaci\u00f3n: 220 V 50 Hz.<\/span><br \/>\n<span style=\"color: #000000\">&#8211; Tama\u00f1o de salida \/ entrada: 1 \u00ab.<\/span><br \/>\n<span style=\"color: #000000\">&#8211; Tama\u00f1o de drenaje: \u00d8 12 mm.<\/span><br \/>\n<span style=\"color: #000000\">&#8211; Tama\u00f1o del tubo central: 35 \u00ab.<\/span><br \/>\n<span style=\"color: #000000\">&#8211; Temperatura m\u00e1xima: 40\u00ba C.\u00a0<\/span><br \/>\n<span style=\"color: #000000\">&#8211; V\u00e1lvula de salmuera: Si.<\/span><br \/>\n<span style=\"color: #000000\">&#8211; Peso sin sal: 30 Kg.<\/span><br \/>\n<span style=\"color: #000000\">&#8211; Tama\u00f1o de la cabina: 330 x 470 x 1100 mm.\u00a0<\/span><br \/>\n<span style=\"color: #000000\">&#8211; Capacidad del contenedor (20&#8243; GP \/ 40 \u00bb GP): 138 CTNS \/ 276 CTNS.<\/span><br \/>\n<span style=\"color: #000000\">&#8211; Mueble cabinet en polietileno soplado.<\/span><br \/>\n<span style=\"color: #000000\">&#8211; Botella construida en poli\u00e9ster reforzado con fibra de vidrio (PRFV)Mezclador de dureza integrado.<\/span><br \/>\n<span style=\"color: #000000\">&#8211; Boya de seguridad integrado.<\/span><br \/>\n<span style=\"color: #000000\">&#8211;\u00a0Conexi\u00f3n a 1\u201d.<\/span><br \/>\n<span style=\"color: #000000\">&#8211;\u00a0Carga de resina de uso alimentario, de alta capacidad para un alto rendimiento.<\/span><br \/>\n<span style=\"color: #000000\">&#8211;\u00a0Presi\u00f3n de trabajo: 2,5 a 6 bar.<\/span><\/p>\n","protected":false},"excerpt":{"rendered":"<p>DESCALCIFICADOR COMPACTO TECOWASH 2.5 Referencia: SOFT-F-2 &#8211; Descalcificador Compacto TecoWash 2.5. Descalcificador Compact Tecowash para la eliminaci\u00f3n de aguas blandas, duras y muy duras. Cabezal el\u00e9ctronico programable por tiempo. Ficha: &#8211; Tipo de v\u00e1lvula: V\u00e1lvula electr\u00f3nica. &#8211; Modo de regeneraci\u00f3n: Temporizador \/ temporizador mezcla de medidor. &#8211; Volumen de resina: 25 L. &#8211; Tama\u00f1o de [&hellip;]<\/p>\n","protected":false},"featured_media":6085,"template":"","meta":[],"product_cat":[185,187],"product_tag":[],"class_list":["post-6070","product","type-product","status-publish","has-post-thumbnail","hentry","product_cat-tratamientos-de-agua","product_cat-descalcificacion"],"publishpress_future_workflow_manual_trigger":{"enabledWorkflows":[]},"_links":{"self":[{"href":"https:\/\/www.tecowash.com\/tecowash18\/wp-json\/wp\/v2\/product\/6070"}],"collection":[{"href":"https:\/\/www.tecowash.com\/tecowash18\/wp-json\/wp\/v2\/product"}],"about":[{"href":"https:\/\/www.tecowash.com\/tecowash18\/wp-json\/wp\/v2\/types\/product"}],"wp:featuredmedia":[{"embeddable":true,"href":"https:\/\/www.tecowash.com\/tecowash18\/wp-json\/wp\/v2\/media\/6085"}],"wp:attachment":[{"href":"https:\/\/www.tecowash.com\/tecowash18\/wp-json\/wp\/v2\/media?parent=6070"}],"wp:term":[{"taxonomy":"product_cat","embeddable":true,"href":"https:\/\/www.tecowash.com\/tecowash18\/wp-json\/wp\/v2\/product_cat?post=6070"},{"taxonomy":"product_tag","embeddable":true,"href":"https:\/\/www.tecowash.com\/tecowash18\/wp-json\/wp\/v2\/product_tag?post=6070"}],"curies":[{"name":"wp","href":"https:\/\/api.w.org\/{rel}","templated":true}]}}