{"id":5530,"date":"2018-12-12T17:30:32","date_gmt":"2018-12-12T16:30:32","guid":{"rendered":"https:\/\/www.tecowash.com\/tecowash18\/infla-neumaticos-gc-2\/"},"modified":"2022-05-23T12:40:36","modified_gmt":"2022-05-23T10:40:36","slug":"infla-neumaticos-gc-2","status":"publish","type":"product","link":"https:\/\/www.tecowash.com\/tecowash18\/producto\/infla-neumaticos-gc-2\/","title":{"rendered":"INFLA NEUM\u00c1TICOS GCP160"},"content":{"rendered":"<p><a href=\"https:\/\/www.tecowash.com\/tecowash18\/wp-content\/uploads\/2021\/05\/COMPLEMENTOS_AUTOSERVICIO_tecowash_spain_may_2022_BB.pdf\" target=\"_blank\" rel=\"noopener noreferrer\"><img loading=\"lazy\" decoding=\"async\" class=\"aligncenter size-full wp-image-9010\" src=\"https:\/\/www.tecowash.com\/tecowash18\/wp-content\/uploads\/2019\/10\/pdf_logo_B.png\" alt=\"\" width=\"250\" height=\"121\" srcset=\"https:\/\/www.tecowash.com\/tecowash18\/wp-content\/uploads\/2019\/10\/pdf_logo_B.png 250w, https:\/\/www.tecowash.com\/tecowash18\/wp-content\/uploads\/2019\/10\/pdf_logo_B-24x12.png 24w, https:\/\/www.tecowash.com\/tecowash18\/wp-content\/uploads\/2019\/10\/pdf_logo_B-36x17.png 36w, https:\/\/www.tecowash.com\/tecowash18\/wp-content\/uploads\/2019\/10\/pdf_logo_B-48x23.png 48w\" sizes=\"(max-width: 250px) 100vw, 250px\" \/><\/a><\/p>\n<p><strong><span style=\"font-size: 18pt\"><span style=\"color: #000000\">INFLA NEUM\u00c1TICOS<\/span>\u00a0<span style=\"color: #99cc00\">GCP160<\/span><\/span><\/strong><\/p>\n<p><span style=\"color: #000000;font-size: 14pt\"><strong>Referencia:<\/strong> GCP160 &#8211; Infla Neum\u00e1ticos GCP160. <span style=\"color: #ff0000\"><strong>P.V. 2.380,00 \u20ac<\/strong><\/span><\/span><br \/>\n<span style=\"color: #000000\">M\u00e1quina para inflar neum\u00e1ticos en acero INOX 304.<\/span><br \/>\n<span style=\"color: #000000\"><strong>Ficha:<\/strong><\/span><br \/>\n<span style=\"color: #000000\">Man\u00f3metro en pistola, tubo externo en espiral. <\/span><br \/>\n<span style=\"color: #000000\">Voltaje: 230 V.<\/span><br \/>\n<span style=\"color: #000000\">Potencia: 0,5 KW.<\/span><br \/>\n<span style=\"color: #000000\">Monedero: Electr\u00f3nico.<\/span><br \/>\n<span style=\"color: #000000\">Peso: 24 Kg.<\/span><br \/>\n<span style=\"color: #000000\">Medidas: 1550 x 350 x 260 mm.<\/span><\/p>\n","protected":false},"excerpt":{"rendered":"<p>INFLA NEUM\u00c1TICOS\u00a0GCP160 Referencia: GCP160 &#8211; Infla Neum\u00e1ticos GCP160. P.V. 2.380,00 \u20ac M\u00e1quina para inflar neum\u00e1ticos en acero INOX 304. Ficha: Man\u00f3metro en pistola, tubo externo en espiral. Voltaje: 230 V. Potencia: 0,5 KW. Monedero: Electr\u00f3nico. Peso: 24 Kg. Medidas: 1550 x 350 x 260 mm.<\/p>\n","protected":false},"featured_media":6104,"template":"","meta":[],"product_cat":[192,196],"product_tag":[],"class_list":["post-5530","product","type-product","status-publish","has-post-thumbnail","hentry","product_cat-instalaciones-de-lavado","product_cat-complementos-de-autoservicio"],"publishpress_future_workflow_manual_trigger":{"enabledWorkflows":[]},"_links":{"self":[{"href":"https:\/\/www.tecowash.com\/tecowash18\/wp-json\/wp\/v2\/product\/5530"}],"collection":[{"href":"https:\/\/www.tecowash.com\/tecowash18\/wp-json\/wp\/v2\/product"}],"about":[{"href":"https:\/\/www.tecowash.com\/tecowash18\/wp-json\/wp\/v2\/types\/product"}],"wp:featuredmedia":[{"embeddable":true,"href":"https:\/\/www.tecowash.com\/tecowash18\/wp-json\/wp\/v2\/media\/6104"}],"wp:attachment":[{"href":"https:\/\/www.tecowash.com\/tecowash18\/wp-json\/wp\/v2\/media?parent=5530"}],"wp:term":[{"taxonomy":"product_cat","embeddable":true,"href":"https:\/\/www.tecowash.com\/tecowash18\/wp-json\/wp\/v2\/product_cat?post=5530"},{"taxonomy":"product_tag","embeddable":true,"href":"https:\/\/www.tecowash.com\/tecowash18\/wp-json\/wp\/v2\/product_tag?post=5530"}],"curies":[{"name":"wp","href":"https:\/\/api.w.org\/{rel}","templated":true}]}}