{"id":5519,"date":"2018-12-12T17:09:12","date_gmt":"2018-12-12T16:09:12","guid":{"rendered":"https:\/\/www.tecowash.com\/tecowash18\/limpia-alfombrillas-lt-2\/"},"modified":"2022-05-23T12:38:52","modified_gmt":"2022-05-23T10:38:52","slug":"limpia-alfombrillas-lt-2","status":"publish","type":"product","link":"https:\/\/www.tecowash.com\/tecowash18\/producto\/limpia-alfombrillas-lt-2\/","title":{"rendered":"LIMPIA ALFOMBRILLAS LT400 ECO"},"content":{"rendered":"<p>&nbsp;<\/p>\n<p><a href=\"https:\/\/www.tecowash.com\/tecowash18\/wp-content\/uploads\/2021\/05\/COMPLEMENTOS_AUTOSERVICIO_tecowash_spain_may_2022_BB.pdf\" target=\"_blank\" rel=\"noopener noreferrer\"><img loading=\"lazy\" decoding=\"async\" class=\"aligncenter size-full wp-image-9010\" src=\"https:\/\/www.tecowash.com\/tecowash18\/wp-content\/uploads\/2019\/10\/pdf_logo_B.png\" alt=\"\" width=\"250\" height=\"121\" srcset=\"https:\/\/www.tecowash.com\/tecowash18\/wp-content\/uploads\/2019\/10\/pdf_logo_B.png 250w, https:\/\/www.tecowash.com\/tecowash18\/wp-content\/uploads\/2019\/10\/pdf_logo_B-24x12.png 24w, https:\/\/www.tecowash.com\/tecowash18\/wp-content\/uploads\/2019\/10\/pdf_logo_B-36x17.png 36w, https:\/\/www.tecowash.com\/tecowash18\/wp-content\/uploads\/2019\/10\/pdf_logo_B-48x23.png 48w\" sizes=\"(max-width: 250px) 100vw, 250px\" \/><\/a><\/p>\n<p><a href=\"https:\/\/vimeo.com\/85523040\" target=\"_blank\" rel=\"noopener noreferrer\"><img loading=\"lazy\" decoding=\"async\" class=\"aligncenter wp-image-10365 size-medium\" src=\"https:\/\/www.tecowash.com\/tecowash18\/wp-content\/uploads\/2016\/05\/Videos_como_funciona-300x47.png\" alt=\"\" width=\"300\" height=\"47\" srcset=\"https:\/\/www.tecowash.com\/tecowash18\/wp-content\/uploads\/2016\/05\/Videos_como_funciona-300x47.png 300w, https:\/\/www.tecowash.com\/tecowash18\/wp-content\/uploads\/2016\/05\/Videos_como_funciona-24x4.png 24w, https:\/\/www.tecowash.com\/tecowash18\/wp-content\/uploads\/2016\/05\/Videos_como_funciona-36x6.png 36w, https:\/\/www.tecowash.com\/tecowash18\/wp-content\/uploads\/2016\/05\/Videos_como_funciona-48x7.png 48w, https:\/\/www.tecowash.com\/tecowash18\/wp-content\/uploads\/2016\/05\/Videos_como_funciona.png 400w\" sizes=\"(max-width: 300px) 100vw, 300px\" \/><\/a><\/p>\n<p><strong><span style=\"font-size: 18pt\"><span style=\"color: #000000\">LIMPIA ALFOMBRILLAS<\/span> <span style=\"color: #99cc00\">LT400 ECO\u00a0<\/span><\/span><\/strong><\/p>\n<p><span style=\"color: #000000\"><strong>Referencia:<\/strong> LT400ECO &#8211; Limpia Alfombras LT400ECO. <span style=\"color: #ff0000\"><strong>P.V. 3.326,00 \u20ac<\/strong><\/span><\/span><br \/>\n<span style=\"color: #000000\"><strong>Referencia:<\/strong> LT230ECO &#8211; Limpia Alfombras LT230ECO. <span style=\"color: #ff0000\"><strong>P.V. 3.366,00 \u20ac<\/strong><\/span><\/span><br \/>\n<span style=\"color: #000000\">M\u00e1quina de limpiar alfombrillas trif\u00e1sica en acero INOX 304.<\/span><br \/>\n<span style=\"color: #000000\">Sin Anti hielo.<\/span><br \/>\n<span style=\"color: #000000\">Ficha:<\/span><br \/>\n<span style=\"color: #000000\">Voltaje: 380V trif\u00e1sico 3 P + n.<\/span><br \/>\n<span style=\"color: #000000\">Potencia: 1 KW.<\/span><br \/>\n<span style=\"color: #000000\">Peso: 72 Kg.<\/span><br \/>\n<span style=\"color: #000000\">Medidas: 900 x 800 x 550 mm.<\/span><br \/>\n<span style=\"color: #000000\">Opcional: Soporte alfombrillas frontal o 2 laterales.<\/span><br \/>\n<span style=\"color: #000000\">Conexi\u00f3n agua: 1\/2 pulgada<\/span><\/p>\n","protected":false},"excerpt":{"rendered":"<p>&nbsp; LIMPIA ALFOMBRILLAS LT400 ECO\u00a0 Referencia: LT400ECO &#8211; Limpia Alfombras LT400ECO. P.V. 3.326,00 \u20ac Referencia: LT230ECO &#8211; Limpia Alfombras LT230ECO. P.V. 3.366,00 \u20ac M\u00e1quina de limpiar alfombrillas trif\u00e1sica en acero INOX 304. Sin Anti hielo. Ficha: Voltaje: 380V trif\u00e1sico 3 P + n. Potencia: 1 KW. Peso: 72 Kg. Medidas: 900 x 800 x 550 [&hellip;]<\/p>\n","protected":false},"featured_media":5520,"template":"","meta":[],"product_cat":[192,196],"product_tag":[],"class_list":["post-5519","product","type-product","status-publish","has-post-thumbnail","hentry","product_cat-instalaciones-de-lavado","product_cat-complementos-de-autoservicio"],"publishpress_future_workflow_manual_trigger":{"enabledWorkflows":[]},"_links":{"self":[{"href":"https:\/\/www.tecowash.com\/tecowash18\/wp-json\/wp\/v2\/product\/5519"}],"collection":[{"href":"https:\/\/www.tecowash.com\/tecowash18\/wp-json\/wp\/v2\/product"}],"about":[{"href":"https:\/\/www.tecowash.com\/tecowash18\/wp-json\/wp\/v2\/types\/product"}],"wp:featuredmedia":[{"embeddable":true,"href":"https:\/\/www.tecowash.com\/tecowash18\/wp-json\/wp\/v2\/media\/5520"}],"wp:attachment":[{"href":"https:\/\/www.tecowash.com\/tecowash18\/wp-json\/wp\/v2\/media?parent=5519"}],"wp:term":[{"taxonomy":"product_cat","embeddable":true,"href":"https:\/\/www.tecowash.com\/tecowash18\/wp-json\/wp\/v2\/product_cat?post=5519"},{"taxonomy":"product_tag","embeddable":true,"href":"https:\/\/www.tecowash.com\/tecowash18\/wp-json\/wp\/v2\/product_tag?post=5519"}],"curies":[{"name":"wp","href":"https:\/\/api.w.org\/{rel}","templated":true}]}}