{"id":5512,"date":"2018-12-12T16:56:04","date_gmt":"2018-12-12T15:56:04","guid":{"rendered":"https:\/\/www.tecowash.com\/tecowash18\/lava-tapicerias-li-2\/"},"modified":"2022-05-23T12:40:52","modified_gmt":"2022-05-23T10:40:52","slug":"lava-tapicerias-li-2","status":"publish","type":"product","link":"https:\/\/www.tecowash.com\/tecowash18\/producto\/lava-tapicerias-li-2\/","title":{"rendered":"LAVATAPICERIAS LI"},"content":{"rendered":"<p>&nbsp;<\/p>\n<p><a href=\"https:\/\/www.tecowash.com\/tecowash18\/wp-content\/uploads\/2021\/05\/COMPLEMENTOS_AUTOSERVICIO_tecowash_spain_may_2022_BB.pdf\" target=\"_blank\" rel=\"noopener noreferrer\"><img loading=\"lazy\" decoding=\"async\" class=\"aligncenter size-full wp-image-9010\" src=\"https:\/\/www.tecowash.com\/tecowash18\/wp-content\/uploads\/2019\/10\/pdf_logo_B.png\" alt=\"\" width=\"250\" height=\"121\" srcset=\"https:\/\/www.tecowash.com\/tecowash18\/wp-content\/uploads\/2019\/10\/pdf_logo_B.png 250w, https:\/\/www.tecowash.com\/tecowash18\/wp-content\/uploads\/2019\/10\/pdf_logo_B-24x12.png 24w, https:\/\/www.tecowash.com\/tecowash18\/wp-content\/uploads\/2019\/10\/pdf_logo_B-36x17.png 36w, https:\/\/www.tecowash.com\/tecowash18\/wp-content\/uploads\/2019\/10\/pdf_logo_B-48x23.png 48w\" sizes=\"(max-width: 250px) 100vw, 250px\" \/><\/a><\/p>\n<p><strong><span style=\"font-size: 18pt\"><span style=\"color: #000000\">\u00a0LAVATAPICERIAS<\/span> <span style=\"color: #99cc00\">LI<\/span><\/span><\/strong><\/p>\n<p><span style=\"color: #000000;font-size: 14pt\"><strong>Referencia:<\/strong> LIELEC &#8211; Lava Tapicerias LI. <span style=\"color: #ff0000\"><strong>P.V. 6.265,00 \u20ac<\/strong><\/span><\/span><br \/>\n<span style=\"color: #000000\">M\u00e1quina de limpieza de interiores con extracci\u00f3n e inyecci\u00f3n en acero INOX 304.<\/span><br \/>\n<span style=\"color: #000000\"><strong>Ficha:<\/strong><\/span><br \/>\n<span style=\"color: #000000\">Voltaje: 400 V.<\/span><br \/>\n<span style=\"color: #000000\">Potencia: 2, 2 KW.<\/span><br \/>\n<span style=\"color: #000000\">Monedero: Electr\u00f3nico.<\/span><br \/>\n<span style=\"color: #000000\">Peso: 113 Kg.<\/span><br \/>\n<span style=\"color: #000000\">Medidas: 1610 x\u00a0 720 x 500 mm.<\/span><\/p>\n","protected":false},"excerpt":{"rendered":"<p>&nbsp; \u00a0LAVATAPICERIAS LI Referencia: LIELEC &#8211; Lava Tapicerias LI. P.V. 6.265,00 \u20ac M\u00e1quina de limpieza de interiores con extracci\u00f3n e inyecci\u00f3n en acero INOX 304. Ficha: Voltaje: 400 V. Potencia: 2, 2 KW. Monedero: Electr\u00f3nico. Peso: 113 Kg. Medidas: 1610 x\u00a0 720 x 500 mm.<\/p>\n","protected":false},"featured_media":6065,"template":"","meta":[],"product_cat":[192,196],"product_tag":[],"class_list":["post-5512","product","type-product","status-publish","has-post-thumbnail","hentry","product_cat-instalaciones-de-lavado","product_cat-complementos-de-autoservicio"],"publishpress_future_workflow_manual_trigger":{"enabledWorkflows":[]},"_links":{"self":[{"href":"https:\/\/www.tecowash.com\/tecowash18\/wp-json\/wp\/v2\/product\/5512"}],"collection":[{"href":"https:\/\/www.tecowash.com\/tecowash18\/wp-json\/wp\/v2\/product"}],"about":[{"href":"https:\/\/www.tecowash.com\/tecowash18\/wp-json\/wp\/v2\/types\/product"}],"wp:featuredmedia":[{"embeddable":true,"href":"https:\/\/www.tecowash.com\/tecowash18\/wp-json\/wp\/v2\/media\/6065"}],"wp:attachment":[{"href":"https:\/\/www.tecowash.com\/tecowash18\/wp-json\/wp\/v2\/media?parent=5512"}],"wp:term":[{"taxonomy":"product_cat","embeddable":true,"href":"https:\/\/www.tecowash.com\/tecowash18\/wp-json\/wp\/v2\/product_cat?post=5512"},{"taxonomy":"product_tag","embeddable":true,"href":"https:\/\/www.tecowash.com\/tecowash18\/wp-json\/wp\/v2\/product_tag?post=5512"}],"curies":[{"name":"wp","href":"https:\/\/api.w.org\/{rel}","templated":true}]}}