{"id":5099,"date":"2018-11-27T17:10:01","date_gmt":"2018-11-27T16:10:01","guid":{"rendered":"https:\/\/www.tecowash.com\/tecowash18\/?post_type=product&#038;p=5099"},"modified":"2020-01-15T08:44:24","modified_gmt":"2020-01-15T07:44:24","slug":"armario-tecnologico","status":"publish","type":"product","link":"https:\/\/www.tecowash.com\/tecowash18\/producto\/armario-tecnologico\/","title":{"rendered":"ARMARIO TECNOL\u00d3GICO"},"content":{"rendered":"<p><strong><span style=\"font-size: 18pt\">ARMARIO <span style=\"color: #99cc00\">TECNOL\u00d3GICO<\/span><\/span><\/strong><br \/>\nIdeal para clientes\u00a0 que quieran un equipo econ\u00f3mico en autoservicio para limpieza de veh\u00edculos. Sistema foam (Barcos, camiones y coches).<\/p>\n<p>Innovador Armario tecnologico de lavado de una pista, con sistema de espuma y aclarado, muy practico, c\u00f3modo y r\u00e1pido, se seleccionan los programas a trav\u00e9s del giratorio de la pistola<\/p>\n<p>\n<strong><span style=\"font-size: 18pt;color: #99cc00\">COMPOSICI\u00d3N DE LA M\u00c1QUINA:<\/span><\/strong><\/p>\n<p>&#8211; Presostato de seguridad con paro total en falta de agua.<br \/>\n&#8211; Bomba 15 litros\/min, de 100 a 200 bares de potencia regulable, con sistema de descarga para evitar golpes de ariete. Motor el\u00e9ctrico 4 kw.<br \/>\n&#8211; Pistola con lanza doble y manguera de alta presi\u00f3n ligera.<br \/>\n&#8211; Monedero de 1 euro mec\u00e1nico.<br \/>\n&#8211; Paro de emergencia.<br \/>\n&#8211; Poste de 4. 5 mts de altura o poste de 3 mts (a escoger).<br \/>\n&#8211; Brazo giratorio en inox de 1. 60 mts.<br \/>\n&#8211; Armario en aluminio reforzado y pintado con pintura al horno anti\u00f3xido (60 cm x 120 cm x 160 cm)<br \/>\n&#8211; Resistente al agua salada.<br \/>\n&#8211; Cuadro el\u00e9ctrico preparado para luz exterior con programador de hora.<\/p>\n<p>\n<span style=\"font-size: 18pt;color: #99cc00\"><strong>Armario con dos programas de lavado:<\/strong><\/span><br \/>\n1-<strong> Limpieza con espuma.<\/strong><br \/>\n2- <strong>Aclarado con alta presion<\/strong> (ajustable de 150 bares a 200 bares).<\/p>\n<p><strong>Referencia:<\/strong> ARTEC 4 950. <a href=\"https:\/\/vimeo.com\/166935967\" target=\"_blank\" rel=\"noopener noreferrer\"><span style=\"color: #3366ff\">\u00b7 Ver VIDEO<\/span><\/a><\/p>\n<p><a href=\"https:\/\/vimeo.com\/166935967\" target=\"_blank\" rel=\"noopener noreferrer\"><img loading=\"lazy\" decoding=\"async\" class=\"alignleft size-full wp-image-7758\" src=\"https:\/\/www.tecowash.com\/tecowash18\/wp-content\/uploads\/2018\/07\/Ver_Video.png\" alt=\"\" width=\"100\" height=\"37\" srcset=\"https:\/\/www.tecowash.com\/tecowash18\/wp-content\/uploads\/2018\/07\/Ver_Video.png 100w, https:\/\/www.tecowash.com\/tecowash18\/wp-content\/uploads\/2018\/07\/Ver_Video-24x9.png 24w, https:\/\/www.tecowash.com\/tecowash18\/wp-content\/uploads\/2018\/07\/Ver_Video-36x13.png 36w, https:\/\/www.tecowash.com\/tecowash18\/wp-content\/uploads\/2018\/07\/Ver_Video-48x18.png 48w\" sizes=\"(max-width: 100px) 100vw, 100px\" \/><\/a><\/p>\n<p>&nbsp;<\/p>\n<p>&nbsp;<\/p>\n<p><strong><span style=\"color: #99cc00\">OPCIONAL:<\/span><\/strong><br \/>\n<strong>Referencia:<\/strong> ARTECD 636. Descalsificador.<br \/>\n<strong>Referencia:<\/strong> SAH 350. Sistema antihielo.<br \/>\n<strong>Referencia:<\/strong> MPVCIII 1080. Mamparas de PVC 2 x 5 mts.<\/p>\n<p><a href=\"https:\/\/www.tecowash.com\/tecowash18\/wp-content\/uploads\/2018\/11\/Armario_Tecnologico.pdf\" target=\"_blank\" rel=\"noopener noreferrer\"><img loading=\"lazy\" decoding=\"async\" class=\"alignleft size-full wp-image-7154\" src=\"https:\/\/www.tecowash.com\/tecowash18\/wp-content\/uploads\/2019\/02\/Pdf-ico.png\" alt=\"\" width=\"36\" height=\"36\" srcset=\"https:\/\/www.tecowash.com\/tecowash18\/wp-content\/uploads\/2019\/02\/Pdf-ico.png 36w, https:\/\/www.tecowash.com\/tecowash18\/wp-content\/uploads\/2019\/02\/Pdf-ico-24x24.png 24w\" sizes=\"(max-width: 36px) 100vw, 36px\" \/><\/a><\/p>\n<p><a href=\"https:\/\/www.tecowash.com\/tecowash18\/wp-content\/uploads\/2018\/11\/Armaris_Tecnologics_Con_Sin-1.jpg\"><img loading=\"lazy\" decoding=\"async\" class=\"alignleft wp-image-7207 size-full\" src=\"https:\/\/www.tecowash.com\/tecowash18\/wp-content\/uploads\/2018\/11\/Armaris_Tecnologics_Con_Sin-1.jpg\" alt=\"\" width=\"560\" height=\"397\" srcset=\"https:\/\/www.tecowash.com\/tecowash18\/wp-content\/uploads\/2018\/11\/Armaris_Tecnologics_Con_Sin-1.jpg 560w, https:\/\/www.tecowash.com\/tecowash18\/wp-content\/uploads\/2018\/11\/Armaris_Tecnologics_Con_Sin-1-416x295.jpg 416w, https:\/\/www.tecowash.com\/tecowash18\/wp-content\/uploads\/2018\/11\/Armaris_Tecnologics_Con_Sin-1-300x213.jpg 300w, https:\/\/www.tecowash.com\/tecowash18\/wp-content\/uploads\/2018\/11\/Armaris_Tecnologics_Con_Sin-1-24x17.jpg 24w, https:\/\/www.tecowash.com\/tecowash18\/wp-content\/uploads\/2018\/11\/Armaris_Tecnologics_Con_Sin-1-36x26.jpg 36w, https:\/\/www.tecowash.com\/tecowash18\/wp-content\/uploads\/2018\/11\/Armaris_Tecnologics_Con_Sin-1-48x34.jpg 48w\" sizes=\"(max-width: 560px) 100vw, 560px\" \/><\/a><\/p>\n<p>&nbsp;<\/p>\n<p>&nbsp;<\/p>\n<p>&nbsp;<\/p>\n<p><a href=\"https:\/\/www.tecowash.com\/tecowash18\/wp-content\/uploads\/2016\/05\/Armario_Tecnico_Imatges_ZZ.jpg\"><img loading=\"lazy\" decoding=\"async\" class=\"aligncenter wp-image-6867 size-full\" src=\"https:\/\/www.tecowash.com\/tecowash18\/wp-content\/uploads\/2016\/05\/Armario_Tecnico_Imatges_ZZ.jpg\" alt=\"\" width=\"992\" height=\"300\" srcset=\"https:\/\/www.tecowash.com\/tecowash18\/wp-content\/uploads\/2016\/05\/Armario_Tecnico_Imatges_ZZ.jpg 992w, https:\/\/www.tecowash.com\/tecowash18\/wp-content\/uploads\/2016\/05\/Armario_Tecnico_Imatges_ZZ-416x126.jpg 416w, https:\/\/www.tecowash.com\/tecowash18\/wp-content\/uploads\/2016\/05\/Armario_Tecnico_Imatges_ZZ-300x91.jpg 300w, https:\/\/www.tecowash.com\/tecowash18\/wp-content\/uploads\/2016\/05\/Armario_Tecnico_Imatges_ZZ-768x232.jpg 768w, https:\/\/www.tecowash.com\/tecowash18\/wp-content\/uploads\/2016\/05\/Armario_Tecnico_Imatges_ZZ-600x181.jpg 600w, https:\/\/www.tecowash.com\/tecowash18\/wp-content\/uploads\/2016\/05\/Armario_Tecnico_Imatges_ZZ-24x7.jpg 24w, https:\/\/www.tecowash.com\/tecowash18\/wp-content\/uploads\/2016\/05\/Armario_Tecnico_Imatges_ZZ-36x11.jpg 36w, https:\/\/www.tecowash.com\/tecowash18\/wp-content\/uploads\/2016\/05\/Armario_Tecnico_Imatges_ZZ-48x15.jpg 48w\" sizes=\"(max-width: 992px) 100vw, 992px\" \/><\/a><\/p>\n","protected":false},"excerpt":{"rendered":"<p>ARMARIO TECNOL\u00d3GICO Ideal para clientes\u00a0 que quieran un equipo econ\u00f3mico en autoservicio para limpieza de veh\u00edculos. Sistema foam (Barcos, camiones y coches). Innovador Armario tecnologico de lavado de una pista, con sistema de espuma y aclarado, muy practico, c\u00f3modo y r\u00e1pido, se seleccionan los programas a trav\u00e9s del giratorio de la pistola COMPOSICI\u00d3N DE LA [&hellip;]<\/p>\n","protected":false},"featured_media":6866,"template":"","meta":[],"product_cat":[192],"product_tag":[],"class_list":["post-5099","product","type-product","status-publish","has-post-thumbnail","hentry","product_cat-instalaciones-de-lavado"],"publishpress_future_workflow_manual_trigger":{"enabledWorkflows":[]},"_links":{"self":[{"href":"https:\/\/www.tecowash.com\/tecowash18\/wp-json\/wp\/v2\/product\/5099"}],"collection":[{"href":"https:\/\/www.tecowash.com\/tecowash18\/wp-json\/wp\/v2\/product"}],"about":[{"href":"https:\/\/www.tecowash.com\/tecowash18\/wp-json\/wp\/v2\/types\/product"}],"wp:featuredmedia":[{"embeddable":true,"href":"https:\/\/www.tecowash.com\/tecowash18\/wp-json\/wp\/v2\/media\/6866"}],"wp:attachment":[{"href":"https:\/\/www.tecowash.com\/tecowash18\/wp-json\/wp\/v2\/media?parent=5099"}],"wp:term":[{"taxonomy":"product_cat","embeddable":true,"href":"https:\/\/www.tecowash.com\/tecowash18\/wp-json\/wp\/v2\/product_cat?post=5099"},{"taxonomy":"product_tag","embeddable":true,"href":"https:\/\/www.tecowash.com\/tecowash18\/wp-json\/wp\/v2\/product_tag?post=5099"}],"curies":[{"name":"wp","href":"https:\/\/api.w.org\/{rel}","templated":true}]}}