{"id":5096,"date":"2018-11-27T16:00:06","date_gmt":"2018-11-27T15:00:06","guid":{"rendered":"https:\/\/www.tecowash.com\/tecowash18\/?post_type=product&#038;p=5096"},"modified":"2022-04-08T10:33:02","modified_gmt":"2022-04-08T08:33:02","slug":"bomba-sumergible","status":"publish","type":"product","link":"https:\/\/www.tecowash.com\/tecowash18\/producto\/bomba-sumergible\/","title":{"rendered":"BOMBA SUMERGIBLE"},"content":{"rendered":"<p><a href=\"https:\/\/www.tecowash.com\/tecowash18\/wp-content\/uploads\/2018\/11\/AGUAS_RESIDUALES_BOMBAS_tecowash_spain_abr_2022.pdf\" target=\"_blank\" rel=\"noopener noreferrer\"><img loading=\"lazy\" decoding=\"async\" class=\"aligncenter size-full wp-image-9010\" src=\"https:\/\/www.tecowash.com\/tecowash18\/wp-content\/uploads\/2019\/10\/pdf_logo_B.png\" alt=\"\" width=\"250\" height=\"121\" srcset=\"https:\/\/www.tecowash.com\/tecowash18\/wp-content\/uploads\/2019\/10\/pdf_logo_B.png 250w, https:\/\/www.tecowash.com\/tecowash18\/wp-content\/uploads\/2019\/10\/pdf_logo_B-24x12.png 24w, https:\/\/www.tecowash.com\/tecowash18\/wp-content\/uploads\/2019\/10\/pdf_logo_B-36x17.png 36w, https:\/\/www.tecowash.com\/tecowash18\/wp-content\/uploads\/2019\/10\/pdf_logo_B-48x23.png 48w\" sizes=\"(max-width: 250px) 100vw, 250px\" \/><\/a><\/p>\n<p><strong><span style=\"font-size: 18pt\">BOMBA <span style=\"color: #99cc00\">SUMERGIBLE<\/span><\/span><\/strong><\/p>\n<p><strong>Referencia: <\/strong>CA0500. <strong>Bomba Sumergible Monof\u00e1sica 220 v<\/strong><strong>.\u00a0<\/strong><\/p>\n<p>Bombas sumergibles para drenaje de aguas fecales fabricadas con rodete tipo Vortex y asa de transporte. Dise\u00f1ada con doble cierre mec\u00e1nico y ret\u00e9n para duras condiciones de trabajo.<br \/>\nCon un paso de s\u00f3lidos de hasta 50 mm. Cuerpo bomba, soporte motor y tapa superior en hierro fundido. Cuerpo motor en acero inoxidable. Fabricadas con motor as\u00edncrono a dos polos y con protecci\u00f3n t\u00e9rmica incorporada en la versi\u00f3n monof\u00e1sica. Ideal para trabajar con fosas s\u00e9pticas y para el trasvase de agua con s\u00f3lidos en suspensi\u00f3n.<\/p>\n","protected":false},"excerpt":{"rendered":"<p>BOMBA SUMERGIBLE Referencia: CA0500. Bomba Sumergible Monof\u00e1sica 220 v.\u00a0 Bombas sumergibles para drenaje de aguas fecales fabricadas con rodete tipo Vortex y asa de transporte. Dise\u00f1ada con doble cierre mec\u00e1nico y ret\u00e9n para duras condiciones de trabajo. Con un paso de s\u00f3lidos de hasta 50 mm. Cuerpo bomba, soporte motor y tapa superior en hierro [&hellip;]<\/p>\n","protected":false},"featured_media":5097,"template":"","meta":[],"product_cat":[185,198],"product_tag":[],"class_list":["post-5096","product","type-product","status-publish","has-post-thumbnail","hentry","product_cat-tratamientos-de-agua","product_cat-recogida-de-aguas-residuales"],"publishpress_future_workflow_manual_trigger":{"enabledWorkflows":[]},"_links":{"self":[{"href":"https:\/\/www.tecowash.com\/tecowash18\/wp-json\/wp\/v2\/product\/5096"}],"collection":[{"href":"https:\/\/www.tecowash.com\/tecowash18\/wp-json\/wp\/v2\/product"}],"about":[{"href":"https:\/\/www.tecowash.com\/tecowash18\/wp-json\/wp\/v2\/types\/product"}],"wp:featuredmedia":[{"embeddable":true,"href":"https:\/\/www.tecowash.com\/tecowash18\/wp-json\/wp\/v2\/media\/5097"}],"wp:attachment":[{"href":"https:\/\/www.tecowash.com\/tecowash18\/wp-json\/wp\/v2\/media?parent=5096"}],"wp:term":[{"taxonomy":"product_cat","embeddable":true,"href":"https:\/\/www.tecowash.com\/tecowash18\/wp-json\/wp\/v2\/product_cat?post=5096"},{"taxonomy":"product_tag","embeddable":true,"href":"https:\/\/www.tecowash.com\/tecowash18\/wp-json\/wp\/v2\/product_tag?post=5096"}],"curies":[{"name":"wp","href":"https:\/\/api.w.org\/{rel}","templated":true}]}}