{"id":5055,"date":"2018-11-22T15:42:22","date_gmt":"2018-11-22T14:42:22","guid":{"rendered":"https:\/\/www.tecowash.com\/tecowash18\/?post_type=product&#038;p=5055"},"modified":"2023-06-29T09:47:46","modified_gmt":"2023-06-29T07:47:46","slug":"turbina-de-aspiracion-trifasica","status":"publish","type":"product","link":"https:\/\/www.tecowash.com\/tecowash18\/producto\/turbina-de-aspiracion-trifasica\/","title":{"rendered":"TURBINA  DE ASPIRACI\u00d3N TRIF\u00c1SICA"},"content":{"rendered":"<p><a href=\"https:\/\/www.tecowash.com\/tecowash18\/wp-content\/uploads\/2018\/07\/RECAMBIOS_ASPIRADOR_tecowash_spain_jun_23.pdf\" target=\"_blank\" rel=\"noopener noreferrer\"><img loading=\"lazy\" decoding=\"async\" class=\"aligncenter size-full wp-image-9010\" src=\"https:\/\/www.tecowash.com\/tecowash18\/wp-content\/uploads\/2019\/10\/pdf_logo_B.png\" alt=\"\" width=\"250\" height=\"121\" srcset=\"https:\/\/www.tecowash.com\/tecowash18\/wp-content\/uploads\/2019\/10\/pdf_logo_B.png 250w, https:\/\/www.tecowash.com\/tecowash18\/wp-content\/uploads\/2019\/10\/pdf_logo_B-24x12.png 24w, https:\/\/www.tecowash.com\/tecowash18\/wp-content\/uploads\/2019\/10\/pdf_logo_B-36x17.png 36w, https:\/\/www.tecowash.com\/tecowash18\/wp-content\/uploads\/2019\/10\/pdf_logo_B-48x23.png 48w\" sizes=\"(max-width: 250px) 100vw, 250px\" \/><\/a><\/p>\n<p><strong><span style=\"font-size: 18pt;\"><span style=\"color: #000000;\">TURBINA DE ASPIRACI\u00d3N<\/span><span style=\"color: #99cc00;\"> TRIF\u00c1SICA<\/span><\/span><\/strong><\/p>\n<p><span style=\"color: #000000; font-size: 14pt;\"><strong>Referencia:<\/strong> 2BH16007AH26 &#8211; Turbina 3 Kw. &#8211; Turbina de Aspiraci\u00f3n Trif\u00e1sica. <\/span><br \/>\n<span style=\"color: #000000; font-size: 14pt;\"><strong>Referencia:<\/strong> 2BH15007AH36 &#8211; Turbina 2, 2 Kw. &#8211; Turbina de Aspiraci\u00f3n Trif\u00e1sica. <\/span><\/p>\n","protected":false},"excerpt":{"rendered":"<p>TURBINA DE ASPIRACI\u00d3N TRIF\u00c1SICA Referencia: 2BH16007AH26 &#8211; Turbina 3 Kw. &#8211; Turbina de Aspiraci\u00f3n Trif\u00e1sica. Referencia: 2BH15007AH36 &#8211; Turbina 2, 2 Kw. &#8211; Turbina de Aspiraci\u00f3n Trif\u00e1sica.<\/p>\n","protected":false},"featured_media":6473,"template":"","meta":[],"product_cat":[174,181],"product_tag":[],"class_list":["post-5055","product","type-product","status-publish","has-post-thumbnail","hentry","product_cat-recambios-carwash","product_cat-recambios-aspirador"],"publishpress_future_workflow_manual_trigger":{"enabledWorkflows":[]},"_links":{"self":[{"href":"https:\/\/www.tecowash.com\/tecowash18\/wp-json\/wp\/v2\/product\/5055"}],"collection":[{"href":"https:\/\/www.tecowash.com\/tecowash18\/wp-json\/wp\/v2\/product"}],"about":[{"href":"https:\/\/www.tecowash.com\/tecowash18\/wp-json\/wp\/v2\/types\/product"}],"wp:featuredmedia":[{"embeddable":true,"href":"https:\/\/www.tecowash.com\/tecowash18\/wp-json\/wp\/v2\/media\/6473"}],"wp:attachment":[{"href":"https:\/\/www.tecowash.com\/tecowash18\/wp-json\/wp\/v2\/media?parent=5055"}],"wp:term":[{"taxonomy":"product_cat","embeddable":true,"href":"https:\/\/www.tecowash.com\/tecowash18\/wp-json\/wp\/v2\/product_cat?post=5055"},{"taxonomy":"product_tag","embeddable":true,"href":"https:\/\/www.tecowash.com\/tecowash18\/wp-json\/wp\/v2\/product_tag?post=5055"}],"curies":[{"name":"wp","href":"https:\/\/api.w.org\/{rel}","templated":true}]}}