{"id":4993,"date":"2018-11-19T18:04:47","date_gmt":"2018-11-19T17:04:47","guid":{"rendered":"https:\/\/www.tecowash.com\/tecowash18\/?post_type=product&#038;p=4993"},"modified":"2023-08-03T09:06:39","modified_gmt":"2023-08-03T07:06:39","slug":"kit-valvulas-annovi-reverberi","status":"publish","type":"product","link":"https:\/\/www.tecowash.com\/tecowash18\/producto\/kit-valvulas-annovi-reverberi\/","title":{"rendered":"KIT V\u00c1LVULAS ANNOVI REVERBERI"},"content":{"rendered":"<p><a href=\"https:\/\/www.tecowash.com\/tecowash18\/wp-content\/uploads\/2018\/07\/RECAMBIOS_BOMBAS_tecowash_spain_AGO_23_B.pdf\" target=\"_blank\" rel=\"noopener noreferrer\"><img loading=\"lazy\" decoding=\"async\" class=\"aligncenter size-full wp-image-9010\" src=\"https:\/\/www.tecowash.com\/tecowash18\/wp-content\/uploads\/2019\/10\/pdf_logo_B.png\" alt=\"\" width=\"250\" height=\"121\" srcset=\"https:\/\/www.tecowash.com\/tecowash18\/wp-content\/uploads\/2019\/10\/pdf_logo_B.png 250w, https:\/\/www.tecowash.com\/tecowash18\/wp-content\/uploads\/2019\/10\/pdf_logo_B-24x12.png 24w, https:\/\/www.tecowash.com\/tecowash18\/wp-content\/uploads\/2019\/10\/pdf_logo_B-36x17.png 36w, https:\/\/www.tecowash.com\/tecowash18\/wp-content\/uploads\/2019\/10\/pdf_logo_B-48x23.png 48w\" sizes=\"(max-width: 250px) 100vw, 250px\" \/><\/a><\/p>\n<p><strong><span style=\"font-size: 18pt;\"><span style=\"color: #000000;\">KIT V\u00c1LVULAS<\/span> <span style=\"color: #99cc00;\">A<\/span><span style=\"color: #99cc00;\">NNOVI REVERBERI\u00a0<\/span><\/span><\/strong><\/p>\n<p><span style=\"color: #000000; font-size: 14pt;\"><strong>Referencia:<\/strong> COD2186 Kit V\u00e1lvulas Annovi Reverberi.<\/span><br \/>\n<span style=\"color: #000000;\">Kit V\u00e1lvulas Annovi Reverberi 120 y 150 bar flexo, spice jet, jolly, trif\u00e1sico y mono.<\/span><\/p>\n<p>&nbsp;<\/p>\n","protected":false},"excerpt":{"rendered":"<p>KIT V\u00c1LVULAS ANNOVI REVERBERI\u00a0 Referencia: COD2186 Kit V\u00e1lvulas Annovi Reverberi. Kit V\u00e1lvulas Annovi Reverberi 120 y 150 bar flexo, spice jet, jolly, trif\u00e1sico y mono. &nbsp;<\/p>\n","protected":false},"featured_media":6051,"template":"","meta":[],"product_cat":[174,179],"product_tag":[],"class_list":["post-4993","product","type-product","status-publish","has-post-thumbnail","hentry","product_cat-recambios-carwash","product_cat-bombas-y-recambios"],"publishpress_future_workflow_manual_trigger":{"enabledWorkflows":[]},"_links":{"self":[{"href":"https:\/\/www.tecowash.com\/tecowash18\/wp-json\/wp\/v2\/product\/4993"}],"collection":[{"href":"https:\/\/www.tecowash.com\/tecowash18\/wp-json\/wp\/v2\/product"}],"about":[{"href":"https:\/\/www.tecowash.com\/tecowash18\/wp-json\/wp\/v2\/types\/product"}],"wp:featuredmedia":[{"embeddable":true,"href":"https:\/\/www.tecowash.com\/tecowash18\/wp-json\/wp\/v2\/media\/6051"}],"wp:attachment":[{"href":"https:\/\/www.tecowash.com\/tecowash18\/wp-json\/wp\/v2\/media?parent=4993"}],"wp:term":[{"taxonomy":"product_cat","embeddable":true,"href":"https:\/\/www.tecowash.com\/tecowash18\/wp-json\/wp\/v2\/product_cat?post=4993"},{"taxonomy":"product_tag","embeddable":true,"href":"https:\/\/www.tecowash.com\/tecowash18\/wp-json\/wp\/v2\/product_tag?post=4993"}],"curies":[{"name":"wp","href":"https:\/\/api.w.org\/{rel}","templated":true}]}}