{"id":4766,"date":"2018-09-25T11:07:35","date_gmt":"2018-09-25T09:07:35","guid":{"rendered":"https:\/\/www.tecowash.com\/tecowash18\/?post_type=product&#038;p=4766"},"modified":"2023-04-28T11:37:36","modified_gmt":"2023-04-28T09:37:36","slug":"arquetas-de-toma-muestras","status":"publish","type":"product","link":"https:\/\/www.tecowash.com\/tecowash18\/producto\/arquetas-de-toma-muestras\/","title":{"rendered":"ARQUETAS DE TOMA MUESTRAS"},"content":{"rendered":"<p><a href=\"https:\/\/www.tecowash.com\/tecowash18\/wp-content\/uploads\/2018\/09\/SEPARADOR_Hidrocarburos_DECANTADOR_ARQUETA_May_2023.pdf\" target=\"_blank\" rel=\"noopener noreferrer\"><img loading=\"lazy\" decoding=\"async\" class=\"aligncenter size-full wp-image-9010\" src=\"https:\/\/www.tecowash.com\/tecowash18\/wp-content\/uploads\/2019\/10\/pdf_logo_B.png\" alt=\"\" width=\"250\" height=\"121\" srcset=\"https:\/\/www.tecowash.com\/tecowash18\/wp-content\/uploads\/2019\/10\/pdf_logo_B.png 250w, https:\/\/www.tecowash.com\/tecowash18\/wp-content\/uploads\/2019\/10\/pdf_logo_B-24x12.png 24w, https:\/\/www.tecowash.com\/tecowash18\/wp-content\/uploads\/2019\/10\/pdf_logo_B-36x17.png 36w, https:\/\/www.tecowash.com\/tecowash18\/wp-content\/uploads\/2019\/10\/pdf_logo_B-48x23.png 48w\" sizes=\"(max-width: 250px) 100vw, 250px\" \/><\/a><\/p>\n<p><strong><span style=\"font-size: 18pt\">ARQUETAS DE <span style=\"color: #99cc00\">TOMA MUESTRAS<\/span><\/span><\/strong><\/p>\n<p style=\"text-align: left\"><span style=\"color: #000000\"><strong>Referencia:<\/strong> ATM100 &#8211; 100 L. Arquetas de Toma Muestras.<\/span><br \/>\n<span style=\"color: #000000\"><strong>Referencia:<\/strong> ATM200 &#8211; 200 L. Arquetas de Toma Muestras.<\/span><br \/>\n<span style=\"color: #000000\"><strong>Referencia:<\/strong> ATM500 &#8211; 500 L. Arquetas de Toma Muestras.<\/span><\/p>\n<p>Una arqueta toma de muestras es un equipo que permite recoger muestras de una fuente a la entrada y\/o salida de un sistema de depuraci\u00f3n. Este elemento permite analizar el nivel de contaminaci\u00f3n de las fuentes. Controlar el rendimiento del equipo de depuraci\u00f3n (reducci\u00f3n de la contaminaci\u00f3n del puente en salida respecto al de entrada). La arqueta de toma de muestras puede complementar, un equipo de depuraci\u00f3n de aguas residuales (urbanizaciones, hoteles, campings&#8230;). Un sistema de pretratamientos de aguas hidrocarburadas (estaciones de servicios, t\u00faneles de lavado&#8230;). Y, en general, todas aquellas instalaciones en las que sea preciso realizar un control de la calidad de los vertidos. La arqueta est\u00e1 dotada de una entrada en parte alta y una salida en parte baja. El efluente, al transitar por el equipo, realiza un salto en el interior de la arqueta debido a la diferencia de alturas entre la entrada y la salida. La recogida de la muestra se realizar\u00e1 del agua que est\u00e1 realizando dicho salto, no del agua retenida en el fondo de la arqueta.<\/p>\n<p>NOTA: La entrada y la salida de la arqueta se realizan, de forma est\u00e1ndar, y di\u00e1metros especificados. No obstante, pueden realizarse en di\u00e1metro 110 mm sobre pedido (en tal caso, deber\u00e1 indicarse esta eventualidad por escrito al realizar el pedido).\u00a0<\/p>\n<p>&nbsp;<\/p>\n<p>&nbsp;<\/p>\n<p>&nbsp;<\/p>\n<p>&nbsp;<\/p>\n","protected":false},"excerpt":{"rendered":"<p>ARQUETAS DE TOMA MUESTRAS Referencia: ATM100 &#8211; 100 L. Arquetas de Toma Muestras. Referencia: ATM200 &#8211; 200 L. Arquetas de Toma Muestras. Referencia: ATM500 &#8211; 500 L. Arquetas de Toma Muestras. Una arqueta toma de muestras es un equipo que permite recoger muestras de una fuente a la entrada y\/o salida de un sistema de [&hellip;]<\/p>\n","protected":false},"featured_media":4767,"template":"","meta":[],"product_cat":[185,198],"product_tag":[],"class_list":["post-4766","product","type-product","status-publish","has-post-thumbnail","hentry","product_cat-tratamientos-de-agua","product_cat-recogida-de-aguas-residuales"],"publishpress_future_workflow_manual_trigger":{"enabledWorkflows":[]},"_links":{"self":[{"href":"https:\/\/www.tecowash.com\/tecowash18\/wp-json\/wp\/v2\/product\/4766"}],"collection":[{"href":"https:\/\/www.tecowash.com\/tecowash18\/wp-json\/wp\/v2\/product"}],"about":[{"href":"https:\/\/www.tecowash.com\/tecowash18\/wp-json\/wp\/v2\/types\/product"}],"wp:featuredmedia":[{"embeddable":true,"href":"https:\/\/www.tecowash.com\/tecowash18\/wp-json\/wp\/v2\/media\/4767"}],"wp:attachment":[{"href":"https:\/\/www.tecowash.com\/tecowash18\/wp-json\/wp\/v2\/media?parent=4766"}],"wp:term":[{"taxonomy":"product_cat","embeddable":true,"href":"https:\/\/www.tecowash.com\/tecowash18\/wp-json\/wp\/v2\/product_cat?post=4766"},{"taxonomy":"product_tag","embeddable":true,"href":"https:\/\/www.tecowash.com\/tecowash18\/wp-json\/wp\/v2\/product_tag?post=4766"}],"curies":[{"name":"wp","href":"https:\/\/api.w.org\/{rel}","templated":true}]}}