{"id":4605,"date":"2018-09-18T11:30:08","date_gmt":"2018-09-18T09:30:08","guid":{"rendered":"https:\/\/www.tecowash.com\/tecowash18\/?post_type=product&#038;p=4605"},"modified":"2024-02-15T16:17:56","modified_gmt":"2024-02-15T15:17:56","slug":"lava-interni-b-black-orchid","status":"publish","type":"product","link":"https:\/\/www.tecowash.com\/tecowash18\/producto\/lava-interni-b-black-orchid\/","title":{"rendered":"LAVA INTERNI BLACK ORCHID"},"content":{"rendered":"<p><a href=\"https:\/\/www.tecowash.com\/tecowash18\/wp-content\/uploads\/2018\/09\/ACABADO_INTERIOR_tecowash_spain_ABR_2023.pdf\" target=\"_blank\" rel=\"noopener noreferrer\"><img loading=\"lazy\" decoding=\"async\" class=\"aligncenter size-full wp-image-9010\" src=\"https:\/\/www.tecowash.com\/tecowash18\/wp-content\/uploads\/2019\/10\/pdf_logo_B.png\" alt=\"\" width=\"250\" height=\"121\" srcset=\"https:\/\/www.tecowash.com\/tecowash18\/wp-content\/uploads\/2019\/10\/pdf_logo_B.png 250w, https:\/\/www.tecowash.com\/tecowash18\/wp-content\/uploads\/2019\/10\/pdf_logo_B-24x12.png 24w, https:\/\/www.tecowash.com\/tecowash18\/wp-content\/uploads\/2019\/10\/pdf_logo_B-36x17.png 36w, https:\/\/www.tecowash.com\/tecowash18\/wp-content\/uploads\/2019\/10\/pdf_logo_B-48x23.png 48w\" sizes=\"(max-width: 250px) 100vw, 250px\" \/><\/a><\/p>\n<p><a href=\"https:\/\/www.tecowash.com\/tecowash18\/wp-content\/uploads\/2018\/09\/Desintegra_La_Suciedad_tecowash_spain_2021.mp4\" target=\"_blank\" rel=\"noopener noreferrer\"><img loading=\"lazy\" decoding=\"async\" class=\"aligncenter size-full wp-image-11498\" src=\"https:\/\/www.tecowash.com\/tecowash18\/wp-content\/uploads\/2020\/05\/Video_Logo_petit.png\" alt=\"\" width=\"150\" height=\"51\" srcset=\"https:\/\/www.tecowash.com\/tecowash18\/wp-content\/uploads\/2020\/05\/Video_Logo_petit.png 150w, https:\/\/www.tecowash.com\/tecowash18\/wp-content\/uploads\/2020\/05\/Video_Logo_petit-24x8.png 24w, https:\/\/www.tecowash.com\/tecowash18\/wp-content\/uploads\/2020\/05\/Video_Logo_petit-36x12.png 36w, https:\/\/www.tecowash.com\/tecowash18\/wp-content\/uploads\/2020\/05\/Video_Logo_petit-48x16.png 48w\" sizes=\"(max-width: 150px) 100vw, 150px\" \/><\/a><\/p>\n<p><strong><span style=\"font-size: 18pt;\"><span style=\"color: #000000;\">LAVA INTERNI<\/span>\u00a0\u00a0<span style=\"color: #99cc00;\">BLACK ORCHID<\/span><\/span><\/strong><\/p>\n<p><span style=\"color: #000000; font-size: 14pt;\"><strong>Referencia:<\/strong> 73758 &#8211; Lava Interni Black Orchy, en bidones de 25 kg.<\/span><br \/>\n<span style=\"color: #000000;\">Detergente Fra-Ber especial para la limpieza y eliminaci\u00f3n de la suciedad m\u00e1s dif\u00edcil, de tejidos <\/span><br \/>\n<span style=\"color: #000000;\">e interiores de autom\u00f3viles, limpia solo con acci\u00f3n qu\u00edmica desintegrando la suciedad y dejando <\/span><br \/>\n<span style=\"color: #000000;\">el objeto tratado perfumado. Puede ser usado tanto de forma manual como con sistemas autom\u00e1ticos de extracci\u00f3n.<\/span><br \/>\n<span style=\"color: #000000;\">Dosificaci\u00f3n: 1 litro de producto x 5 litros de agua. (muy sucio), 1 litro de producto x 10 litros de agua. (sucios) <\/span><br \/>\n<span style=\"color: #000000;\">1 litro de producto x 25 litros de agua. (mantenimiento)<\/span><\/p>\n<p>&nbsp;<\/p>\n","protected":false},"excerpt":{"rendered":"<p>LAVA INTERNI\u00a0\u00a0BLACK ORCHID Referencia: 73758 &#8211; Lava Interni Black Orchy, en bidones de 25 kg. Detergente Fra-Ber especial para la limpieza y eliminaci\u00f3n de la suciedad m\u00e1s dif\u00edcil, de tejidos e interiores de autom\u00f3viles, limpia solo con acci\u00f3n qu\u00edmica desintegrando la suciedad y dejando el objeto tratado perfumado. Puede ser usado tanto de forma manual [&hellip;]<\/p>\n","protected":false},"featured_media":5786,"template":"","meta":[],"product_cat":[94,148],"product_tag":[],"class_list":["post-4605","product","type-product","status-publish","has-post-thumbnail","hentry","product_cat-detergentes","product_cat-detergentes-para-acabado-interior-de-vehiculos"],"publishpress_future_workflow_manual_trigger":{"enabledWorkflows":[]},"_links":{"self":[{"href":"https:\/\/www.tecowash.com\/tecowash18\/wp-json\/wp\/v2\/product\/4605"}],"collection":[{"href":"https:\/\/www.tecowash.com\/tecowash18\/wp-json\/wp\/v2\/product"}],"about":[{"href":"https:\/\/www.tecowash.com\/tecowash18\/wp-json\/wp\/v2\/types\/product"}],"wp:featuredmedia":[{"embeddable":true,"href":"https:\/\/www.tecowash.com\/tecowash18\/wp-json\/wp\/v2\/media\/5786"}],"wp:attachment":[{"href":"https:\/\/www.tecowash.com\/tecowash18\/wp-json\/wp\/v2\/media?parent=4605"}],"wp:term":[{"taxonomy":"product_cat","embeddable":true,"href":"https:\/\/www.tecowash.com\/tecowash18\/wp-json\/wp\/v2\/product_cat?post=4605"},{"taxonomy":"product_tag","embeddable":true,"href":"https:\/\/www.tecowash.com\/tecowash18\/wp-json\/wp\/v2\/product_tag?post=4605"}],"curies":[{"name":"wp","href":"https:\/\/api.w.org\/{rel}","templated":true}]}}