{"id":4505,"date":"2018-09-07T16:02:06","date_gmt":"2018-09-07T14:02:06","guid":{"rendered":"https:\/\/www.tecowash.com\/tecowash18\/?post_type=product&#038;p=4505"},"modified":"2022-05-31T08:21:00","modified_gmt":"2022-05-31T06:21:00","slug":"bomba-multietapa-horizontal-chl","status":"publish","type":"product","link":"https:\/\/www.tecowash.com\/tecowash18\/producto\/bomba-multietapa-horizontal-chl\/","title":{"rendered":"BOMBA MULTIETAPA HORIZONTAL CHL"},"content":{"rendered":"<p><a href=\"https:\/\/www.tecowash.com\/tecowash18\/wp-content\/uploads\/2021\/06\/TRATAMIENTOS_AGUA_Bombas_tecowash_spain_jun_2022.pdf\" target=\"_blank\" rel=\"noopener noreferrer\"><img loading=\"lazy\" decoding=\"async\" class=\"aligncenter size-full wp-image-9010\" src=\"https:\/\/www.tecowash.com\/tecowash18\/wp-content\/uploads\/2019\/10\/pdf_logo_B.png\" alt=\"\" width=\"250\" height=\"121\" srcset=\"https:\/\/www.tecowash.com\/tecowash18\/wp-content\/uploads\/2019\/10\/pdf_logo_B.png 250w, https:\/\/www.tecowash.com\/tecowash18\/wp-content\/uploads\/2019\/10\/pdf_logo_B-24x12.png 24w, https:\/\/www.tecowash.com\/tecowash18\/wp-content\/uploads\/2019\/10\/pdf_logo_B-36x17.png 36w, https:\/\/www.tecowash.com\/tecowash18\/wp-content\/uploads\/2019\/10\/pdf_logo_B-48x23.png 48w\" sizes=\"(max-width: 250px) 100vw, 250px\" \/><\/a><\/p>\n<p><strong><span style=\"font-size: 18pt\"><span style=\"color: #000000\">BOMBA MULTIETAPA HORIZONTAL<\/span> <span style=\"color: #99cc00\">CHL<\/span><\/span><\/strong><\/p>\n<p><span style=\"color: #000000;font-size: 14pt\"><strong>Referencia:<\/strong> CHL 4 40 \u2013 <strong>Bomba Multietapa Horizontal ideal Tolva de polvo, Monof\u00e1sico.<\/strong> <\/span><br \/>\n<span style=\"color: #000000\">Presi\u00f3n 3,5 bar 2.250 l\/h, 3 bar 4.000 l\/h, 2,5 bar 5.000 l\/h, 2 bar 6.000 l\/h. <\/span><br \/>\n<span style=\"color: #000000\">CARACTER\u00cdSTICAS: Bomba mono bloque multietapa horizontal con las piezas de acero inoxidable. <\/span><br \/>\n<span style=\"color: #000000\">Motor monof\u00e1sico de hasta 1.5 kw. OPCIONAL: Trif\u00e1sico Protecci\u00f3n IP 55 de serie. <\/span><br \/>\n<span style=\"color: #000000\">Todas las partes en contacto con el l\u00edquido a base de acero inoxidable 304. <\/span><br \/>\n<span style=\"color: #000000\">Bajo petici\u00f3n acero inoxidable 316. Cierre mec\u00e1nico de carburo de tungsteno grafito para temperaturas entre -150\/70\u00ba C. <\/span><br \/>\n<span style=\"color: #000000\">Bajo demanda cierre carburo de tungsteno\/carburo de tungsteno -150\/110 \u00ba C.<\/span><\/p>\n","protected":false},"excerpt":{"rendered":"<p>&nbsp;<\/p>\n<p>&nbsp;<\/p>\n","protected":false},"featured_media":7022,"template":"","meta":[],"product_cat":[185,188],"product_tag":[],"class_list":["post-4505","product","type-product","status-publish","has-post-thumbnail","hentry","product_cat-tratamientos-de-agua","product_cat-bombas"],"publishpress_future_workflow_manual_trigger":{"enabledWorkflows":[]},"_links":{"self":[{"href":"https:\/\/www.tecowash.com\/tecowash18\/wp-json\/wp\/v2\/product\/4505"}],"collection":[{"href":"https:\/\/www.tecowash.com\/tecowash18\/wp-json\/wp\/v2\/product"}],"about":[{"href":"https:\/\/www.tecowash.com\/tecowash18\/wp-json\/wp\/v2\/types\/product"}],"wp:featuredmedia":[{"embeddable":true,"href":"https:\/\/www.tecowash.com\/tecowash18\/wp-json\/wp\/v2\/media\/7022"}],"wp:attachment":[{"href":"https:\/\/www.tecowash.com\/tecowash18\/wp-json\/wp\/v2\/media?parent=4505"}],"wp:term":[{"taxonomy":"product_cat","embeddable":true,"href":"https:\/\/www.tecowash.com\/tecowash18\/wp-json\/wp\/v2\/product_cat?post=4505"},{"taxonomy":"product_tag","embeddable":true,"href":"https:\/\/www.tecowash.com\/tecowash18\/wp-json\/wp\/v2\/product_tag?post=4505"}],"curies":[{"name":"wp","href":"https:\/\/api.w.org\/{rel}","templated":true}]}}