{"id":4489,"date":"2018-09-06T16:33:51","date_gmt":"2018-09-06T14:33:51","guid":{"rendered":"https:\/\/www.tecowash.com\/tecowash18\/?post_type=product&#038;p=4489"},"modified":"2023-03-14T11:24:28","modified_gmt":"2023-03-14T10:24:28","slug":"declorador","status":"publish","type":"product","link":"https:\/\/www.tecowash.com\/tecowash18\/producto\/declorador\/","title":{"rendered":"DECLORADORES TECOWASH"},"content":{"rendered":"<p><a href=\"https:\/\/www.tecowash.com\/tecowash18\/wp-content\/uploads\/2018\/09\/DECLORADORES_tecowash_spain_mar_2022_D.pdf\" target=\"_blank\" rel=\"noopener noreferrer\"><img loading=\"lazy\" decoding=\"async\" class=\"aligncenter size-full wp-image-9010\" src=\"https:\/\/www.tecowash.com\/tecowash18\/wp-content\/uploads\/2019\/10\/pdf_logo_B.png\" alt=\"\" width=\"250\" height=\"121\" srcset=\"https:\/\/www.tecowash.com\/tecowash18\/wp-content\/uploads\/2019\/10\/pdf_logo_B.png 250w, https:\/\/www.tecowash.com\/tecowash18\/wp-content\/uploads\/2019\/10\/pdf_logo_B-24x12.png 24w, https:\/\/www.tecowash.com\/tecowash18\/wp-content\/uploads\/2019\/10\/pdf_logo_B-36x17.png 36w, https:\/\/www.tecowash.com\/tecowash18\/wp-content\/uploads\/2019\/10\/pdf_logo_B-48x23.png 48w\" sizes=\"(max-width: 250px) 100vw, 250px\" \/><\/a><\/p>\n<p><strong><span style=\"font-size: 18pt\"><span style=\"color: #000000\">DECLORADORES<\/span> <span style=\"color: #99cc00\">TECOWASH<\/span><\/span><\/strong><\/p>\n<p><span style=\"color: #000000;font-size: 14pt\"><strong>Referencia:<\/strong> CF-B2-3T\/h Declorador modelo TECOWASH Autolimpieza autom\u00e1tica 3 T\/h &#8211; <strong>Declorador Tecowash.<\/strong><\/span><br \/>\n<span style=\"color: #000000;font-size: 14pt\"><strong>Referencia:<\/strong> CF-P1-1,5T\/h Declorador modelo TECOWASH Autolimpieza autom\u00e1tica 1,5 T\/h &#8211; <strong>Declorador Tecowash.<\/strong><\/span><br \/>\n<span style=\"color: #000000;font-size: 14pt\"><strong>Referencia:<\/strong> CF-B1-1,5T\/h Declorador modelo TECOWASH Autolimpieza autom\u00e1tica 1,5 T\/h &#8211; <strong>Declorador Tecowash.<\/strong><\/span><\/p>\n<p><span style=\"color: #000000\">Filtros autom\u00e1ticos de decloraci\u00f3n de agua mediante carb\u00f3n activo de c\u00e1scara de coco, <\/span><br \/>\n<span style=\"color: #000000\">para la protecci\u00f3n de las instalaciones y equipos en usos colectivos e industriales <\/span><br \/>\n<span style=\"color: #000000\">de peque\u00f1o, mediano caudal y gran caudal.<\/span><br \/>\n<span style=\"color: #000000\">El equipo se mantiene en servicio hasta el d\u00eda y hora predeterminados para su lavado, <\/span><br \/>\n<span style=\"color: #000000\">haya o no pasado el volumen de agua que corresponde a su ciclo de trabajo. <\/span><br \/>\n<span style=\"color: #000000\">En dicho momento, procede a iniciarse la fase de lavado. Durante el lavado no se <\/span><br \/>\n<span style=\"color: #000000\">interrumpe el suministro de agua con cloro, (con opci\u00f3n v\u00e1lvula de corte).<\/span><\/p>\n<p><span style=\"color: #000000\"><strong>Ficha:<\/strong> <\/span><br \/>\n<span style=\"color: #000000\">&#8211; <strong>Presi\u00f3n de trabajo:<\/strong> 2,5 a 6 bar.<\/span><br \/>\n<span style=\"color: #000000\">&#8211; <strong>Temperatura m\u00e1xima:<\/strong> 40o C.<\/span><br \/>\n<span style=\"color: #000000\">&#8211; <strong>Tensi\u00f3n el\u00e9ctrica:<\/strong> 220 v &#8211; 12 v 50 Hz.<\/span><br \/>\n<span style=\"color: #000000\">&#8211; Cabezal electr\u00f3nico programable por tiempo o volumen.<\/span><\/p>\n","protected":false},"excerpt":{"rendered":"<p>DECLORADORES TECOWASH Referencia: CF-B2-3T\/h Declorador modelo TECOWASH Autolimpieza autom\u00e1tica 3 T\/h &#8211; Declorador Tecowash. Referencia: CF-P1-1,5T\/h Declorador modelo TECOWASH Autolimpieza autom\u00e1tica 1,5 T\/h &#8211; Declorador Tecowash. Referencia: CF-B1-1,5T\/h Declorador modelo TECOWASH Autolimpieza autom\u00e1tica 1,5 T\/h &#8211; Declorador Tecowash. Filtros autom\u00e1ticos de decloraci\u00f3n de agua mediante carb\u00f3n activo de c\u00e1scara de coco, para la protecci\u00f3n de [&hellip;]<\/p>\n","protected":false},"featured_media":11830,"template":"","meta":[],"product_cat":[185,191],"product_tag":[],"class_list":["post-4489","product","type-product","status-publish","has-post-thumbnail","hentry","product_cat-tratamientos-de-agua","product_cat-decloradores"],"publishpress_future_workflow_manual_trigger":{"enabledWorkflows":[]},"_links":{"self":[{"href":"https:\/\/www.tecowash.com\/tecowash18\/wp-json\/wp\/v2\/product\/4489"}],"collection":[{"href":"https:\/\/www.tecowash.com\/tecowash18\/wp-json\/wp\/v2\/product"}],"about":[{"href":"https:\/\/www.tecowash.com\/tecowash18\/wp-json\/wp\/v2\/types\/product"}],"wp:featuredmedia":[{"embeddable":true,"href":"https:\/\/www.tecowash.com\/tecowash18\/wp-json\/wp\/v2\/media\/11830"}],"wp:attachment":[{"href":"https:\/\/www.tecowash.com\/tecowash18\/wp-json\/wp\/v2\/media?parent=4489"}],"wp:term":[{"taxonomy":"product_cat","embeddable":true,"href":"https:\/\/www.tecowash.com\/tecowash18\/wp-json\/wp\/v2\/product_cat?post=4489"},{"taxonomy":"product_tag","embeddable":true,"href":"https:\/\/www.tecowash.com\/tecowash18\/wp-json\/wp\/v2\/product_tag?post=4489"}],"curies":[{"name":"wp","href":"https:\/\/api.w.org\/{rel}","templated":true}]}}