{"id":4482,"date":"2018-09-07T09:30:47","date_gmt":"2018-09-07T07:30:47","guid":{"rendered":"https:\/\/www.tecowash.com\/tecowash18\/?post_type=product&#038;p=4482"},"modified":"2022-03-08T16:16:27","modified_gmt":"2022-03-08T15:16:27","slug":"descalcificador-tajo","status":"publish","type":"product","link":"https:\/\/www.tecowash.com\/tecowash18\/producto\/descalcificador-tajo\/","title":{"rendered":"DESCALCIFICADOR  TAJO ( 1,2 T\/H )"},"content":{"rendered":"<p><a href=\"https:\/\/www.tecowash.com\/tecowash18\/wp-content\/uploads\/2019\/01\/DESCALCIFICADORES_tecowash_spain_mar_2022_D.pdf\" target=\"_blank\" rel=\"noopener noreferrer\"><img loading=\"lazy\" decoding=\"async\" class=\"aligncenter size-full wp-image-9010\" src=\"https:\/\/www.tecowash.com\/tecowash18\/wp-content\/uploads\/2019\/10\/pdf_logo_B.png\" alt=\"\" width=\"250\" height=\"121\" srcset=\"https:\/\/www.tecowash.com\/tecowash18\/wp-content\/uploads\/2019\/10\/pdf_logo_B.png 250w, https:\/\/www.tecowash.com\/tecowash18\/wp-content\/uploads\/2019\/10\/pdf_logo_B-24x12.png 24w, https:\/\/www.tecowash.com\/tecowash18\/wp-content\/uploads\/2019\/10\/pdf_logo_B-36x17.png 36w, https:\/\/www.tecowash.com\/tecowash18\/wp-content\/uploads\/2019\/10\/pdf_logo_B-48x23.png 48w\" sizes=\"(max-width: 250px) 100vw, 250px\" \/><\/a><\/p>\n<p><strong><span style=\"font-size: 18pt\"><span style=\"color: #000000\">DESCALCIFICADOR<\/span><span style=\"color: #99cc00\"> TAJO\u00a0( 1,2 T\/H )<\/span><\/span><\/strong><\/p>\n<p><span style=\"color: #000000;font-size: 14pt\"><strong>Referencia :<\/strong>\u00a0 ED-8004-05 &#8211;\u00a0 Descalcificador Tajo\u00a0 ( 1,2 T\/H )\u00a0<\/span><\/p>\n<p><span style=\"color: #000000\">Descalcificador compacto Automatico para la eliminaci\u00f3n de aguas blandas, duras y muy duras, mediante resinas de intercambio I\u00f3nico.<\/span><br \/>\n<span style=\"color: #000000\">V\u00e1lvula volumetrica E-M3, programador mec\u00e1nico y regeneraci\u00f3n retardada a corriente<\/span><br \/>\n<span style=\"color: #000000\">-Mueble cabinet en polietileno soplado\u00a0<\/span><br \/>\n<span style=\"color: #000000\">-Botella construida en poliester reforzado con fibra de vidrio (PRFV)\u00a0<\/span><br \/>\n<span style=\"color: #000000\">-Mezclador de dureza integrado<\/span><br \/>\n<span style=\"color: #000000\">-Boya de seguridad incluida<\/span><br \/>\n<span style=\"color: #000000\">-Conexi\u00f3n 1&#8243;<\/span><br \/>\n<span style=\"color: #000000\">-Carga de resina de uso alimentario, de alta capacidad para un alto rendimiento<\/span><\/p>\n<p><span style=\"color: #000000\"><strong>-Presi\u00f3n de trabajo :<\/strong> 2,5 a 6 bar<\/span><br \/>\n<span style=\"color: #000000\"><strong>&#8211; Temperatura m\u00e1xima :<\/strong> 40\u00baC<\/span><br \/>\n<span style=\"color: #000000\"><strong>-Tensi\u00f3n el\u00e9ctrica :<\/strong> 230V-24V\u00a0 50Hz<\/span><\/p>\n<p>&nbsp;<\/p>\n<p>&nbsp;<\/p>\n","protected":false},"excerpt":{"rendered":"<p>DESCALCIFICADOR TAJO\u00a0( 1,2 T\/H ) Referencia :\u00a0 ED-8004-05 &#8211;\u00a0 Descalcificador Tajo\u00a0 ( 1,2 T\/H )\u00a0 Descalcificador compacto Automatico para la eliminaci\u00f3n de aguas blandas, duras y muy duras, mediante resinas de intercambio I\u00f3nico. V\u00e1lvula volumetrica E-M3, programador mec\u00e1nico y regeneraci\u00f3n retardada a corriente -Mueble cabinet en polietileno soplado\u00a0 -Botella construida en poliester reforzado con fibra [&hellip;]<\/p>\n","protected":false},"featured_media":4496,"template":"","meta":[],"product_cat":[185,187],"product_tag":[],"class_list":["post-4482","product","type-product","status-publish","has-post-thumbnail","hentry","product_cat-tratamientos-de-agua","product_cat-descalcificacion"],"publishpress_future_workflow_manual_trigger":{"enabledWorkflows":[]},"_links":{"self":[{"href":"https:\/\/www.tecowash.com\/tecowash18\/wp-json\/wp\/v2\/product\/4482"}],"collection":[{"href":"https:\/\/www.tecowash.com\/tecowash18\/wp-json\/wp\/v2\/product"}],"about":[{"href":"https:\/\/www.tecowash.com\/tecowash18\/wp-json\/wp\/v2\/types\/product"}],"wp:featuredmedia":[{"embeddable":true,"href":"https:\/\/www.tecowash.com\/tecowash18\/wp-json\/wp\/v2\/media\/4496"}],"wp:attachment":[{"href":"https:\/\/www.tecowash.com\/tecowash18\/wp-json\/wp\/v2\/media?parent=4482"}],"wp:term":[{"taxonomy":"product_cat","embeddable":true,"href":"https:\/\/www.tecowash.com\/tecowash18\/wp-json\/wp\/v2\/product_cat?post=4482"},{"taxonomy":"product_tag","embeddable":true,"href":"https:\/\/www.tecowash.com\/tecowash18\/wp-json\/wp\/v2\/product_tag?post=4482"}],"curies":[{"name":"wp","href":"https:\/\/api.w.org\/{rel}","templated":true}]}}