{"id":4324,"date":"2018-08-27T16:10:20","date_gmt":"2018-08-27T14:10:20","guid":{"rendered":"https:\/\/www.tecowash.com\/tecowash18\/?post_type=product&#038;p=4324"},"modified":"2023-06-29T09:48:05","modified_gmt":"2023-06-29T07:48:05","slug":"bidon-con-filtro-cubo-aspirador-con-tapa","status":"publish","type":"product","link":"https:\/\/www.tecowash.com\/tecowash18\/producto\/bidon-con-filtro-cubo-aspirador-con-tapa\/","title":{"rendered":"BID\u00d3N ASPIRADOR ECO 400 FILTRO + BIDON + TAPA"},"content":{"rendered":"<p><a href=\"https:\/\/www.tecowash.com\/tecowash18\/wp-content\/uploads\/2018\/07\/RECAMBIOS_ASPIRADOR_tecowash_spain_jun_23.pdf\" target=\"_blank\" rel=\"noopener noreferrer\"><img loading=\"lazy\" decoding=\"async\" class=\"aligncenter size-full wp-image-9010\" src=\"https:\/\/www.tecowash.com\/tecowash18\/wp-content\/uploads\/2019\/10\/pdf_logo_B.png\" alt=\"\" width=\"250\" height=\"121\" srcset=\"https:\/\/www.tecowash.com\/tecowash18\/wp-content\/uploads\/2019\/10\/pdf_logo_B.png 250w, https:\/\/www.tecowash.com\/tecowash18\/wp-content\/uploads\/2019\/10\/pdf_logo_B-24x12.png 24w, https:\/\/www.tecowash.com\/tecowash18\/wp-content\/uploads\/2019\/10\/pdf_logo_B-36x17.png 36w, https:\/\/www.tecowash.com\/tecowash18\/wp-content\/uploads\/2019\/10\/pdf_logo_B-48x23.png 48w\" sizes=\"(max-width: 250px) 100vw, 250px\" \/><\/a><\/p>\n<p><strong><span style=\"font-size: 18pt;\"><span style=\"color: #000000;\">BID\u00d3N ASPIRADOR<\/span> <span style=\"color: #99cc00;\">ECO 400 CON FILTRO + BID\u00d3N ASPIRADOR CON TAPA<\/span><\/span><\/strong><\/p>\n<p><span style=\"color: #000000; font-size: 14pt;\"><strong>Referencia :<\/strong> MCAS024 <strong>&#8211; Bid\u00f3n Aspirador Inox\u00a0 70 L, Eco 400 con Filtro + Bid\u00f3n+ Aspirador con Tapa.<\/strong><\/span><\/p>\n<p><a href=\"https:\/\/www.tecowash.com\/tecowash18\/wp-content\/uploads\/2018\/08\/A_004_Kit_Aspiradora-1.jpg\"><img loading=\"lazy\" decoding=\"async\" class=\"alignleft size-large wp-image-6092\" src=\"https:\/\/www.tecowash.com\/tecowash18\/wp-content\/uploads\/2018\/08\/A_004_Kit_Aspiradora-1-1024x361.jpg\" alt=\"\" width=\"980\" height=\"345\" srcset=\"https:\/\/www.tecowash.com\/tecowash18\/wp-content\/uploads\/2018\/08\/A_004_Kit_Aspiradora-1-1024x361.jpg 1024w, https:\/\/www.tecowash.com\/tecowash18\/wp-content\/uploads\/2018\/08\/A_004_Kit_Aspiradora-1-416x147.jpg 416w, https:\/\/www.tecowash.com\/tecowash18\/wp-content\/uploads\/2018\/08\/A_004_Kit_Aspiradora-1-300x106.jpg 300w, https:\/\/www.tecowash.com\/tecowash18\/wp-content\/uploads\/2018\/08\/A_004_Kit_Aspiradora-1-768x271.jpg 768w, https:\/\/www.tecowash.com\/tecowash18\/wp-content\/uploads\/2018\/08\/A_004_Kit_Aspiradora-1-600x212.jpg 600w, https:\/\/www.tecowash.com\/tecowash18\/wp-content\/uploads\/2018\/08\/A_004_Kit_Aspiradora-1-24x8.jpg 24w, https:\/\/www.tecowash.com\/tecowash18\/wp-content\/uploads\/2018\/08\/A_004_Kit_Aspiradora-1-36x13.jpg 36w, https:\/\/www.tecowash.com\/tecowash18\/wp-content\/uploads\/2018\/08\/A_004_Kit_Aspiradora-1-48x17.jpg 48w, https:\/\/www.tecowash.com\/tecowash18\/wp-content\/uploads\/2018\/08\/A_004_Kit_Aspiradora-1.jpg 1134w\" sizes=\"(max-width: 980px) 100vw, 980px\" \/><\/a><\/p>\n","protected":false},"excerpt":{"rendered":"<p>BID\u00d3N ASPIRADOR ECO 400 CON FILTRO + BID\u00d3N ASPIRADOR CON TAPA Referencia : MCAS024 &#8211; Bid\u00f3n Aspirador Inox\u00a0 70 L, Eco 400 con Filtro + Bid\u00f3n+ Aspirador con Tapa.<\/p>\n","protected":false},"featured_media":6036,"template":"","meta":[],"product_cat":[174,181],"product_tag":[],"class_list":["post-4324","product","type-product","status-publish","has-post-thumbnail","hentry","product_cat-recambios-carwash","product_cat-recambios-aspirador"],"publishpress_future_workflow_manual_trigger":{"enabledWorkflows":[]},"_links":{"self":[{"href":"https:\/\/www.tecowash.com\/tecowash18\/wp-json\/wp\/v2\/product\/4324"}],"collection":[{"href":"https:\/\/www.tecowash.com\/tecowash18\/wp-json\/wp\/v2\/product"}],"about":[{"href":"https:\/\/www.tecowash.com\/tecowash18\/wp-json\/wp\/v2\/types\/product"}],"wp:featuredmedia":[{"embeddable":true,"href":"https:\/\/www.tecowash.com\/tecowash18\/wp-json\/wp\/v2\/media\/6036"}],"wp:attachment":[{"href":"https:\/\/www.tecowash.com\/tecowash18\/wp-json\/wp\/v2\/media?parent=4324"}],"wp:term":[{"taxonomy":"product_cat","embeddable":true,"href":"https:\/\/www.tecowash.com\/tecowash18\/wp-json\/wp\/v2\/product_cat?post=4324"},{"taxonomy":"product_tag","embeddable":true,"href":"https:\/\/www.tecowash.com\/tecowash18\/wp-json\/wp\/v2\/product_tag?post=4324"}],"curies":[{"name":"wp","href":"https:\/\/api.w.org\/{rel}","templated":true}]}}