{"id":4139,"date":"2018-07-25T16:17:02","date_gmt":"2018-07-25T14:17:02","guid":{"rendered":"http:\/\/www.tecowash.com\/?post_type=product&#038;p=4139"},"modified":"2023-03-14T11:35:03","modified_gmt":"2023-03-14T10:35:03","slug":"caudalimetro-para-osmosis","status":"publish","type":"product","link":"https:\/\/www.tecowash.com\/tecowash18\/producto\/caudalimetro-para-osmosis\/","title":{"rendered":"CAUDALI\u0301METRO PARA OSMOSIS"},"content":{"rendered":"<p><a href=\"https:\/\/www.tecowash.com\/tecowash18\/wp-content\/uploads\/2018\/07\/OSMOSIS_Recambios_tecowash_spain_mar_2022_C.pdf\" target=\"_blank\" rel=\"noopener noreferrer\"><img loading=\"lazy\" decoding=\"async\" class=\"aligncenter size-full wp-image-9010\" src=\"https:\/\/www.tecowash.com\/tecowash18\/wp-content\/uploads\/2019\/10\/pdf_logo_B.png\" alt=\"\" width=\"250\" height=\"121\" srcset=\"https:\/\/www.tecowash.com\/tecowash18\/wp-content\/uploads\/2019\/10\/pdf_logo_B.png 250w, https:\/\/www.tecowash.com\/tecowash18\/wp-content\/uploads\/2019\/10\/pdf_logo_B-24x12.png 24w, https:\/\/www.tecowash.com\/tecowash18\/wp-content\/uploads\/2019\/10\/pdf_logo_B-36x17.png 36w, https:\/\/www.tecowash.com\/tecowash18\/wp-content\/uploads\/2019\/10\/pdf_logo_B-48x23.png 48w\" sizes=\"(max-width: 250px) 100vw, 250px\" \/><\/a><\/p>\n<p><strong><span style=\"font-size: 18pt\"><span style=\"color: #000000\">CAUDALI\u0301METRO<\/span> <span style=\"color: #99cc00\">PARA OSMOSIS<\/span><\/span><\/strong><\/p>\n<p><span style=\"color: #000000;font-size: 14pt\"><strong>Referencia:<\/strong> DFC-15 Caudali\u0301metro para Osmosis Panelable de 2 a 18 L\/m, 15 cm. Caudal\u00edmetro para Osmosis. <\/span><br \/>\n<span style=\"color: #000000;font-size: 14pt\"><strong>Referencia:<\/strong> LZS-25 Caudali\u0301metro para Osmosis de 100 a 1.000 L\/h, 25 cm. Caudal\u00edmetro para Osmosis. <\/span><br \/>\n<span style=\"color: #000000\"><span style=\"font-size: 14pt\"><strong>Referencia:<\/strong> LZS-15 Caudalimetro para Osmosis de 100 a 1.000 L\/h, 15 cm. Caudal\u00edmetro para Osmosis.<\/span> <\/span><br \/>\n<span style=\"color: #000000\">Caudal\u00edmetros de alta calidad y precisi\u00f3n.<\/span><\/p>\n","protected":false},"excerpt":{"rendered":"<p>CAUDALI\u0301METRO PARA OSMOSIS Referencia: DFC-15 Caudali\u0301metro para Osmosis Panelable de 2 a 18 L\/m, 15 cm. Caudal\u00edmetro para Osmosis. Referencia: LZS-25 Caudali\u0301metro para Osmosis de 100 a 1.000 L\/h, 25 cm. Caudal\u00edmetro para Osmosis. Referencia: LZS-15 Caudalimetro para Osmosis de 100 a 1.000 L\/h, 15 cm. Caudal\u00edmetro para Osmosis. Caudal\u00edmetros de alta calidad y precisi\u00f3n.<\/p>\n","protected":false},"featured_media":6012,"template":"","meta":[],"product_cat":[185,190],"product_tag":[],"class_list":["post-4139","product","type-product","status-publish","has-post-thumbnail","hentry","product_cat-tratamientos-de-agua","product_cat-osmosis"],"publishpress_future_workflow_manual_trigger":{"enabledWorkflows":[]},"_links":{"self":[{"href":"https:\/\/www.tecowash.com\/tecowash18\/wp-json\/wp\/v2\/product\/4139"}],"collection":[{"href":"https:\/\/www.tecowash.com\/tecowash18\/wp-json\/wp\/v2\/product"}],"about":[{"href":"https:\/\/www.tecowash.com\/tecowash18\/wp-json\/wp\/v2\/types\/product"}],"wp:featuredmedia":[{"embeddable":true,"href":"https:\/\/www.tecowash.com\/tecowash18\/wp-json\/wp\/v2\/media\/6012"}],"wp:attachment":[{"href":"https:\/\/www.tecowash.com\/tecowash18\/wp-json\/wp\/v2\/media?parent=4139"}],"wp:term":[{"taxonomy":"product_cat","embeddable":true,"href":"https:\/\/www.tecowash.com\/tecowash18\/wp-json\/wp\/v2\/product_cat?post=4139"},{"taxonomy":"product_tag","embeddable":true,"href":"https:\/\/www.tecowash.com\/tecowash18\/wp-json\/wp\/v2\/product_tag?post=4139"}],"curies":[{"name":"wp","href":"https:\/\/api.w.org\/{rel}","templated":true}]}}