{"id":4087,"date":"2018-07-25T15:39:21","date_gmt":"2018-07-25T13:39:21","guid":{"rendered":"http:\/\/www.tecowash.com\/?post_type=product&#038;p=4087"},"modified":"2023-03-28T09:39:59","modified_gmt":"2023-03-28T07:39:59","slug":"controlador-electronico-de-presion-hydromatic","status":"publish","type":"product","link":"https:\/\/www.tecowash.com\/tecowash18\/producto\/controlador-electronico-de-presion-hydromatic\/","title":{"rendered":"CONTROLADOR ELECTR\u00d3NICO DE PRESI\u00d3N TECOWASH"},"content":{"rendered":"<p><a href=\"https:\/\/www.tecowash.com\/tecowash18\/wp-content\/uploads\/2021\/06\/TRATAMIENTOS_AGUA_Bombas_tecowash_spain_jun_2022.pdf\" target=\"_blank\" rel=\"noopener noreferrer\"><img loading=\"lazy\" decoding=\"async\" class=\"aligncenter size-full wp-image-9010\" src=\"https:\/\/www.tecowash.com\/tecowash18\/wp-content\/uploads\/2019\/10\/pdf_logo_B.png\" alt=\"\" width=\"250\" height=\"121\" srcset=\"https:\/\/www.tecowash.com\/tecowash18\/wp-content\/uploads\/2019\/10\/pdf_logo_B.png 250w, https:\/\/www.tecowash.com\/tecowash18\/wp-content\/uploads\/2019\/10\/pdf_logo_B-24x12.png 24w, https:\/\/www.tecowash.com\/tecowash18\/wp-content\/uploads\/2019\/10\/pdf_logo_B-36x17.png 36w, https:\/\/www.tecowash.com\/tecowash18\/wp-content\/uploads\/2019\/10\/pdf_logo_B-48x23.png 48w\" sizes=\"(max-width: 250px) 100vw, 250px\" \/><\/a><\/p>\n<p><strong><span style=\"font-size: 18pt\"><span style=\"color: #000000\">CONTROLADOR ELECTR\u00d3NICO DE PRESI\u00d3N<\/span> <span style=\"color: #99cc00\">TECOWASH<\/span><\/span><\/strong><\/p>\n<p><span style=\"color: #000000;font-size: 14pt\"><strong>Referencia: <\/strong>CO-2104 <strong>Controlador Electr\u00f3nico de Presi\u00f3n Tecowash<\/strong><strong>.\u00a0<\/strong><\/span><\/p>\n<p><span style=\"color: #000000\">Controlador el\u00e9ctronico de presi\u00f3n TECOWASH<\/span><\/p>\n<p><span style=\"color: #000000\">\u2013 Cable de conexio\u0301n a bomba<\/span><br \/>\n<span style=\"color: #000000\">\u2013 Cable de conexio\u0301n a red (2,5m) con enchufe tipo SCHUKO \u2013<\/span><br \/>\n<span style=\"color: #000000\">Los grupos de presio\u0301n de la SERIE TECOWASH constan de una bomba de la serie<\/span><br \/>\n<span style=\"color: #000000\">CHDF junto con un regulador automa\u0301tico de presio\u0301n TECOWASH con la finalidad de mantener la red a presio\u0301n constante.<\/span><br \/>\n<span style=\"color: #000000\">Grupos equipados con va\u0301lvula de retencio\u0301n, pulsador de rearme manual y sistema que impide su funcionamiento en seco integrados en el propio controlador HYDROMATIC<\/span><br \/>\n<span style=\"color: #000000\">Menor desgaste de la bomba. Acumulacio\u0301n de agua hasta 19 litros, flujo constante. Indicador luminoso de tensio\u0301n, marcha \/ fallo y mano\u0301metro tambie\u0301n integrado.<\/span><br \/>\n<span style=\"color: #000000\">Evitan golpe de ariete.<\/span><br \/>\n<span style=\"color: #000000\">No precisan precarga de aire ni mantenimiento. Bombas aptas para tratamiento de aguas limpias.\u00a0\u00a0<\/span><\/p>\n<p><span style=\"color: #000000\"><strong>Ficha :\u00a0<\/strong><\/span><br \/>\n<span style=\"color: #000000\"><strong>Presio\u0301n de arranque de fa\u0301brica :<\/strong>\u00a0 1,5 bar. Regulable\u00a0 hasta 4 bars .<\/span><br \/>\n<span style=\"color: #000000\"><strong>&#8211; Potencia :<\/strong>\u00a0 1,5Kw<\/span><br \/>\n<span style=\"color: #000000\"><strong>&#8211; Acumulacio\u0301n de agua hasta :<\/strong>\u00a0 19 litros, <\/span><br \/>\n<span style=\"color: #000000\"><strong>&#8211; Tensio\u0301n de alimentacio\u0301n monofa\u0301sica :<\/strong>\u00a0 1\u00d7230 V a 50 Hz.\u00a0<\/span><br \/>\n<span style=\"color: #000000\"><strong>&#8211;\u00a0Presio\u0301n de arranque regulable\u00a0 :<\/strong> de 1,5 a 3 bar.<\/span><\/p>\n<p><a href=\"https:\/\/www.tecowash.com\/tecowash18\/wp-content\/uploads\/2018\/07\/PRESOSTATO_COMPACT.png\"><img loading=\"lazy\" decoding=\"async\" class=\"alignleft wp-image-18666 size-medium\" src=\"https:\/\/www.tecowash.com\/tecowash18\/wp-content\/uploads\/2018\/07\/PRESOSTATO_COMPACT-300x251.png\" alt=\"\" width=\"300\" height=\"251\" srcset=\"https:\/\/www.tecowash.com\/tecowash18\/wp-content\/uploads\/2018\/07\/PRESOSTATO_COMPACT-300x251.png 300w, https:\/\/www.tecowash.com\/tecowash18\/wp-content\/uploads\/2018\/07\/PRESOSTATO_COMPACT-768x642.png 768w, https:\/\/www.tecowash.com\/tecowash18\/wp-content\/uploads\/2018\/07\/PRESOSTATO_COMPACT-600x501.png 600w, https:\/\/www.tecowash.com\/tecowash18\/wp-content\/uploads\/2018\/07\/PRESOSTATO_COMPACT-24x20.png 24w, https:\/\/www.tecowash.com\/tecowash18\/wp-content\/uploads\/2018\/07\/PRESOSTATO_COMPACT-36x30.png 36w, https:\/\/www.tecowash.com\/tecowash18\/wp-content\/uploads\/2018\/07\/PRESOSTATO_COMPACT-48x40.png 48w, https:\/\/www.tecowash.com\/tecowash18\/wp-content\/uploads\/2018\/07\/PRESOSTATO_COMPACT-416x348.png 416w, https:\/\/www.tecowash.com\/tecowash18\/wp-content\/uploads\/2018\/07\/PRESOSTATO_COMPACT.png 814w\" sizes=\"(max-width: 300px) 100vw, 300px\" \/><\/a><\/p>\n<p>&nbsp;<\/p>\n<p>&nbsp;<\/p>\n<p>&nbsp;<\/p>\n<p>&nbsp;<\/p>\n<p>&nbsp;<\/p>\n<p>&nbsp;<\/p>\n","protected":false},"excerpt":{"rendered":"<p>CONTROLADOR ELECTR\u00d3NICO DE PRESI\u00d3N TECOWASH Referencia: CO-2104 Controlador Electr\u00f3nico de Presi\u00f3n Tecowash.\u00a0 Controlador el\u00e9ctronico de presi\u00f3n TECOWASH \u2013 Cable de conexio\u0301n a bomba \u2013 Cable de conexio\u0301n a red (2,5m) con enchufe tipo SCHUKO \u2013 Los grupos de presio\u0301n de la SERIE TECOWASH constan de una bomba de la serie CHDF junto con un regulador [&hellip;]<\/p>\n","protected":false},"featured_media":18665,"template":"","meta":[],"product_cat":[185,188],"product_tag":[],"class_list":["post-4087","product","type-product","status-publish","has-post-thumbnail","hentry","product_cat-tratamientos-de-agua","product_cat-bombas"],"publishpress_future_workflow_manual_trigger":{"enabledWorkflows":[]},"_links":{"self":[{"href":"https:\/\/www.tecowash.com\/tecowash18\/wp-json\/wp\/v2\/product\/4087"}],"collection":[{"href":"https:\/\/www.tecowash.com\/tecowash18\/wp-json\/wp\/v2\/product"}],"about":[{"href":"https:\/\/www.tecowash.com\/tecowash18\/wp-json\/wp\/v2\/types\/product"}],"wp:featuredmedia":[{"embeddable":true,"href":"https:\/\/www.tecowash.com\/tecowash18\/wp-json\/wp\/v2\/media\/18665"}],"wp:attachment":[{"href":"https:\/\/www.tecowash.com\/tecowash18\/wp-json\/wp\/v2\/media?parent=4087"}],"wp:term":[{"taxonomy":"product_cat","embeddable":true,"href":"https:\/\/www.tecowash.com\/tecowash18\/wp-json\/wp\/v2\/product_cat?post=4087"},{"taxonomy":"product_tag","embeddable":true,"href":"https:\/\/www.tecowash.com\/tecowash18\/wp-json\/wp\/v2\/product_tag?post=4087"}],"curies":[{"name":"wp","href":"https:\/\/api.w.org\/{rel}","templated":true}]}}