{"id":3982,"date":"2018-07-25T12:28:59","date_gmt":"2018-07-25T10:28:59","guid":{"rendered":"http:\/\/www.tecowash.com\/?post_type=product&#038;p=3982"},"modified":"2022-03-01T10:27:45","modified_gmt":"2022-03-01T09:27:45","slug":"boquilla-sin-gatillo","status":"publish","type":"product","link":"https:\/\/www.tecowash.com\/tecowash18\/producto\/boquilla-sin-gatillo\/","title":{"rendered":"BOQUILLA LIMPIA TAPICERIAS  SIN GATILLO"},"content":{"rendered":"<p><a href=\"https:\/\/www.tecowash.com\/tecowash18\/wp-content\/uploads\/2018\/07\/Recambios_Limpia_Tapicerias_tecowash_spain_feb_2022_B.pdf\" target=\"_blank\" rel=\"noopener noreferrer\"><img loading=\"lazy\" decoding=\"async\" class=\"aligncenter size-full wp-image-9010\" src=\"https:\/\/www.tecowash.com\/tecowash18\/wp-content\/uploads\/2019\/10\/pdf_logo_B.png\" alt=\"\" width=\"250\" height=\"121\" srcset=\"https:\/\/www.tecowash.com\/tecowash18\/wp-content\/uploads\/2019\/10\/pdf_logo_B.png 250w, https:\/\/www.tecowash.com\/tecowash18\/wp-content\/uploads\/2019\/10\/pdf_logo_B-24x12.png 24w, https:\/\/www.tecowash.com\/tecowash18\/wp-content\/uploads\/2019\/10\/pdf_logo_B-36x17.png 36w, https:\/\/www.tecowash.com\/tecowash18\/wp-content\/uploads\/2019\/10\/pdf_logo_B-48x23.png 48w\" sizes=\"(max-width: 250px) 100vw, 250px\" \/><\/a><\/p>\n<p><strong><span style=\"font-size: 18pt\"><span style=\"color: #000000\">BOQUILLA LIMPIA TAPICERIAS<\/span>\u00a0 <span style=\"color: #99cc00\">SIN GATILLO<\/span><\/span><\/strong><\/p>\n<p><span style=\"color: #000000;font-size: 14pt\"><strong>Referencia:<\/strong> CDR1691 &#8211; Boquilla Limpia tapicer\u00edas sin Gatillo<\/span><br \/>\n<span style=\"color: #000000\">Boquilla pl\u00e1stico limpia tapicer\u00edas sin gatillo spray para m\u00e1quina de 2 motores (VAC 250 PP).<\/span><\/p>\n<p><a href=\"https:\/\/vimeo.com\/89603960\" target=\"_blank\" rel=\"noopener noreferrer\"><img loading=\"lazy\" decoding=\"async\" class=\"alignleft size-full wp-image-7758\" src=\"https:\/\/www.tecowash.com\/tecowash18\/wp-content\/uploads\/2018\/07\/Ver_Video.png\" alt=\"\" width=\"100\" height=\"37\" srcset=\"https:\/\/www.tecowash.com\/tecowash18\/wp-content\/uploads\/2018\/07\/Ver_Video.png 100w, https:\/\/www.tecowash.com\/tecowash18\/wp-content\/uploads\/2018\/07\/Ver_Video-24x9.png 24w, https:\/\/www.tecowash.com\/tecowash18\/wp-content\/uploads\/2018\/07\/Ver_Video-36x13.png 36w, https:\/\/www.tecowash.com\/tecowash18\/wp-content\/uploads\/2018\/07\/Ver_Video-48x18.png 48w\" sizes=\"(max-width: 100px) 100vw, 100px\" \/><\/a><\/p>\n","protected":false},"excerpt":{"rendered":"<p>BOQUILLA LIMPIA TAPICERIAS\u00a0 SIN GATILLO Referencia: CDR1691 &#8211; Boquilla Limpia tapicer\u00edas sin Gatillo Boquilla pl\u00e1stico limpia tapicer\u00edas sin gatillo spray para m\u00e1quina de 2 motores (VAC 250 PP).<\/p>\n","protected":false},"featured_media":5952,"template":"","meta":[],"product_cat":[174,184],"product_tag":[],"class_list":["post-3982","product","type-product","status-publish","has-post-thumbnail","hentry","product_cat-recambios-carwash","product_cat-recambios-limpiatapicerias"],"publishpress_future_workflow_manual_trigger":{"enabledWorkflows":[]},"_links":{"self":[{"href":"https:\/\/www.tecowash.com\/tecowash18\/wp-json\/wp\/v2\/product\/3982"}],"collection":[{"href":"https:\/\/www.tecowash.com\/tecowash18\/wp-json\/wp\/v2\/product"}],"about":[{"href":"https:\/\/www.tecowash.com\/tecowash18\/wp-json\/wp\/v2\/types\/product"}],"wp:featuredmedia":[{"embeddable":true,"href":"https:\/\/www.tecowash.com\/tecowash18\/wp-json\/wp\/v2\/media\/5952"}],"wp:attachment":[{"href":"https:\/\/www.tecowash.com\/tecowash18\/wp-json\/wp\/v2\/media?parent=3982"}],"wp:term":[{"taxonomy":"product_cat","embeddable":true,"href":"https:\/\/www.tecowash.com\/tecowash18\/wp-json\/wp\/v2\/product_cat?post=3982"},{"taxonomy":"product_tag","embeddable":true,"href":"https:\/\/www.tecowash.com\/tecowash18\/wp-json\/wp\/v2\/product_tag?post=3982"}],"curies":[{"name":"wp","href":"https:\/\/api.w.org\/{rel}","templated":true}]}}