{"id":3921,"date":"2018-07-25T00:28:45","date_gmt":"2018-07-24T22:28:45","guid":{"rendered":"http:\/\/www.tecowash.com\/?post_type=product&#038;p=3921"},"modified":"2023-06-29T09:46:29","modified_gmt":"2023-06-29T07:46:29","slug":"lanza-plana-rigida-para-aspirador","status":"publish","type":"product","link":"https:\/\/www.tecowash.com\/tecowash18\/producto\/lanza-plana-rigida-para-aspirador\/","title":{"rendered":"LANZA PLANA RI\u0301GIDA PARA ASPIRADOR"},"content":{"rendered":"<p><a href=\"https:\/\/www.tecowash.com\/tecowash18\/wp-content\/uploads\/2018\/07\/RECAMBIOS_ASPIRADOR_tecowash_spain_jun_23.pdf\" target=\"_blank\" rel=\"noopener noreferrer\"><img loading=\"lazy\" decoding=\"async\" class=\"aligncenter size-full wp-image-9010\" src=\"https:\/\/www.tecowash.com\/tecowash18\/wp-content\/uploads\/2019\/10\/pdf_logo_B.png\" alt=\"\" width=\"250\" height=\"121\" srcset=\"https:\/\/www.tecowash.com\/tecowash18\/wp-content\/uploads\/2019\/10\/pdf_logo_B.png 250w, https:\/\/www.tecowash.com\/tecowash18\/wp-content\/uploads\/2019\/10\/pdf_logo_B-24x12.png 24w, https:\/\/www.tecowash.com\/tecowash18\/wp-content\/uploads\/2019\/10\/pdf_logo_B-36x17.png 36w, https:\/\/www.tecowash.com\/tecowash18\/wp-content\/uploads\/2019\/10\/pdf_logo_B-48x23.png 48w\" sizes=\"(max-width: 250px) 100vw, 250px\" \/><\/a><\/p>\n<p><strong><span style=\"font-size: 18pt;\"><span style=\"color: #000000;\">LANZA PLANA RI\u0301GIDA PARA<\/span> <span style=\"color: #99cc00;\">ASPIRADO<\/span><\/span><\/strong><\/p>\n<p><span style=\"color: #000000;\"><strong>Referencia:<\/strong> 265019 &#8211; <strong>Lanza Plana R\u00edgida para Aspirador. <\/strong>Lanza tama\u00f1o corto. Medidas: Largo 230 mm. para tubo de \u00d8 51 mm.<\/span><br \/>\n<span style=\"color: #000000;\"><strong>Referencia:<\/strong> 265018 &#8211; <strong>Lanza Plana R\u00edgida para Aspirador<\/strong>. Lanza tama\u00f1o medio. Medidas: Largo 270 mm. para tubo de \u00d8 51 mm.<\/span><br \/>\n<span style=\"color: #000000;\"><strong>Referencia:<\/strong> 265020 &#8211; <strong>Lanza Plana R\u00edgida para Aspirador<\/strong>. Lanza tama\u00f1o largo. Medidas: Largo 370 mm. para tubo de \u00d8 51 mm. <\/span><br \/>\n<span style=\"color: #000000;\"><strong>Referencia:<\/strong> CDR.1017 &#8211;<strong> Lanza Plana R\u00edgida para Aspirador<\/strong>. Lanza tama\u00f1o Standar. Medidas: Largo 250mm. para tubo \u00d8 38 mm.<\/span><br \/>\n<span style=\"color: #000000;\"><strong>Referencia:<\/strong> CDR.1003 &#8211; <strong>Lanza Plana R\u00edgida para Aspirador<\/strong>. Lanza tama\u00f1o estrecho. Medidas: Largo 210 mm para tubo de \u00d8 33 mm. <\/span><br \/>\n<span style=\"color: #000000;\">(<em>para esta boquilla, si se quiere utilizar para tubo de \u00d8 38 mm., se tiene que utilizar la boquilla reductora CDR1023<\/em>).<\/span><\/p>\n<p>&nbsp;<\/p>\n<p>&nbsp;<\/p>\n","protected":false},"excerpt":{"rendered":"<p>LANZA PLANA RI\u0301GIDA PARA ASPIRADO Referencia: 265019 &#8211; Lanza Plana R\u00edgida para Aspirador. Lanza tama\u00f1o corto. Medidas: Largo 230 mm. para tubo de \u00d8 51 mm. Referencia: 265018 &#8211; Lanza Plana R\u00edgida para Aspirador. Lanza tama\u00f1o medio. Medidas: Largo 270 mm. para tubo de \u00d8 51 mm. Referencia: 265020 &#8211; Lanza Plana R\u00edgida para Aspirador. [&hellip;]<\/p>\n","protected":false},"featured_media":6043,"template":"","meta":[],"product_cat":[174,181],"product_tag":[],"class_list":["post-3921","product","type-product","status-publish","has-post-thumbnail","hentry","product_cat-recambios-carwash","product_cat-recambios-aspirador"],"publishpress_future_workflow_manual_trigger":{"enabledWorkflows":[]},"_links":{"self":[{"href":"https:\/\/www.tecowash.com\/tecowash18\/wp-json\/wp\/v2\/product\/3921"}],"collection":[{"href":"https:\/\/www.tecowash.com\/tecowash18\/wp-json\/wp\/v2\/product"}],"about":[{"href":"https:\/\/www.tecowash.com\/tecowash18\/wp-json\/wp\/v2\/types\/product"}],"wp:featuredmedia":[{"embeddable":true,"href":"https:\/\/www.tecowash.com\/tecowash18\/wp-json\/wp\/v2\/media\/6043"}],"wp:attachment":[{"href":"https:\/\/www.tecowash.com\/tecowash18\/wp-json\/wp\/v2\/media?parent=3921"}],"wp:term":[{"taxonomy":"product_cat","embeddable":true,"href":"https:\/\/www.tecowash.com\/tecowash18\/wp-json\/wp\/v2\/product_cat?post=3921"},{"taxonomy":"product_tag","embeddable":true,"href":"https:\/\/www.tecowash.com\/tecowash18\/wp-json\/wp\/v2\/product_tag?post=3921"}],"curies":[{"name":"wp","href":"https:\/\/api.w.org\/{rel}","templated":true}]}}