{"id":3896,"date":"2018-07-25T00:03:09","date_gmt":"2018-07-24T22:03:09","guid":{"rendered":"http:\/\/www.tecowash.com\/?post_type=product&#038;p=3896"},"modified":"2020-09-17T17:14:50","modified_gmt":"2020-09-17T15:14:50","slug":"valvula-de-2-vias-alta-presion","status":"publish","type":"product","link":"https:\/\/www.tecowash.com\/tecowash18\/producto\/valvula-de-2-vias-alta-presion\/","title":{"rendered":"VA\u0301LVULA DE 2 VI\u0301AS ALTA PRESIO\u0301N"},"content":{"rendered":"<p><a href=\"https:\/\/www.tecowash.com\/tecowash18\/wp-content\/uploads\/2018\/07\/Recambios_Valvulas_Elexctrovalvulas_tecowash_2020_12.pdf\" target=\"_blank\" rel=\"noopener noreferrer\"><img loading=\"lazy\" decoding=\"async\" class=\"aligncenter size-full wp-image-9010\" src=\"https:\/\/www.tecowash.com\/tecowash18\/wp-content\/uploads\/2019\/10\/pdf_logo_B.png\" alt=\"\" width=\"250\" height=\"121\" srcset=\"https:\/\/www.tecowash.com\/tecowash18\/wp-content\/uploads\/2019\/10\/pdf_logo_B.png 250w, https:\/\/www.tecowash.com\/tecowash18\/wp-content\/uploads\/2019\/10\/pdf_logo_B-24x12.png 24w, https:\/\/www.tecowash.com\/tecowash18\/wp-content\/uploads\/2019\/10\/pdf_logo_B-36x17.png 36w, https:\/\/www.tecowash.com\/tecowash18\/wp-content\/uploads\/2019\/10\/pdf_logo_B-48x23.png 48w\" sizes=\"(max-width: 250px) 100vw, 250px\" \/><\/a><\/p>\n<p><strong><span style=\"font-size: 18pt\"><span style=\"color: #000000\">VA\u0301LVULA DE 2 VI\u0301AS<\/span><span style=\"color: #99cc00\"> ALTA PRESI\u00d3N<\/span><\/span><\/strong><\/p>\n<p><span style=\"color: #000000;font-size: 14pt\"><strong>Referencia:<\/strong> EFF2621x204 &#8211; <strong>V\u00e1lvula de 2 V\u00edas Alta Presi\u00f3n.<\/strong> <\/span><br \/>\n<span style=\"color: #000000\">V\u00e1lvula de dos v\u00edas a.p. en acero inox AISI 316.<\/span><br \/>\n<span style=\"color: #000000\"><strong>Entrada y salida:<\/strong> 1 \/ 2 HH.<\/span><br \/>\n<span style=\"color: #000000\"><strong>Presi\u00f3n:<\/strong> 100 bar.<\/span><br \/>\n<span style=\"color: #000000\"><strong>Caudal:<\/strong> 80 L \/min. <\/span><br \/>\n<span style=\"color: #000000\"><strong>Temperatura:<\/strong> 90 \u00b0C.<\/span><\/p>\n<p>&nbsp;<\/p>\n","protected":false},"excerpt":{"rendered":"<p>VA\u0301LVULA DE 2 VI\u0301AS ALTA PRESI\u00d3N Referencia: EFF2621x204 &#8211; V\u00e1lvula de 2 V\u00edas Alta Presi\u00f3n. V\u00e1lvula de dos v\u00edas a.p. en acero inox AISI 316. Entrada y salida: 1 \/ 2 HH. Presi\u00f3n: 100 bar. Caudal: 80 L \/min. Temperatura: 90 \u00b0C. &nbsp;<\/p>\n","protected":false},"featured_media":6469,"template":"","meta":[],"product_cat":[174,180],"product_tag":[],"class_list":["post-3896","product","type-product","status-publish","has-post-thumbnail","hentry","product_cat-recambios-carwash","product_cat-valvulas-y-electrovalvulas"],"publishpress_future_workflow_manual_trigger":{"enabledWorkflows":[]},"_links":{"self":[{"href":"https:\/\/www.tecowash.com\/tecowash18\/wp-json\/wp\/v2\/product\/3896"}],"collection":[{"href":"https:\/\/www.tecowash.com\/tecowash18\/wp-json\/wp\/v2\/product"}],"about":[{"href":"https:\/\/www.tecowash.com\/tecowash18\/wp-json\/wp\/v2\/types\/product"}],"wp:featuredmedia":[{"embeddable":true,"href":"https:\/\/www.tecowash.com\/tecowash18\/wp-json\/wp\/v2\/media\/6469"}],"wp:attachment":[{"href":"https:\/\/www.tecowash.com\/tecowash18\/wp-json\/wp\/v2\/media?parent=3896"}],"wp:term":[{"taxonomy":"product_cat","embeddable":true,"href":"https:\/\/www.tecowash.com\/tecowash18\/wp-json\/wp\/v2\/product_cat?post=3896"},{"taxonomy":"product_tag","embeddable":true,"href":"https:\/\/www.tecowash.com\/tecowash18\/wp-json\/wp\/v2\/product_tag?post=3896"}],"curies":[{"name":"wp","href":"https:\/\/api.w.org\/{rel}","templated":true}]}}