{"id":3893,"date":"2018-07-25T00:01:52","date_gmt":"2018-07-24T22:01:52","guid":{"rendered":"http:\/\/www.tecowash.com\/?post_type=product&#038;p=3893"},"modified":"2023-04-13T09:47:07","modified_gmt":"2023-04-13T07:47:07","slug":"valvula-de-2-vias-alta-presion-2","status":"publish","type":"product","link":"https:\/\/www.tecowash.com\/tecowash18\/producto\/valvula-de-2-vias-alta-presion-2\/","title":{"rendered":"VA\u0301LVULA DE 2 VI\u0301AS ALTA PRESIO\u0301N"},"content":{"rendered":"<p><a href=\"https:\/\/www.tecowash.com\/tecowash18\/wp-content\/uploads\/2018\/07\/Recambios_Valvulas_Elexctrovalvulas_tecowash_2020_12.pdf\" target=\"_blank\" rel=\"noopener noreferrer\"><img loading=\"lazy\" decoding=\"async\" class=\"aligncenter size-full wp-image-9010\" src=\"https:\/\/www.tecowash.com\/tecowash18\/wp-content\/uploads\/2019\/10\/pdf_logo_B.png\" alt=\"\" width=\"250\" height=\"121\" srcset=\"https:\/\/www.tecowash.com\/tecowash18\/wp-content\/uploads\/2019\/10\/pdf_logo_B.png 250w, https:\/\/www.tecowash.com\/tecowash18\/wp-content\/uploads\/2019\/10\/pdf_logo_B-24x12.png 24w, https:\/\/www.tecowash.com\/tecowash18\/wp-content\/uploads\/2019\/10\/pdf_logo_B-36x17.png 36w, https:\/\/www.tecowash.com\/tecowash18\/wp-content\/uploads\/2019\/10\/pdf_logo_B-48x23.png 48w\" sizes=\"(max-width: 250px) 100vw, 250px\" \/><\/a><\/p>\n<p><strong><span style=\"font-size: 18pt\"><span style=\"color: #000000\">VA\u0301LVULA DE 2 VI\u0301AS<\/span> <span style=\"color: #99cc00\">ALTA PRESIO\u0301N<\/span><\/span><\/strong><\/p>\n<p><span style=\"color: #000000;font-size: 14pt\"><strong>Referencia:<\/strong> EFF26550203\u2013 3\/8\u201dH-H &#8211; <strong>V\u00e1lvula de 2 V\u00edas Alta Presi\u00f3n.<\/strong><\/span><br \/>\n<span style=\"color: #000000;font-size: 14pt\"><strong>Referencia:<\/strong> EFF26550204\u2013 1\/2\u2032\u2032H-H- <strong>V\u00e1lvula de 2 V\u00edas Alta Presi\u00f3n.<\/strong><\/span><br \/>\n<span style=\"color: #000000\">V\u00e1lvula de dos v\u00edas a.p.,en acero inox AISI 316<\/span><br \/>\n<span style=\"color: #000000\"><strong>Presi\u00f3n:<\/strong> 210 bar, 80 l\/min.<\/span><br \/>\n<span style=\"color: #000000\"><strong>Caudal:<\/strong> 80 L \/ min.<\/span><\/p>\n","protected":false},"excerpt":{"rendered":"<p>VA\u0301LVULA DE 2 VI\u0301AS ALTA PRESIO\u0301N Referencia: EFF26550203\u2013 3\/8\u201dH-H &#8211; V\u00e1lvula de 2 V\u00edas Alta Presi\u00f3n. Referencia: EFF26550204\u2013 1\/2\u2032\u2032H-H- V\u00e1lvula de 2 V\u00edas Alta Presi\u00f3n. V\u00e1lvula de dos v\u00edas a.p.,en acero inox AISI 316 Presi\u00f3n: 210 bar, 80 l\/min. Caudal: 80 L \/ min.<\/p>\n","protected":false},"featured_media":5986,"template":"","meta":[],"product_cat":[174,180],"product_tag":[],"class_list":["post-3893","product","type-product","status-publish","has-post-thumbnail","hentry","product_cat-recambios-carwash","product_cat-valvulas-y-electrovalvulas"],"publishpress_future_workflow_manual_trigger":{"enabledWorkflows":[]},"_links":{"self":[{"href":"https:\/\/www.tecowash.com\/tecowash18\/wp-json\/wp\/v2\/product\/3893"}],"collection":[{"href":"https:\/\/www.tecowash.com\/tecowash18\/wp-json\/wp\/v2\/product"}],"about":[{"href":"https:\/\/www.tecowash.com\/tecowash18\/wp-json\/wp\/v2\/types\/product"}],"wp:featuredmedia":[{"embeddable":true,"href":"https:\/\/www.tecowash.com\/tecowash18\/wp-json\/wp\/v2\/media\/5986"}],"wp:attachment":[{"href":"https:\/\/www.tecowash.com\/tecowash18\/wp-json\/wp\/v2\/media?parent=3893"}],"wp:term":[{"taxonomy":"product_cat","embeddable":true,"href":"https:\/\/www.tecowash.com\/tecowash18\/wp-json\/wp\/v2\/product_cat?post=3893"},{"taxonomy":"product_tag","embeddable":true,"href":"https:\/\/www.tecowash.com\/tecowash18\/wp-json\/wp\/v2\/product_tag?post=3893"}],"curies":[{"name":"wp","href":"https:\/\/api.w.org\/{rel}","templated":true}]}}