{"id":3886,"date":"2018-07-24T23:57:03","date_gmt":"2018-07-24T21:57:03","guid":{"rendered":"http:\/\/www.tecowash.com\/?post_type=product&#038;p=3886"},"modified":"2020-09-17T17:12:36","modified_gmt":"2020-09-17T15:12:36","slug":"valvula-by-pass-pulsar-3-microruptor","status":"publish","type":"product","link":"https:\/\/www.tecowash.com\/tecowash18\/producto\/valvula-by-pass-pulsar-3-microruptor\/","title":{"rendered":"V\u00c1LVULA BY-PASS PULSAR 3 + MICROINTERRUPTOR"},"content":{"rendered":"<p><a href=\"https:\/\/www.tecowash.com\/tecowash18\/wp-content\/uploads\/2018\/07\/Recambios_Valvulas_Elexctrovalvulas_tecowash_2020_12.pdf\" target=\"_blank\" rel=\"noopener noreferrer\"><img loading=\"lazy\" decoding=\"async\" class=\"aligncenter size-full wp-image-9010\" src=\"https:\/\/www.tecowash.com\/tecowash18\/wp-content\/uploads\/2019\/10\/pdf_logo_B.png\" alt=\"\" width=\"250\" height=\"121\" srcset=\"https:\/\/www.tecowash.com\/tecowash18\/wp-content\/uploads\/2019\/10\/pdf_logo_B.png 250w, https:\/\/www.tecowash.com\/tecowash18\/wp-content\/uploads\/2019\/10\/pdf_logo_B-24x12.png 24w, https:\/\/www.tecowash.com\/tecowash18\/wp-content\/uploads\/2019\/10\/pdf_logo_B-36x17.png 36w, https:\/\/www.tecowash.com\/tecowash18\/wp-content\/uploads\/2019\/10\/pdf_logo_B-48x23.png 48w\" sizes=\"(max-width: 250px) 100vw, 250px\" \/><\/a><\/p>\n<p><strong><span style=\"font-size: 18pt\"><span style=\"color: #000000\">V\u00c1LVULA BY-PASS<\/span> <span style=\"color: #99cc00\">PULSAR 3 + MICROINTERRUPTOR<\/span><\/span><\/strong><\/p>\n<p><span style=\"color: #000000;font-size: 14pt\"><strong>Referencia:<\/strong> P60001062. <strong>V\u00e1lvula de regulaci\u00f3n de Presi\u00f3n con Microinterruptor.<\/strong> <\/span><br \/>\n<span style=\"color: #000000\">By-Pass para Alta Presi\u00f3n, con paro total Stop.<\/span><br \/>\n<span style=\"color: #000000\"><strong>Entrada y salida:<\/strong> 1\/2\u2032\u2032\u00a0HH.<\/span><br \/>\n<span style=\"color: #000000\"><strong>Salida del lateral:<\/strong>\u00a01 \/ 4 H.<\/span><br \/>\n<span style=\"color: #000000\"><strong>Media presi\u00f3n:<\/strong>\u00a0220 bar.<\/span><br \/>\n<span style=\"color: #000000\"><strong>Caudal:<\/strong> 30 L\u00a0 \/min.\u00a0\u00a0<\/span><br \/>\n<span style=\"color: #000000\"><strong>Temperatura:<\/strong> 90 \u00b0C.<\/span><\/p>\n","protected":false},"excerpt":{"rendered":"<p>V\u00c1LVULA BY-PASS PULSAR 3 + MICROINTERRUPTOR Referencia: P60001062. V\u00e1lvula de regulaci\u00f3n de Presi\u00f3n con Microinterruptor. By-Pass para Alta Presi\u00f3n, con paro total Stop. Entrada y salida: 1\/2\u2032\u2032\u00a0HH. Salida del lateral:\u00a01 \/ 4 H. Media presi\u00f3n:\u00a0220 bar. Caudal: 30 L\u00a0 \/min.\u00a0\u00a0 Temperatura: 90 \u00b0C.<\/p>\n","protected":false},"featured_media":5944,"template":"","meta":[],"product_cat":[174,180],"product_tag":[],"class_list":["post-3886","product","type-product","status-publish","has-post-thumbnail","hentry","product_cat-recambios-carwash","product_cat-valvulas-y-electrovalvulas"],"publishpress_future_workflow_manual_trigger":{"enabledWorkflows":[]},"_links":{"self":[{"href":"https:\/\/www.tecowash.com\/tecowash18\/wp-json\/wp\/v2\/product\/3886"}],"collection":[{"href":"https:\/\/www.tecowash.com\/tecowash18\/wp-json\/wp\/v2\/product"}],"about":[{"href":"https:\/\/www.tecowash.com\/tecowash18\/wp-json\/wp\/v2\/types\/product"}],"wp:featuredmedia":[{"embeddable":true,"href":"https:\/\/www.tecowash.com\/tecowash18\/wp-json\/wp\/v2\/media\/5944"}],"wp:attachment":[{"href":"https:\/\/www.tecowash.com\/tecowash18\/wp-json\/wp\/v2\/media?parent=3886"}],"wp:term":[{"taxonomy":"product_cat","embeddable":true,"href":"https:\/\/www.tecowash.com\/tecowash18\/wp-json\/wp\/v2\/product_cat?post=3886"},{"taxonomy":"product_tag","embeddable":true,"href":"https:\/\/www.tecowash.com\/tecowash18\/wp-json\/wp\/v2\/product_tag?post=3886"}],"curies":[{"name":"wp","href":"https:\/\/api.w.org\/{rel}","templated":true}]}}