{"id":3867,"date":"2018-07-24T21:41:03","date_gmt":"2018-07-24T19:41:03","guid":{"rendered":"http:\/\/www.tecowash.com\/?post_type=product&#038;p=3867"},"modified":"2023-08-03T09:04:01","modified_gmt":"2023-08-03T07:04:01","slug":"anillos-para-bomba-1520carwash","status":"publish","type":"product","link":"https:\/\/www.tecowash.com\/tecowash18\/producto\/anillos-para-bomba-1520carwash\/","title":{"rendered":"RETENES  BOMBA HAWK 1520CARWASH"},"content":{"rendered":"<p><a href=\"https:\/\/www.tecowash.com\/tecowash18\/wp-content\/uploads\/2018\/07\/RECAMBIOS_BOMBAS_tecowash_spain_AGO_23_B.pdf\" target=\"_blank\" rel=\"noopener noreferrer\"><img loading=\"lazy\" decoding=\"async\" class=\"aligncenter size-full wp-image-9010\" src=\"https:\/\/www.tecowash.com\/tecowash18\/wp-content\/uploads\/2019\/10\/pdf_logo_B.png\" alt=\"\" width=\"250\" height=\"121\" srcset=\"https:\/\/www.tecowash.com\/tecowash18\/wp-content\/uploads\/2019\/10\/pdf_logo_B.png 250w, https:\/\/www.tecowash.com\/tecowash18\/wp-content\/uploads\/2019\/10\/pdf_logo_B-24x12.png 24w, https:\/\/www.tecowash.com\/tecowash18\/wp-content\/uploads\/2019\/10\/pdf_logo_B-36x17.png 36w, https:\/\/www.tecowash.com\/tecowash18\/wp-content\/uploads\/2019\/10\/pdf_logo_B-48x23.png 48w\" sizes=\"(max-width: 250px) 100vw, 250px\" \/><\/a><\/p>\n<p><strong><span style=\"font-size: 18pt;\"><span style=\"color: #000000;\">RETENES<\/span> <span style=\"color: #99cc00;\">\u00a0BOMBA HAWK 1520 CARWASH<\/span><\/span><\/strong><\/p>\n<p><span style=\"color: #000000; font-size: 14pt;\"><strong>Referencia:<\/strong> 260078 &#8211; Retenes para Bomba Hawk 1520 Carwash<\/span><br \/>\n<span style=\"color: #000000;\">Kit retenes de retenci\u00f3n para Bomba Hawk 1520 CarWash.<\/span><br \/>\n<span style=\"color: #000000;\">Retenes de retenci\u00f3n: \u00d8 20<\/span><br \/>\n<span style=\"color: #000000;\">Cantidad: 3 juegos de 4 anillos<\/span><br \/>\n<span style=\"color: #000000;\">Para modelos referencias: Hawk 1520 Carwash , 15L\/min.<\/span><\/p>\n<p>&nbsp;<\/p>\n","protected":false},"excerpt":{"rendered":"<p>RETENES \u00a0BOMBA HAWK 1520 CARWASH Referencia: 260078 &#8211; Retenes para Bomba Hawk 1520 Carwash Kit retenes de retenci\u00f3n para Bomba Hawk 1520 CarWash. Retenes de retenci\u00f3n: \u00d8 20 Cantidad: 3 juegos de 4 anillos Para modelos referencias: Hawk 1520 Carwash , 15L\/min. &nbsp;<\/p>\n","protected":false},"featured_media":7014,"template":"","meta":[],"product_cat":[174,179],"product_tag":[],"class_list":["post-3867","product","type-product","status-publish","has-post-thumbnail","hentry","product_cat-recambios-carwash","product_cat-bombas-y-recambios"],"publishpress_future_workflow_manual_trigger":{"enabledWorkflows":[]},"_links":{"self":[{"href":"https:\/\/www.tecowash.com\/tecowash18\/wp-json\/wp\/v2\/product\/3867"}],"collection":[{"href":"https:\/\/www.tecowash.com\/tecowash18\/wp-json\/wp\/v2\/product"}],"about":[{"href":"https:\/\/www.tecowash.com\/tecowash18\/wp-json\/wp\/v2\/types\/product"}],"wp:featuredmedia":[{"embeddable":true,"href":"https:\/\/www.tecowash.com\/tecowash18\/wp-json\/wp\/v2\/media\/7014"}],"wp:attachment":[{"href":"https:\/\/www.tecowash.com\/tecowash18\/wp-json\/wp\/v2\/media?parent=3867"}],"wp:term":[{"taxonomy":"product_cat","embeddable":true,"href":"https:\/\/www.tecowash.com\/tecowash18\/wp-json\/wp\/v2\/product_cat?post=3867"},{"taxonomy":"product_tag","embeddable":true,"href":"https:\/\/www.tecowash.com\/tecowash18\/wp-json\/wp\/v2\/product_tag?post=3867"}],"curies":[{"name":"wp","href":"https:\/\/api.w.org\/{rel}","templated":true}]}}