{"id":3805,"date":"2018-07-24T20:45:17","date_gmt":"2018-07-24T18:45:17","guid":{"rendered":"http:\/\/www.tecowash.com\/?post_type=product&#038;p=3805"},"modified":"2022-10-05T16:02:50","modified_gmt":"2022-10-05T14:02:50","slug":"conexion-giratoria-recta","status":"publish","type":"product","link":"https:\/\/www.tecowash.com\/tecowash18\/producto\/conexion-giratoria-recta\/","title":{"rendered":"CONEXI\u00d3N GIRATORIA RECTA PARA PISTOLA"},"content":{"rendered":"<p><a href=\"https:\/\/www.tecowash.com\/tecowash18\/wp-content\/uploads\/2018\/07\/Niples_Giratorios_tecowash_spain_OCT_22.pdf\" target=\"_blank\" rel=\"noopener noreferrer\"><img loading=\"lazy\" decoding=\"async\" class=\"aligncenter size-full wp-image-9010\" src=\"https:\/\/www.tecowash.com\/tecowash18\/wp-content\/uploads\/2019\/10\/pdf_logo_B.png\" alt=\"\" width=\"250\" height=\"121\" srcset=\"https:\/\/www.tecowash.com\/tecowash18\/wp-content\/uploads\/2019\/10\/pdf_logo_B.png 250w, https:\/\/www.tecowash.com\/tecowash18\/wp-content\/uploads\/2019\/10\/pdf_logo_B-24x12.png 24w, https:\/\/www.tecowash.com\/tecowash18\/wp-content\/uploads\/2019\/10\/pdf_logo_B-36x17.png 36w, https:\/\/www.tecowash.com\/tecowash18\/wp-content\/uploads\/2019\/10\/pdf_logo_B-48x23.png 48w\" sizes=\"(max-width: 250px) 100vw, 250px\" \/><\/a><\/p>\n<p><strong><span style=\"font-size: 18pt\"><span style=\"color: #000000\">CONEXI\u00d3N GIRATORIA<\/span> <span style=\"color: #99cc00\">RECTA PARA PISTOLA<\/span><\/span><\/strong><\/p>\n<p><span style=\"color: #000000;font-size: 14pt\"><strong>Referencia Serie B:<\/strong> 4100801005 Conexi\u00f3n Giratoria recta para Pistola.<\/span><br \/>\n<span style=\"color: #000000\">Especial para conectar la manguera a la pistola.<\/span><br \/>\n<span style=\"color: #000000\">Presi\u00f3n: 280 bar.<\/span><br \/>\n<span style=\"color: #000000\">Caudal: 40 l\/min. <\/span><br \/>\n<span style=\"color: #000000\">Temperatura: 150\u00b0C<\/span><\/p>\n","protected":false},"excerpt":{"rendered":"<p>CONEXI\u00d3N GIRATORIA RECTA PARA PISTOLA Referencia Serie B: 4100801005 Conexi\u00f3n Giratoria recta para Pistola. Especial para conectar la manguera a la pistola. Presi\u00f3n: 280 bar. Caudal: 40 l\/min. Temperatura: 150\u00b0C<\/p>\n","protected":false},"featured_media":5916,"template":"","meta":[],"product_cat":[174,177],"product_tag":[],"class_list":["post-3805","product","type-product","status-publish","has-post-thumbnail","hentry","product_cat-recambios-carwash","product_cat-niples-giratorios-y-conexiones"],"publishpress_future_workflow_manual_trigger":{"enabledWorkflows":[]},"_links":{"self":[{"href":"https:\/\/www.tecowash.com\/tecowash18\/wp-json\/wp\/v2\/product\/3805"}],"collection":[{"href":"https:\/\/www.tecowash.com\/tecowash18\/wp-json\/wp\/v2\/product"}],"about":[{"href":"https:\/\/www.tecowash.com\/tecowash18\/wp-json\/wp\/v2\/types\/product"}],"wp:featuredmedia":[{"embeddable":true,"href":"https:\/\/www.tecowash.com\/tecowash18\/wp-json\/wp\/v2\/media\/5916"}],"wp:attachment":[{"href":"https:\/\/www.tecowash.com\/tecowash18\/wp-json\/wp\/v2\/media?parent=3805"}],"wp:term":[{"taxonomy":"product_cat","embeddable":true,"href":"https:\/\/www.tecowash.com\/tecowash18\/wp-json\/wp\/v2\/product_cat?post=3805"},{"taxonomy":"product_tag","embeddable":true,"href":"https:\/\/www.tecowash.com\/tecowash18\/wp-json\/wp\/v2\/product_tag?post=3805"}],"curies":[{"name":"wp","href":"https:\/\/api.w.org\/{rel}","templated":true}]}}