{"id":3584,"date":"2018-07-12T12:08:08","date_gmt":"2018-07-12T10:08:08","guid":{"rendered":"http:\/\/www.tecowash.com\/?post_type=product&#038;p=3584"},"modified":"2023-03-16T08:40:51","modified_gmt":"2023-03-16T07:40:51","slug":"fregadora-fkc-36","status":"publish","type":"product","link":"https:\/\/www.tecowash.com\/tecowash18\/producto\/fregadora-fkc-36\/","title":{"rendered":"FREGADORA  FKC 36"},"content":{"rendered":"<p>&nbsp;<\/p>\n<p><a href=\"https:\/\/www.tecowash.com\/tecowash18\/wp-content\/uploads\/2018\/07\/Fregadoras_tecowash_2020.pdf\" target=\"_blank\" rel=\"noopener noreferrer\"><img loading=\"lazy\" decoding=\"async\" class=\"aligncenter size-full wp-image-9010\" src=\"https:\/\/www.tecowash.com\/tecowash18\/wp-content\/uploads\/2019\/10\/pdf_logo_B.png\" alt=\"\" width=\"250\" height=\"121\" srcset=\"https:\/\/www.tecowash.com\/tecowash18\/wp-content\/uploads\/2019\/10\/pdf_logo_B.png 250w, https:\/\/www.tecowash.com\/tecowash18\/wp-content\/uploads\/2019\/10\/pdf_logo_B-24x12.png 24w, https:\/\/www.tecowash.com\/tecowash18\/wp-content\/uploads\/2019\/10\/pdf_logo_B-36x17.png 36w, https:\/\/www.tecowash.com\/tecowash18\/wp-content\/uploads\/2019\/10\/pdf_logo_B-48x23.png 48w\" sizes=\"(max-width: 250px) 100vw, 250px\" \/><\/a><\/p>\n<p><span style=\"font-size: 18pt\"><strong><span style=\"color: #000000\">FREGADORA<\/span>\u00a0\u00a0<span style=\"color: #99cc00\">FKC 36<\/span><\/strong><\/span><\/p>\n<p style=\"text-align: left\"><span style=\"color: #000000\"><strong>Referencia:<\/strong> FKC-36B con bater\u00edas, disco de 36 \u00d8<\/span><br \/>\n<span style=\"color: #000000\"><strong>Referencia:<\/strong> FKC-36C con cable, disco de 36 \u00d8<\/span><br \/>\n<span style=\"color: #000000\">Carcasa de pl\u00e1stico duro.<\/span><br \/>\n<span style=\"color: #000000\">Pensada para trabajar de 4 a 5 horas sin parar.<\/span><br \/>\n<span style=\"color: #000000\">Paro autom\u00e1tico total stop.<\/span><\/p>\n<p>&nbsp;<\/p>\n<p>\n<a href=\"https:\/\/www.tecowash.com\/tecowash18\/wp-content\/uploads\/2018\/07\/Fregaderas_FKC_36_Ficha_B.jpg\"><img loading=\"lazy\" decoding=\"async\" class=\"alignright size-large wp-image-5871\" src=\"https:\/\/www.tecowash.com\/tecowash18\/wp-content\/uploads\/2018\/07\/Fregaderas_FKC_36_Ficha_B-1024x703.jpg\" alt=\"\" width=\"980\" height=\"673\" srcset=\"https:\/\/www.tecowash.com\/tecowash18\/wp-content\/uploads\/2018\/07\/Fregaderas_FKC_36_Ficha_B-1024x703.jpg 1024w, https:\/\/www.tecowash.com\/tecowash18\/wp-content\/uploads\/2018\/07\/Fregaderas_FKC_36_Ficha_B-416x286.jpg 416w, https:\/\/www.tecowash.com\/tecowash18\/wp-content\/uploads\/2018\/07\/Fregaderas_FKC_36_Ficha_B-300x206.jpg 300w, https:\/\/www.tecowash.com\/tecowash18\/wp-content\/uploads\/2018\/07\/Fregaderas_FKC_36_Ficha_B-768x527.jpg 768w, https:\/\/www.tecowash.com\/tecowash18\/wp-content\/uploads\/2018\/07\/Fregaderas_FKC_36_Ficha_B-600x412.jpg 600w, https:\/\/www.tecowash.com\/tecowash18\/wp-content\/uploads\/2018\/07\/Fregaderas_FKC_36_Ficha_B-24x16.jpg 24w, https:\/\/www.tecowash.com\/tecowash18\/wp-content\/uploads\/2018\/07\/Fregaderas_FKC_36_Ficha_B-36x25.jpg 36w, https:\/\/www.tecowash.com\/tecowash18\/wp-content\/uploads\/2018\/07\/Fregaderas_FKC_36_Ficha_B-48x33.jpg 48w, https:\/\/www.tecowash.com\/tecowash18\/wp-content\/uploads\/2018\/07\/Fregaderas_FKC_36_Ficha_B.jpg 1521w\" sizes=\"(max-width: 980px) 100vw, 980px\" \/><\/a><\/p>\n","protected":false},"excerpt":{"rendered":"<p>&nbsp; FREGADORA\u00a0\u00a0FKC 36 Referencia: FKC-36B con bater\u00edas, disco de 36 \u00d8 Referencia: FKC-36C con cable, disco de 36 \u00d8 Carcasa de pl\u00e1stico duro. Pensada para trabajar de 4 a 5 horas sin parar. Paro autom\u00e1tico total stop. &nbsp;<\/p>\n","protected":false},"featured_media":5867,"template":"","meta":[],"product_cat":[127,170],"product_tag":[],"class_list":["post-3584","product","type-product","status-publish","has-post-thumbnail","hentry","product_cat-hidrolimpiadoras-grupos-bomba-motor","product_cat-fregadoras"],"publishpress_future_workflow_manual_trigger":{"enabledWorkflows":[]},"_links":{"self":[{"href":"https:\/\/www.tecowash.com\/tecowash18\/wp-json\/wp\/v2\/product\/3584"}],"collection":[{"href":"https:\/\/www.tecowash.com\/tecowash18\/wp-json\/wp\/v2\/product"}],"about":[{"href":"https:\/\/www.tecowash.com\/tecowash18\/wp-json\/wp\/v2\/types\/product"}],"wp:featuredmedia":[{"embeddable":true,"href":"https:\/\/www.tecowash.com\/tecowash18\/wp-json\/wp\/v2\/media\/5867"}],"wp:attachment":[{"href":"https:\/\/www.tecowash.com\/tecowash18\/wp-json\/wp\/v2\/media?parent=3584"}],"wp:term":[{"taxonomy":"product_cat","embeddable":true,"href":"https:\/\/www.tecowash.com\/tecowash18\/wp-json\/wp\/v2\/product_cat?post=3584"},{"taxonomy":"product_tag","embeddable":true,"href":"https:\/\/www.tecowash.com\/tecowash18\/wp-json\/wp\/v2\/product_tag?post=3584"}],"curies":[{"name":"wp","href":"https:\/\/api.w.org\/{rel}","templated":true}]}}