{"id":3567,"date":"2018-07-12T11:45:05","date_gmt":"2018-07-12T09:45:05","guid":{"rendered":"http:\/\/www.tecowash.com\/?post_type=product&#038;p=3567"},"modified":"2021-04-27T08:38:25","modified_gmt":"2021-04-27T06:38:25","slug":"ft","status":"publish","type":"product","link":"https:\/\/www.tecowash.com\/tecowash18\/producto\/ft\/","title":{"rendered":"HIDROLIMPIADORA FT"},"content":{"rendered":"<p><a href=\"https:\/\/www.tecowash.com\/tecowash18\/wp-content\/uploads\/2018\/07\/Hidrolimpiadora_FT_tecowash_spain_2021.pdf\" target=\"_blank\" rel=\"noopener noreferrer\"><img loading=\"lazy\" decoding=\"async\" class=\"aligncenter size-full wp-image-9010\" src=\"https:\/\/www.tecowash.com\/tecowash18\/wp-content\/uploads\/2019\/10\/pdf_logo_B.png\" alt=\"\" width=\"250\" height=\"121\" srcset=\"https:\/\/www.tecowash.com\/tecowash18\/wp-content\/uploads\/2019\/10\/pdf_logo_B.png 250w, https:\/\/www.tecowash.com\/tecowash18\/wp-content\/uploads\/2019\/10\/pdf_logo_B-24x12.png 24w, https:\/\/www.tecowash.com\/tecowash18\/wp-content\/uploads\/2019\/10\/pdf_logo_B-36x17.png 36w, https:\/\/www.tecowash.com\/tecowash18\/wp-content\/uploads\/2019\/10\/pdf_logo_B-48x23.png 48w\" sizes=\"(max-width: 250px) 100vw, 250px\" \/><\/a><\/p>\n<p><strong><span style=\"font-size: 18pt\"><span style=\"color: #000000\">HIDROLIMPIADORA<\/span><span style=\"color: #99cc00\"> FT<\/span><\/span><\/strong><\/p>\n<div><span style=\"color: #000000;font-size: 14pt\"><strong>Referencia:<\/strong> B220013 <strong>Hidrolimpiadora Ft.<\/strong><\/span><\/div>\n<div>Carcasa en pl\u00e1stico duro. Pensada para trabajos de 8 a 10 horas sin parar. <br \/>\nParo autom\u00e1tico total stop.<br \/>\n<span style=\"color: #000000\"><strong>Versi\u00f3n:<\/strong><\/span> 150 Bar 15 litros \/ min.<br \/>\n<span style=\"color: #000000\"><strong>HP:<\/strong><\/span> 5, 5.<br \/>\n<strong><span style=\"color: #000000\">Rpm:<\/span><\/strong> 1.450.<br \/>\n<strong><span style=\"color: #000000\">Volts:<\/span><\/strong> 400v \/ 3 (50 Hz).<br \/>\n<strong><span style=\"color: #000000\">Bomba:<\/span> <\/strong>XM 15 \/ 15 AR.<\/div>\n","protected":false},"excerpt":{"rendered":"<p>HIDROLIMPIADORA FT Referencia: B220013 Hidrolimpiadora Ft. Carcasa en pl\u00e1stico duro. Pensada para trabajos de 8 a 10 horas sin parar. Paro autom\u00e1tico total stop. Versi\u00f3n: 150 Bar 15 litros \/ min. HP: 5, 5. Rpm: 1.450. Volts: 400v \/ 3 (50 Hz). Bomba: XM 15 \/ 15 AR.<\/p>\n","protected":false},"featured_media":5862,"template":"","meta":[],"product_cat":[127,128],"product_tag":[],"class_list":["post-3567","product","type-product","status-publish","has-post-thumbnail","hentry","product_cat-hidrolimpiadoras-grupos-bomba-motor","product_cat-agua-fria"],"publishpress_future_workflow_manual_trigger":{"enabledWorkflows":[]},"_links":{"self":[{"href":"https:\/\/www.tecowash.com\/tecowash18\/wp-json\/wp\/v2\/product\/3567"}],"collection":[{"href":"https:\/\/www.tecowash.com\/tecowash18\/wp-json\/wp\/v2\/product"}],"about":[{"href":"https:\/\/www.tecowash.com\/tecowash18\/wp-json\/wp\/v2\/types\/product"}],"wp:featuredmedia":[{"embeddable":true,"href":"https:\/\/www.tecowash.com\/tecowash18\/wp-json\/wp\/v2\/media\/5862"}],"wp:attachment":[{"href":"https:\/\/www.tecowash.com\/tecowash18\/wp-json\/wp\/v2\/media?parent=3567"}],"wp:term":[{"taxonomy":"product_cat","embeddable":true,"href":"https:\/\/www.tecowash.com\/tecowash18\/wp-json\/wp\/v2\/product_cat?post=3567"},{"taxonomy":"product_tag","embeddable":true,"href":"https:\/\/www.tecowash.com\/tecowash18\/wp-json\/wp\/v2\/product_tag?post=3567"}],"curies":[{"name":"wp","href":"https:\/\/api.w.org\/{rel}","templated":true}]}}