{"id":3557,"date":"2018-07-12T11:31:29","date_gmt":"2018-07-12T09:31:29","guid":{"rendered":"http:\/\/www.tecowash.com\/?post_type=product&#038;p=3557"},"modified":"2022-06-09T15:11:13","modified_gmt":"2022-06-09T13:11:13","slug":"tapon-con-grifo","status":"publish","type":"product","link":"https:\/\/www.tecowash.com\/tecowash18\/producto\/tapon-con-grifo\/","title":{"rendered":"TAPO\u0301N CON GRIFO"},"content":{"rendered":"<div class=\"page\" title=\"Page 91\">\n<div class=\"section\">\n<div class=\"layoutArea\">\n<div class=\"column\">\n<p><a href=\"https:\/\/www.tecowash.com\/tecowash18\/wp-content\/uploads\/2018\/07\/COMPLEMENTOS_LAVADO_MANUAL_c_tecowash_spain_JUN_2022.pdf\" target=\"_blank\" rel=\"noopener noreferrer\"><img loading=\"lazy\" decoding=\"async\" class=\"aligncenter size-full wp-image-9010\" src=\"https:\/\/www.tecowash.com\/tecowash18\/wp-content\/uploads\/2019\/10\/pdf_logo_B.png\" alt=\"\" width=\"250\" height=\"121\" srcset=\"https:\/\/www.tecowash.com\/tecowash18\/wp-content\/uploads\/2019\/10\/pdf_logo_B.png 250w, https:\/\/www.tecowash.com\/tecowash18\/wp-content\/uploads\/2019\/10\/pdf_logo_B-24x12.png 24w, https:\/\/www.tecowash.com\/tecowash18\/wp-content\/uploads\/2019\/10\/pdf_logo_B-36x17.png 36w, https:\/\/www.tecowash.com\/tecowash18\/wp-content\/uploads\/2019\/10\/pdf_logo_B-48x23.png 48w\" sizes=\"(max-width: 250px) 100vw, 250px\" \/><\/a><\/p>\n<iframe loading=\"lazy\"  id=\"_ytid_22272\"  width=\"980\" height=\"551\"  data-origwidth=\"980\" data-origheight=\"551\" src=\"https:\/\/www.youtube.com\/embed\/YpLy0lJItAE?enablejsapi=1&autoplay=0&cc_load_policy=0&cc_lang_pref=&iv_load_policy=1&loop=0&modestbranding=0&rel=1&fs=1&playsinline=0&autohide=2&theme=dark&color=red&controls=1&\" class=\"__youtube_prefs__  no-lazyload\" title=\"YouTube player\"  allow=\"fullscreen; accelerometer; autoplay; clipboard-write; encrypted-media; gyroscope; picture-in-picture\" allowfullscreen data-no-lazy=\"1\" data-skipgform_ajax_framebjll=\"\"><\/iframe>\n<p><strong><span style=\"font-size: 18pt\"><span style=\"color: #000000\">TAPO\u0301N<\/span> <span style=\"color: #99cc00\">CON GRIFO<\/span><\/span><\/strong><\/p>\n<p><span style=\"color: #000000\"><span style=\"font-size: 14pt\"><strong>Referencia:<\/strong> 70830 &#8211; Tap\u00f3n con grifo.<\/span> <\/span><br \/>\n<span style=\"color: #000000\">Tap\u00f3n con grifo para dosificar y dispensar producto qu\u00edmico.<\/span><\/p>\n<\/div>\n<div>\n<p>&nbsp;<\/p>\n<\/div>\n<\/div>\n<\/div>\n<\/div>\n","protected":false},"excerpt":{"rendered":"<p>TAPO\u0301N CON GRIFO Referencia: 70830 &#8211; Tap\u00f3n con grifo. Tap\u00f3n con grifo para dosificar y dispensar producto qu\u00edmico. &nbsp;<\/p>\n","protected":false},"featured_media":6488,"template":"","meta":[],"product_cat":[124,169],"product_tag":[],"class_list":["post-3557","product","type-product","status-publish","has-post-thumbnail","hentry","product_cat-complementos-para-el-lavado-manual","product_cat-complementos"],"publishpress_future_workflow_manual_trigger":{"enabledWorkflows":[]},"_links":{"self":[{"href":"https:\/\/www.tecowash.com\/tecowash18\/wp-json\/wp\/v2\/product\/3557"}],"collection":[{"href":"https:\/\/www.tecowash.com\/tecowash18\/wp-json\/wp\/v2\/product"}],"about":[{"href":"https:\/\/www.tecowash.com\/tecowash18\/wp-json\/wp\/v2\/types\/product"}],"wp:featuredmedia":[{"embeddable":true,"href":"https:\/\/www.tecowash.com\/tecowash18\/wp-json\/wp\/v2\/media\/6488"}],"wp:attachment":[{"href":"https:\/\/www.tecowash.com\/tecowash18\/wp-json\/wp\/v2\/media?parent=3557"}],"wp:term":[{"taxonomy":"product_cat","embeddable":true,"href":"https:\/\/www.tecowash.com\/tecowash18\/wp-json\/wp\/v2\/product_cat?post=3557"},{"taxonomy":"product_tag","embeddable":true,"href":"https:\/\/www.tecowash.com\/tecowash18\/wp-json\/wp\/v2\/product_tag?post=3557"}],"curies":[{"name":"wp","href":"https:\/\/api.w.org\/{rel}","templated":true}]}}