{"id":3523,"date":"2018-07-11T21:55:21","date_gmt":"2018-07-11T19:55:21","guid":{"rendered":"http:\/\/www.tecowash.com\/?post_type=product&#038;p=3523"},"modified":"2021-04-15T12:34:48","modified_gmt":"2021-04-15T10:34:48","slug":"dosificador-hidraulico","status":"publish","type":"product","link":"https:\/\/www.tecowash.com\/tecowash18\/producto\/dosificador-hidraulico\/","title":{"rendered":"DOSIFICADOR HIDRA\u0301ULICO"},"content":{"rendered":"<p><a href=\"https:\/\/www.tecowash.com\/tecowash18\/wp-content\/uploads\/2020\/03\/Dosificador_Dilyudosis_Hidraulico_tecowash_spain_2021.pdf\" target=\"_blank\" rel=\"noopener noreferrer\"><img loading=\"lazy\" decoding=\"async\" class=\"aligncenter size-full wp-image-9010\" src=\"https:\/\/www.tecowash.com\/tecowash18\/wp-content\/uploads\/2019\/10\/pdf_logo_B.png\" alt=\"\" width=\"250\" height=\"121\" srcset=\"https:\/\/www.tecowash.com\/tecowash18\/wp-content\/uploads\/2019\/10\/pdf_logo_B.png 250w, https:\/\/www.tecowash.com\/tecowash18\/wp-content\/uploads\/2019\/10\/pdf_logo_B-24x12.png 24w, https:\/\/www.tecowash.com\/tecowash18\/wp-content\/uploads\/2019\/10\/pdf_logo_B-36x17.png 36w, https:\/\/www.tecowash.com\/tecowash18\/wp-content\/uploads\/2019\/10\/pdf_logo_B-48x23.png 48w\" sizes=\"(max-width: 250px) 100vw, 250px\" \/><\/a><\/p>\n<p><strong><span style=\"font-size: 18pt\">DOSIFICADOR<span style=\"color: #99cc00\"> HIDRA\u0301ULICO<\/span><\/span><\/strong><\/p>\n<p><a href=\"https:\/\/vimeo.com\/61008825\" target=\"_blank\" rel=\"noopener noreferrer\"><img loading=\"lazy\" decoding=\"async\" class=\"aligncenter size-full wp-image-10494\" src=\"https:\/\/www.tecowash.com\/tecowash18\/wp-content\/uploads\/2018\/07\/Videos_Dosificador_Hidraulico_tecowash_77png.png\" alt=\"\" width=\"449\" height=\"86\" srcset=\"https:\/\/www.tecowash.com\/tecowash18\/wp-content\/uploads\/2018\/07\/Videos_Dosificador_Hidraulico_tecowash_77png.png 449w, https:\/\/www.tecowash.com\/tecowash18\/wp-content\/uploads\/2018\/07\/Videos_Dosificador_Hidraulico_tecowash_77png-416x80.png 416w, https:\/\/www.tecowash.com\/tecowash18\/wp-content\/uploads\/2018\/07\/Videos_Dosificador_Hidraulico_tecowash_77png-300x57.png 300w, https:\/\/www.tecowash.com\/tecowash18\/wp-content\/uploads\/2018\/07\/Videos_Dosificador_Hidraulico_tecowash_77png-24x5.png 24w, https:\/\/www.tecowash.com\/tecowash18\/wp-content\/uploads\/2018\/07\/Videos_Dosificador_Hidraulico_tecowash_77png-36x7.png 36w, https:\/\/www.tecowash.com\/tecowash18\/wp-content\/uploads\/2018\/07\/Videos_Dosificador_Hidraulico_tecowash_77png-48x9.png 48w\" sizes=\"(max-width: 449px) 100vw, 449px\" \/><\/a><\/p>\n<p><strong> Referencia<\/strong>: D25RE2- <strong>Dosificador hidr\u00e1ulico Dosatro\u0301n modelo D25RE2.<\/strong><br \/>\nPensado para trabajar con nuestro producto S\u00faper Liquid Powder Jet (v\u00e1lvula dosificadora se vende aparte).<br \/>\n<strong>Dosificaci\u00f3n:<\/strong> 0.2 a 2%<br \/>\n<strong>Ratio:<\/strong> 1:500 a 1:50<br \/>\n<strong>Caudal de inyecci\u00f3n de prod. concentrado:<\/strong> mi\u0301n 0.02 ma\u0301x. 50 l\/h. <br \/>\n<strong>Presi\u00f3n de trabajo:<\/strong> mi\u0301n. 0.3bar, ma\u0301x. 6 bar.<\/p>\n<p>&nbsp;<\/p>\n<p>&nbsp;<\/p>\n","protected":false},"excerpt":{"rendered":"<p>DOSIFICADOR HIDRA\u0301ULICO Referencia: D25RE2- Dosificador hidr\u00e1ulico Dosatro\u0301n modelo D25RE2. Pensado para trabajar con nuestro producto S\u00faper Liquid Powder Jet (v\u00e1lvula dosificadora se vende aparte). Dosificaci\u00f3n: 0.2 a 2% Ratio: 1:500 a 1:50 Caudal de inyecci\u00f3n de prod. concentrado: mi\u0301n 0.02 ma\u0301x. 50 l\/h. Presi\u00f3n de trabajo: mi\u0301n. 0.3bar, ma\u0301x. 6 bar. &nbsp; &nbsp;<\/p>\n","protected":false},"featured_media":6491,"template":"","meta":[],"product_cat":[96,160],"product_tag":[],"class_list":["post-3523","product","type-product","status-publish","has-post-thumbnail","hentry","product_cat-maquinaria-de-lavado-manual","product_cat-pulverizadores"],"publishpress_future_workflow_manual_trigger":{"enabledWorkflows":[]},"_links":{"self":[{"href":"https:\/\/www.tecowash.com\/tecowash18\/wp-json\/wp\/v2\/product\/3523"}],"collection":[{"href":"https:\/\/www.tecowash.com\/tecowash18\/wp-json\/wp\/v2\/product"}],"about":[{"href":"https:\/\/www.tecowash.com\/tecowash18\/wp-json\/wp\/v2\/types\/product"}],"wp:featuredmedia":[{"embeddable":true,"href":"https:\/\/www.tecowash.com\/tecowash18\/wp-json\/wp\/v2\/media\/6491"}],"wp:attachment":[{"href":"https:\/\/www.tecowash.com\/tecowash18\/wp-json\/wp\/v2\/media?parent=3523"}],"wp:term":[{"taxonomy":"product_cat","embeddable":true,"href":"https:\/\/www.tecowash.com\/tecowash18\/wp-json\/wp\/v2\/product_cat?post=3523"},{"taxonomy":"product_tag","embeddable":true,"href":"https:\/\/www.tecowash.com\/tecowash18\/wp-json\/wp\/v2\/product_tag?post=3523"}],"curies":[{"name":"wp","href":"https:\/\/api.w.org\/{rel}","templated":true}]}}