{"id":3479,"date":"2018-07-11T20:48:55","date_gmt":"2018-07-11T18:48:55","guid":{"rendered":"http:\/\/www.tecowash.com\/?post_type=product&#038;p=3479"},"modified":"2023-06-29T09:30:19","modified_gmt":"2023-06-29T07:30:19","slug":"pistola-efecto-tornado-mas-aspiracion-top-gun-aluminio","status":"publish","type":"product","link":"https:\/\/www.tecowash.com\/tecowash18\/producto\/pistola-efecto-tornado-mas-aspiracion-top-gun-aluminio\/","title":{"rendered":"PISTOLA EFECTO TORNADO MA\u0301S ASPIRACIO\u0301N TOP GUN ALUMINIO"},"content":{"rendered":"<div class=\"page\" title=\"Page 77\">\n<div class=\"section\">\n<div class=\"layoutArea\">\n<div class=\"column\">\n<div class=\"page\" title=\"Page 77\">\n<div class=\"section\">\n<div class=\"layoutArea\">\n<div class=\"column\">\n<p><a href=\"https:\/\/www.tecowash.com\/tecowash18\/wp-content\/uploads\/2020\/03\/PISTOLAS_AIRE_COMPRIMIDO_tecowash_spain_jun_23.pdf\" target=\"_blank\" rel=\"noopener noreferrer\"><img loading=\"lazy\" decoding=\"async\" class=\"aligncenter size-full wp-image-9010\" src=\"https:\/\/www.tecowash.com\/tecowash18\/wp-content\/uploads\/2019\/10\/pdf_logo_B.png\" alt=\"\" width=\"250\" height=\"121\" srcset=\"https:\/\/www.tecowash.com\/tecowash18\/wp-content\/uploads\/2019\/10\/pdf_logo_B.png 250w, https:\/\/www.tecowash.com\/tecowash18\/wp-content\/uploads\/2019\/10\/pdf_logo_B-24x12.png 24w, https:\/\/www.tecowash.com\/tecowash18\/wp-content\/uploads\/2019\/10\/pdf_logo_B-36x17.png 36w, https:\/\/www.tecowash.com\/tecowash18\/wp-content\/uploads\/2019\/10\/pdf_logo_B-48x23.png 48w\" sizes=\"(max-width: 250px) 100vw, 250px\" \/><\/a><\/p>\n<p><strong><span style=\"font-size: 18pt;\">PISTOLA EFECTO TORNADO MA\u0301S ASPIRACIO\u0301N <span style=\"color: #99cc00;\">TOP GUN ALUMINIO<\/span><\/span><\/strong><\/p>\n<p><strong>Referencia:<\/strong> LT-34-2 <strong>&#8211; Pistola Efecto Tornado M\u00e1s Aspitaci\u00f3n Top Gun Aluminio.<\/strong><br \/>\nPistola pulverizadora de gran potencia. Para la limpieza de tapizados y moqueta del veh\u00edculo. <br \/>\nPulverizaci\u00f3n y aspiraci\u00f3n en el mismo momento.<br \/>\nLimpia todo tipo de suciedad. Ideal para trabajar con producto Lava Interni B.<\/p>\n<\/div>\n<\/div>\n<\/div>\n<\/div>\n<\/div>\n<\/div>\n<\/div>\n<\/div>\n","protected":false},"excerpt":{"rendered":"<p>PISTOLA EFECTO TORNADO MA\u0301S ASPIRACIO\u0301N TOP GUN ALUMINIO Referencia: LT-34-2 &#8211; Pistola Efecto Tornado M\u00e1s Aspitaci\u00f3n Top Gun Aluminio. Pistola pulverizadora de gran potencia. Para la limpieza de tapizados y moqueta del veh\u00edculo. Pulverizaci\u00f3n y aspiraci\u00f3n en el mismo momento. Limpia todo tipo de suciedad. Ideal para trabajar con producto Lava Interni B.<\/p>\n","protected":false},"featured_media":5829,"template":"","meta":[],"product_cat":[96,157],"product_tag":[],"class_list":["post-3479","product","type-product","status-publish","has-post-thumbnail","hentry","product_cat-maquinaria-de-lavado-manual","product_cat-limpia-tapicerias"],"publishpress_future_workflow_manual_trigger":{"enabledWorkflows":[]},"_links":{"self":[{"href":"https:\/\/www.tecowash.com\/tecowash18\/wp-json\/wp\/v2\/product\/3479"}],"collection":[{"href":"https:\/\/www.tecowash.com\/tecowash18\/wp-json\/wp\/v2\/product"}],"about":[{"href":"https:\/\/www.tecowash.com\/tecowash18\/wp-json\/wp\/v2\/types\/product"}],"wp:featuredmedia":[{"embeddable":true,"href":"https:\/\/www.tecowash.com\/tecowash18\/wp-json\/wp\/v2\/media\/5829"}],"wp:attachment":[{"href":"https:\/\/www.tecowash.com\/tecowash18\/wp-json\/wp\/v2\/media?parent=3479"}],"wp:term":[{"taxonomy":"product_cat","embeddable":true,"href":"https:\/\/www.tecowash.com\/tecowash18\/wp-json\/wp\/v2\/product_cat?post=3479"},{"taxonomy":"product_tag","embeddable":true,"href":"https:\/\/www.tecowash.com\/tecowash18\/wp-json\/wp\/v2\/product_tag?post=3479"}],"curies":[{"name":"wp","href":"https:\/\/api.w.org\/{rel}","templated":true}]}}