{"id":3472,"date":"2018-07-11T19:59:06","date_gmt":"2018-07-11T17:59:06","guid":{"rendered":"http:\/\/www.tecowash.com\/?post_type=product&#038;p=3472"},"modified":"2022-02-25T09:38:06","modified_gmt":"2022-02-25T08:38:06","slug":"limpia-tapicerias-de-2-motores","status":"publish","type":"product","link":"https:\/\/www.tecowash.com\/tecowash18\/producto\/limpia-tapicerias-de-2-motores\/","title":{"rendered":"LIMPIA TAPICERI\u0301AS DE 2 MOTORES"},"content":{"rendered":"<div class=\"page\" title=\"Page 75\">\n<div class=\"section\">\n<div class=\"layoutArea\">\n<div class=\"column\">\n<p><a href=\"https:\/\/www.tecowash.com\/tecowash18\/wp-content\/uploads\/2018\/06\/LIPIA_TAPICERIAS_VAPOR_tecowash_spain_feb_2022_B.pdf\" target=\"_blank\" rel=\"noopener noreferrer\"><img loading=\"lazy\" decoding=\"async\" class=\"aligncenter size-full wp-image-9010\" src=\"https:\/\/www.tecowash.com\/tecowash18\/wp-content\/uploads\/2019\/10\/pdf_logo_B.png\" alt=\"\" width=\"250\" height=\"121\" srcset=\"https:\/\/www.tecowash.com\/tecowash18\/wp-content\/uploads\/2019\/10\/pdf_logo_B.png 250w, https:\/\/www.tecowash.com\/tecowash18\/wp-content\/uploads\/2019\/10\/pdf_logo_B-24x12.png 24w, https:\/\/www.tecowash.com\/tecowash18\/wp-content\/uploads\/2019\/10\/pdf_logo_B-36x17.png 36w, https:\/\/www.tecowash.com\/tecowash18\/wp-content\/uploads\/2019\/10\/pdf_logo_B-48x23.png 48w\" sizes=\"(max-width: 250px) 100vw, 250px\" \/><\/a><\/p>\n<p><a href=\"https:\/\/www.tecowash.com\/tecowash18\/wp-content\/uploads\/2018\/07\/Limpia_Tapicerias_Lava_Interni_tecowash_spain_2021-1.mp4\" target=\"_blank\" rel=\"noopener noreferrer\"><img loading=\"lazy\" decoding=\"async\" class=\"aligncenter size-full wp-image-11498\" src=\"https:\/\/www.tecowash.com\/tecowash18\/wp-content\/uploads\/2020\/05\/Video_Logo_petit.png\" alt=\"\" width=\"150\" height=\"51\" srcset=\"https:\/\/www.tecowash.com\/tecowash18\/wp-content\/uploads\/2020\/05\/Video_Logo_petit.png 150w, https:\/\/www.tecowash.com\/tecowash18\/wp-content\/uploads\/2020\/05\/Video_Logo_petit-24x8.png 24w, https:\/\/www.tecowash.com\/tecowash18\/wp-content\/uploads\/2020\/05\/Video_Logo_petit-36x12.png 36w, https:\/\/www.tecowash.com\/tecowash18\/wp-content\/uploads\/2020\/05\/Video_Logo_petit-48x16.png 48w\" sizes=\"(max-width: 150px) 100vw, 150px\" \/><\/a><\/p>\n<p><span style=\"font-size: 18pt\"><strong><span style=\"color: #000000\">LIMPIA TAPICERI\u0301AS<\/span><span style=\"color: #99cc00\"> DE 2 MOTORES<\/span><\/strong><\/span><\/p>\n<p><span style=\"color: #000000;font-size: 14pt\"><strong>Referencia:<\/strong> VAC250PP<strong> &#8211; Limpia Tapicer\u00edas de 2 Motores.<\/strong><\/span><br \/>\n<span style=\"color: #000000\">Maquina limpia tapicer\u00edas fabricado en pl\u00e1stico antivanda\u0301lico. <\/span><br \/>\n<span style=\"color: #000000\">De gran potencia, con mucha capacidad de absorci\u00f3n. <\/span><br \/>\n<span style=\"color: #000000\">Retira el doble de agua que un equipo limpia tapicer\u00edas convencionales.<\/span><br \/>\n<span style=\"color: #000000\"><strong>Ficha:<\/strong> <\/span><br \/>\n<span style=\"color: #000000\"><strong>Motores:<\/strong> 2.<\/span><br \/>\n<span style=\"color: #000000\"><strong>Potencia:<\/strong> 2.600 W.<\/span><br \/>\n<span style=\"color: #000000\"><strong>Deposito tanque:<\/strong> Poli Propileo anti vand\u00e1lico.<\/span><br \/>\n<span style=\"color: #000000\"><strong>Capacidad tanque:<\/strong> 77 L.<\/span><\/p>\n<\/div>\n<\/div>\n<\/div>\n<\/div>\n","protected":false},"excerpt":{"rendered":"<p>LIMPIA TAPICERI\u0301AS DE 2 MOTORES Referencia: VAC250PP &#8211; Limpia Tapicer\u00edas de 2 Motores. Maquina limpia tapicer\u00edas fabricado en pl\u00e1stico antivanda\u0301lico. De gran potencia, con mucha capacidad de absorci\u00f3n. Retira el doble de agua que un equipo limpia tapicer\u00edas convencionales. Ficha: Motores: 2. Potencia: 2.600 W. Deposito tanque: Poli Propileo anti vand\u00e1lico. Capacidad tanque: 77 L.<\/p>\n","protected":false},"featured_media":5824,"template":"","meta":[],"product_cat":[96,157],"product_tag":[],"class_list":["post-3472","product","type-product","status-publish","has-post-thumbnail","hentry","product_cat-maquinaria-de-lavado-manual","product_cat-limpia-tapicerias"],"publishpress_future_workflow_manual_trigger":{"enabledWorkflows":[]},"_links":{"self":[{"href":"https:\/\/www.tecowash.com\/tecowash18\/wp-json\/wp\/v2\/product\/3472"}],"collection":[{"href":"https:\/\/www.tecowash.com\/tecowash18\/wp-json\/wp\/v2\/product"}],"about":[{"href":"https:\/\/www.tecowash.com\/tecowash18\/wp-json\/wp\/v2\/types\/product"}],"wp:featuredmedia":[{"embeddable":true,"href":"https:\/\/www.tecowash.com\/tecowash18\/wp-json\/wp\/v2\/media\/5824"}],"wp:attachment":[{"href":"https:\/\/www.tecowash.com\/tecowash18\/wp-json\/wp\/v2\/media?parent=3472"}],"wp:term":[{"taxonomy":"product_cat","embeddable":true,"href":"https:\/\/www.tecowash.com\/tecowash18\/wp-json\/wp\/v2\/product_cat?post=3472"},{"taxonomy":"product_tag","embeddable":true,"href":"https:\/\/www.tecowash.com\/tecowash18\/wp-json\/wp\/v2\/product_tag?post=3472"}],"curies":[{"name":"wp","href":"https:\/\/api.w.org\/{rel}","templated":true}]}}