{"id":3325,"date":"2018-07-11T16:46:26","date_gmt":"2018-07-11T14:46:26","guid":{"rendered":"http:\/\/www.tecowash.com\/?post_type=product&#038;p=3325"},"modified":"2023-04-03T15:11:51","modified_gmt":"2023-04-03T13:11:51","slug":"profumauto","status":"publish","type":"product","link":"https:\/\/www.tecowash.com\/tecowash18\/producto\/profumauto\/","title":{"rendered":"PROFUMAUTO"},"content":{"rendered":"<p><a href=\"https:\/\/www.tecowash.com\/tecowash18\/wp-content\/uploads\/2018\/07\/DETERGENTES_AMBIENTADORES_tecowash_spain_ABR_2023.pdf\" target=\"_blank\" rel=\"noopener noreferrer\"><img loading=\"lazy\" decoding=\"async\" class=\"aligncenter size-full wp-image-9010\" src=\"https:\/\/www.tecowash.com\/tecowash18\/wp-content\/uploads\/2019\/10\/pdf_logo_B.png\" alt=\"\" width=\"250\" height=\"121\" srcset=\"https:\/\/www.tecowash.com\/tecowash18\/wp-content\/uploads\/2019\/10\/pdf_logo_B.png 250w, https:\/\/www.tecowash.com\/tecowash18\/wp-content\/uploads\/2019\/10\/pdf_logo_B-24x12.png 24w, https:\/\/www.tecowash.com\/tecowash18\/wp-content\/uploads\/2019\/10\/pdf_logo_B-36x17.png 36w, https:\/\/www.tecowash.com\/tecowash18\/wp-content\/uploads\/2019\/10\/pdf_logo_B-48x23.png 48w\" sizes=\"(max-width: 250px) 100vw, 250px\" \/><\/a><\/p>\n<p><span style=\"color: #000000\"><strong><span style=\"font-size: 18pt\">PROFUMAUTO\u00a0\u00a0<\/span><\/strong><\/span><\/p>\n<div>\n<p><span style=\"color: #000000;font-size: 14pt\"><strong>Referencia:<\/strong> 71715-Profumauto Limon, 5 Kg.<\/span><br \/>\n<span style=\"color: #000000;font-size: 14pt\"><strong>Referencia:<\/strong> 71717-Profumauto Vainilla, 5 Kg.<\/span><\/p>\n<p><span style=\"color: #000000\">El producto Profumauto de la casa Fra-Ber, es un desodorante para autom\u00f3viles y ambientes de nota decidida <\/span><br \/>\n<span style=\"color: #000000\">y marcada, que prolonga en el tiempo la sensaci\u00f3n de frescura y limpieza de su autom\u00f3vil. <\/span><br \/>\n<span style=\"color: #000000\">Gracias a su especial f\u00f3rmula, suprime los olores, eliminando y previniendo la formaci\u00f3n de exhalaciones <\/span><br \/>\n<span style=\"color: #000000\">molestas y moho. Perfumes: lim\u00f3n, vainilla. La nota de limpieza fresca lo vuelve indispensable en los diversos <\/span><br \/>\n<span style=\"color: #000000\">sectores donde se requiere la m\u00e1xima higiene y se puede usar donde surjan problemas debidos al mal olor, <\/span><br \/>\n<span style=\"color: #000000\">como: el interior de autom\u00f3viles, autobuses, escuelas, comunidades, oficinas, en la casa, cestos de basura, <\/span><br \/>\n<span style=\"color: #000000\">servicios higi\u00e9nicos, etc. <\/span><br \/>\n<span style=\"color: #000000\">Es ideal para usarlo en las m\u00e1quinas dispensadoras de desodorantes presentes en los lavados self- service.<\/span><br \/>\n<span style=\"color: #000000\">Diluci\u00f3n: Manual 33 %.<\/span><\/p>\n<\/div>\n","protected":false},"excerpt":{"rendered":"<p>PROFUMAUTO\u00a0\u00a0 Referencia: 71715-Profumauto Limon, 5 Kg. Referencia: 71717-Profumauto Vainilla, 5 Kg. El producto Profumauto de la casa Fra-Ber, es un desodorante para autom\u00f3viles y ambientes de nota decidida y marcada, que prolonga en el tiempo la sensaci\u00f3n de frescura y limpieza de su autom\u00f3vil. Gracias a su especial f\u00f3rmula, suprime los olores, eliminando y previniendo [&hellip;]<\/p>\n","protected":false},"featured_media":3326,"template":"","meta":[],"product_cat":[94,153],"product_tag":[],"class_list":["post-3325","product","type-product","status-publish","has-post-thumbnail","hentry","product_cat-detergentes","product_cat-detergentes-ambientadores"],"publishpress_future_workflow_manual_trigger":{"enabledWorkflows":[]},"_links":{"self":[{"href":"https:\/\/www.tecowash.com\/tecowash18\/wp-json\/wp\/v2\/product\/3325"}],"collection":[{"href":"https:\/\/www.tecowash.com\/tecowash18\/wp-json\/wp\/v2\/product"}],"about":[{"href":"https:\/\/www.tecowash.com\/tecowash18\/wp-json\/wp\/v2\/types\/product"}],"wp:featuredmedia":[{"embeddable":true,"href":"https:\/\/www.tecowash.com\/tecowash18\/wp-json\/wp\/v2\/media\/3326"}],"wp:attachment":[{"href":"https:\/\/www.tecowash.com\/tecowash18\/wp-json\/wp\/v2\/media?parent=3325"}],"wp:term":[{"taxonomy":"product_cat","embeddable":true,"href":"https:\/\/www.tecowash.com\/tecowash18\/wp-json\/wp\/v2\/product_cat?post=3325"},{"taxonomy":"product_tag","embeddable":true,"href":"https:\/\/www.tecowash.com\/tecowash18\/wp-json\/wp\/v2\/product_tag?post=3325"}],"curies":[{"name":"wp","href":"https:\/\/api.w.org\/{rel}","templated":true}]}}