{"id":3320,"date":"2018-07-11T16:34:55","date_gmt":"2018-07-11T14:34:55","guid":{"rendered":"http:\/\/www.tecowash.com\/?post_type=product&#038;p=3320"},"modified":"2023-04-04T10:10:33","modified_gmt":"2023-04-04T08:10:33","slug":"brush-det","status":"publish","type":"product","link":"https:\/\/www.tecowash.com\/tecowash18\/producto\/brush-det\/","title":{"rendered":"BRUSH DET"},"content":{"rendered":"<p><a href=\"https:\/\/www.tecowash.com\/tecowash18\/wp-content\/uploads\/2018\/07\/MANTENIMIENTO_LIMPIEZA_INSTALACIONES_DEPURADORAS_tecowash_spain_ABR_2023.pdf\" target=\"_blank\" rel=\"noopener noreferrer\"><img loading=\"lazy\" decoding=\"async\" class=\"aligncenter size-full wp-image-9010\" src=\"https:\/\/www.tecowash.com\/tecowash18\/wp-content\/uploads\/2019\/10\/pdf_logo_B.png\" alt=\"\" width=\"250\" height=\"121\" srcset=\"https:\/\/www.tecowash.com\/tecowash18\/wp-content\/uploads\/2019\/10\/pdf_logo_B.png 250w, https:\/\/www.tecowash.com\/tecowash18\/wp-content\/uploads\/2019\/10\/pdf_logo_B-24x12.png 24w, https:\/\/www.tecowash.com\/tecowash18\/wp-content\/uploads\/2019\/10\/pdf_logo_B-36x17.png 36w, https:\/\/www.tecowash.com\/tecowash18\/wp-content\/uploads\/2019\/10\/pdf_logo_B-48x23.png 48w\" sizes=\"(max-width: 250px) 100vw, 250px\" \/><\/a><\/p>\n<p><a href=\"https:\/\/youtu.be\/ngvsLTk-GOg\" target=\"_blank\" rel=\"noopener noreferrer\"><img loading=\"lazy\" decoding=\"async\" class=\"aligncenter size-full wp-image-11072\" src=\"https:\/\/www.tecowash.com\/tecowash18\/wp-content\/uploads\/2018\/12\/Video.png\" alt=\"\" width=\"220\" height=\"62\" srcset=\"https:\/\/www.tecowash.com\/tecowash18\/wp-content\/uploads\/2018\/12\/Video.png 220w, https:\/\/www.tecowash.com\/tecowash18\/wp-content\/uploads\/2018\/12\/Video-24x7.png 24w, https:\/\/www.tecowash.com\/tecowash18\/wp-content\/uploads\/2018\/12\/Video-36x10.png 36w, https:\/\/www.tecowash.com\/tecowash18\/wp-content\/uploads\/2018\/12\/Video-48x14.png 48w\" sizes=\"(max-width: 220px) 100vw, 220px\" \/><\/a><\/p>\n<p><strong><span style=\"font-size: 18pt\"><span style=\"color: #000000\">BRUSH<\/span>\u00a0<span style=\"color: #99cc00\">DET<\/span><\/span><\/strong><\/p>\n<div>\n<p><span style=\"color: #000000;font-size: 14pt\">Referencia: 71022 &#8211; Brush Det, en bidones de 25 kg.<\/span><br \/>\n<span style=\"color: #000000\">Detergente de la casa Fra-Ber, concentrado espec\u00edfico para cepillos, elimina f\u00e1cilmente todo tipo de suciedad, <\/span><br \/>\n<span style=\"color: #000000\">dejando siempre los cepillos perfectamente limpios y eficientes.<\/span><br \/>\n<span style=\"color: #000000\">Diluci\u00f3n: Puro.<\/span><\/p>\n<p>&nbsp;<\/p>\n<\/div>\n","protected":false},"excerpt":{"rendered":"<p>BRUSH\u00a0DET Referencia: 71022 &#8211; Brush Det, en bidones de 25 kg. Detergente de la casa Fra-Ber, concentrado espec\u00edfico para cepillos, elimina f\u00e1cilmente todo tipo de suciedad, dejando siempre los cepillos perfectamente limpios y eficientes. Diluci\u00f3n: Puro. &nbsp;<\/p>\n","protected":false},"featured_media":3323,"template":"","meta":[],"product_cat":[94,152],"product_tag":[],"class_list":["post-3320","product","type-product","status-publish","has-post-thumbnail","hentry","product_cat-detergentes","product_cat-detergentes-para-mantenimiento-y-limpieza-de-instalaciones-y-depuradoras"],"publishpress_future_workflow_manual_trigger":{"enabledWorkflows":[]},"_links":{"self":[{"href":"https:\/\/www.tecowash.com\/tecowash18\/wp-json\/wp\/v2\/product\/3320"}],"collection":[{"href":"https:\/\/www.tecowash.com\/tecowash18\/wp-json\/wp\/v2\/product"}],"about":[{"href":"https:\/\/www.tecowash.com\/tecowash18\/wp-json\/wp\/v2\/types\/product"}],"wp:featuredmedia":[{"embeddable":true,"href":"https:\/\/www.tecowash.com\/tecowash18\/wp-json\/wp\/v2\/media\/3323"}],"wp:attachment":[{"href":"https:\/\/www.tecowash.com\/tecowash18\/wp-json\/wp\/v2\/media?parent=3320"}],"wp:term":[{"taxonomy":"product_cat","embeddable":true,"href":"https:\/\/www.tecowash.com\/tecowash18\/wp-json\/wp\/v2\/product_cat?post=3320"},{"taxonomy":"product_tag","embeddable":true,"href":"https:\/\/www.tecowash.com\/tecowash18\/wp-json\/wp\/v2\/product_tag?post=3320"}],"curies":[{"name":"wp","href":"https:\/\/api.w.org\/{rel}","templated":true}]}}