{"id":3314,"date":"2018-07-11T16:28:41","date_gmt":"2018-07-11T14:28:41","guid":{"rendered":"http:\/\/www.tecowash.com\/?post_type=product&#038;p=3314"},"modified":"2023-08-07T11:05:25","modified_gmt":"2023-08-07T09:05:25","slug":"bac-50","status":"publish","type":"product","link":"https:\/\/www.tecowash.com\/tecowash18\/producto\/bac-50\/","title":{"rendered":"BAC 50"},"content":{"rendered":"<p><a href=\"https:\/\/www.tecowash.com\/tecowash18\/wp-content\/uploads\/2018\/07\/MANTENIMIENTO_LIMPIEZA_INSTALACIONES_DEPURADORAS_tecowash_spain_ABR_2023.pdf\" target=\"_blank\" rel=\"noopener noreferrer\"><img loading=\"lazy\" decoding=\"async\" class=\"aligncenter size-full wp-image-9010\" src=\"https:\/\/www.tecowash.com\/tecowash18\/wp-content\/uploads\/2019\/10\/pdf_logo_B.png\" alt=\"\" width=\"250\" height=\"121\" srcset=\"https:\/\/www.tecowash.com\/tecowash18\/wp-content\/uploads\/2019\/10\/pdf_logo_B.png 250w, https:\/\/www.tecowash.com\/tecowash18\/wp-content\/uploads\/2019\/10\/pdf_logo_B-24x12.png 24w, https:\/\/www.tecowash.com\/tecowash18\/wp-content\/uploads\/2019\/10\/pdf_logo_B-36x17.png 36w, https:\/\/www.tecowash.com\/tecowash18\/wp-content\/uploads\/2019\/10\/pdf_logo_B-48x23.png 48w\" sizes=\"(max-width: 250px) 100vw, 250px\" \/><\/a><\/p>\n<p><strong><span style=\"font-size: 18pt;\"><span style=\"color: #000000;\">BAC<\/span>\u00a0\u00a0<span style=\"color: #99cc00;\">50<\/span><\/span><\/strong><\/p>\n<div>\n<p><span style=\"color: #000000; font-size: 14pt;\">&#8211; Bac 50, en bidones de 25 kg.\u00a0 \u00a0<span style=\"color: #ff0000;\"><strong>CONSULTAR<\/strong><\/span><\/span><br \/>\n<span style=\"color: #000000;\">Detergente de la casa Fra-Ber que puede fluidificar y degradar todas las sustancias org\u00e1nicas <\/span><br \/>\n<span style=\"color: #000000;\">y de eliminar los malos olores. <\/span><br \/>\n<span style=\"color: #000000;\">Eficaz tanto en ambientes aer\u00f3bicos como anaer\u00f3bicos, en superficies, pozos y tuber\u00edas. <\/span><br \/>\n<span style=\"color: #000000;\">Una vez distribuido, captura las mol\u00e9culas que causan los malos olores y las neutraliza, <\/span><br \/>\n<span style=\"color: #000000;\">dejando el aire limpio y sin olores. <\/span><br \/>\n<span style=\"color: #000000;\">Al mismo tiempo, degrada aceites, grasas animales y vegetales; tiene una acci\u00f3n de fluidificaci\u00f3n <\/span><br \/>\n<span style=\"color: #000000;\">sobre gran parte de los reflujos.<\/span><br \/>\n<span style=\"color: #000000;\">Diluci\u00f3n: Manual 1 %<\/span><\/p>\n<\/div>\n","protected":false},"excerpt":{"rendered":"<p>BAC\u00a0\u00a050 &#8211; Bac 50, en bidones de 25 kg.\u00a0 \u00a0CONSULTAR Detergente de la casa Fra-Ber que puede fluidificar y degradar todas las sustancias org\u00e1nicas y de eliminar los malos olores. Eficaz tanto en ambientes aer\u00f3bicos como anaer\u00f3bicos, en superficies, pozos y tuber\u00edas. Una vez distribuido, captura las mol\u00e9culas que causan los malos olores y las [&hellip;]<\/p>\n","protected":false},"featured_media":3315,"template":"","meta":[],"product_cat":[94,152],"product_tag":[],"class_list":["post-3314","product","type-product","status-publish","has-post-thumbnail","hentry","product_cat-detergentes","product_cat-detergentes-para-mantenimiento-y-limpieza-de-instalaciones-y-depuradoras"],"publishpress_future_workflow_manual_trigger":{"enabledWorkflows":[]},"_links":{"self":[{"href":"https:\/\/www.tecowash.com\/tecowash18\/wp-json\/wp\/v2\/product\/3314"}],"collection":[{"href":"https:\/\/www.tecowash.com\/tecowash18\/wp-json\/wp\/v2\/product"}],"about":[{"href":"https:\/\/www.tecowash.com\/tecowash18\/wp-json\/wp\/v2\/types\/product"}],"wp:featuredmedia":[{"embeddable":true,"href":"https:\/\/www.tecowash.com\/tecowash18\/wp-json\/wp\/v2\/media\/3315"}],"wp:attachment":[{"href":"https:\/\/www.tecowash.com\/tecowash18\/wp-json\/wp\/v2\/media?parent=3314"}],"wp:term":[{"taxonomy":"product_cat","embeddable":true,"href":"https:\/\/www.tecowash.com\/tecowash18\/wp-json\/wp\/v2\/product_cat?post=3314"},{"taxonomy":"product_tag","embeddable":true,"href":"https:\/\/www.tecowash.com\/tecowash18\/wp-json\/wp\/v2\/product_tag?post=3314"}],"curies":[{"name":"wp","href":"https:\/\/api.w.org\/{rel}","templated":true}]}}