{"id":3252,"date":"2018-07-11T12:40:46","date_gmt":"2018-07-11T10:40:46","guid":{"rendered":"http:\/\/www.tecowash.com\/?post_type=product&#038;p=3252"},"modified":"2023-04-03T10:18:08","modified_gmt":"2023-04-03T08:18:08","slug":"reflex-ke-785","status":"publish","type":"product","link":"https:\/\/www.tecowash.com\/tecowash18\/producto\/reflex-ke-785\/","title":{"rendered":"REFLEX KE 785"},"content":{"rendered":"<p><a href=\"https:\/\/www.tecowash.com\/tecowash18\/wp-content\/uploads\/2018\/09\/ACABADO_INTERIOR_tecowash_spain_ABR_2023.pdf\" target=\"_blank\" rel=\"noopener noreferrer\"><img loading=\"lazy\" decoding=\"async\" class=\"aligncenter size-full wp-image-9010\" src=\"https:\/\/www.tecowash.com\/tecowash18\/wp-content\/uploads\/2019\/10\/pdf_logo_B.png\" alt=\"\" width=\"250\" height=\"121\" srcset=\"https:\/\/www.tecowash.com\/tecowash18\/wp-content\/uploads\/2019\/10\/pdf_logo_B.png 250w, https:\/\/www.tecowash.com\/tecowash18\/wp-content\/uploads\/2019\/10\/pdf_logo_B-24x12.png 24w, https:\/\/www.tecowash.com\/tecowash18\/wp-content\/uploads\/2019\/10\/pdf_logo_B-36x17.png 36w, https:\/\/www.tecowash.com\/tecowash18\/wp-content\/uploads\/2019\/10\/pdf_logo_B-48x23.png 48w\" sizes=\"(max-width: 250px) 100vw, 250px\" \/><\/a><\/p>\n<p><a href=\"https:\/\/youtu.be\/g3FaHvzIIeM\" target=\"_blank\" rel=\"noopener noreferrer\"><img loading=\"lazy\" decoding=\"async\" class=\"aligncenter size-full wp-image-11072\" src=\"https:\/\/www.tecowash.com\/tecowash18\/wp-content\/uploads\/2018\/12\/Video.png\" alt=\"\" width=\"220\" height=\"62\" srcset=\"https:\/\/www.tecowash.com\/tecowash18\/wp-content\/uploads\/2018\/12\/Video.png 220w, https:\/\/www.tecowash.com\/tecowash18\/wp-content\/uploads\/2018\/12\/Video-24x7.png 24w, https:\/\/www.tecowash.com\/tecowash18\/wp-content\/uploads\/2018\/12\/Video-36x10.png 36w, https:\/\/www.tecowash.com\/tecowash18\/wp-content\/uploads\/2018\/12\/Video-48x14.png 48w\" sizes=\"(max-width: 220px) 100vw, 220px\" \/><\/a><\/p>\n<p><strong><span style=\"font-size: 18pt\"><span style=\"color: #000000\">REFLEX<\/span>\u00a0<span style=\"color: #99cc00\">KE 785<\/span><\/span><\/strong><\/p>\n<p><span style=\"color: #000000;font-size: 14pt\"><strong>Referencia:<\/strong> 71176 &#8211; Reflex KE 785 en bidones de 25 litros.<\/span><br \/>\n<span style=\"color: #000000\">Detergente de la casa Fra-Ber espec\u00edficamente formulado para limpieza de vidrios, cristales, superficies laqueadas, de f\u00f3rmica, etc. <\/span><br \/>\n<span style=\"color: #000000\">Limpia r\u00e1pidamente sin dejar aureolas, difundiendo un delicado perfume.<\/span><br \/>\n<span style=\"color: #000000\"><strong>Dosificaci\u00f3n:<\/strong> Puro o 1 litro de producto x 5 litros de agua.<\/span><\/p>\n<p>&nbsp;<\/p>\n","protected":false},"excerpt":{"rendered":"<p>REFLEX\u00a0KE 785 Referencia: 71176 &#8211; Reflex KE 785 en bidones de 25 litros. Detergente de la casa Fra-Ber espec\u00edficamente formulado para limpieza de vidrios, cristales, superficies laqueadas, de f\u00f3rmica, etc. Limpia r\u00e1pidamente sin dejar aureolas, difundiendo un delicado perfume. Dosificaci\u00f3n: Puro o 1 litro de producto x 5 litros de agua. &nbsp;<\/p>\n","protected":false},"featured_media":3253,"template":"","meta":[],"product_cat":[94,148],"product_tag":[],"class_list":["post-3252","product","type-product","status-publish","has-post-thumbnail","hentry","product_cat-detergentes","product_cat-detergentes-para-acabado-interior-de-vehiculos"],"publishpress_future_workflow_manual_trigger":{"enabledWorkflows":[]},"_links":{"self":[{"href":"https:\/\/www.tecowash.com\/tecowash18\/wp-json\/wp\/v2\/product\/3252"}],"collection":[{"href":"https:\/\/www.tecowash.com\/tecowash18\/wp-json\/wp\/v2\/product"}],"about":[{"href":"https:\/\/www.tecowash.com\/tecowash18\/wp-json\/wp\/v2\/types\/product"}],"wp:featuredmedia":[{"embeddable":true,"href":"https:\/\/www.tecowash.com\/tecowash18\/wp-json\/wp\/v2\/media\/3253"}],"wp:attachment":[{"href":"https:\/\/www.tecowash.com\/tecowash18\/wp-json\/wp\/v2\/media?parent=3252"}],"wp:term":[{"taxonomy":"product_cat","embeddable":true,"href":"https:\/\/www.tecowash.com\/tecowash18\/wp-json\/wp\/v2\/product_cat?post=3252"},{"taxonomy":"product_tag","embeddable":true,"href":"https:\/\/www.tecowash.com\/tecowash18\/wp-json\/wp\/v2\/product_tag?post=3252"}],"curies":[{"name":"wp","href":"https:\/\/api.w.org\/{rel}","templated":true}]}}