{"id":3245,"date":"2018-07-11T12:28:32","date_gmt":"2018-07-11T10:28:32","guid":{"rendered":"http:\/\/www.tecowash.com\/?post_type=product&#038;p=3245"},"modified":"2023-04-03T10:05:26","modified_gmt":"2023-04-03T08:05:26","slug":"gommanera-ke-185","status":"publish","type":"product","link":"https:\/\/www.tecowash.com\/tecowash18\/producto\/gommanera-ke-185\/","title":{"rendered":"GOMMANERA KE 185"},"content":{"rendered":"<p><a href=\"https:\/\/www.tecowash.com\/tecowash18\/wp-content\/uploads\/2018\/07\/ACABADO_EXTERIOR_VEHICULOS_tecowash_spain_ABR_2023.pdf\" target=\"_blank\" rel=\"noopener noreferrer\"><img loading=\"lazy\" decoding=\"async\" class=\"aligncenter size-full wp-image-9010\" src=\"https:\/\/www.tecowash.com\/tecowash18\/wp-content\/uploads\/2019\/10\/pdf_logo_B.png\" alt=\"\" width=\"250\" height=\"121\" srcset=\"https:\/\/www.tecowash.com\/tecowash18\/wp-content\/uploads\/2019\/10\/pdf_logo_B.png 250w, https:\/\/www.tecowash.com\/tecowash18\/wp-content\/uploads\/2019\/10\/pdf_logo_B-24x12.png 24w, https:\/\/www.tecowash.com\/tecowash18\/wp-content\/uploads\/2019\/10\/pdf_logo_B-36x17.png 36w, https:\/\/www.tecowash.com\/tecowash18\/wp-content\/uploads\/2019\/10\/pdf_logo_B-48x23.png 48w\" sizes=\"(max-width: 250px) 100vw, 250px\" \/><\/a><\/p>\n<p><a href=\"https:\/\/youtu.be\/yFtK4Ii2GQE\" target=\"_blank\" rel=\"noopener noreferrer\"><img loading=\"lazy\" decoding=\"async\" class=\"aligncenter size-full wp-image-11072\" src=\"https:\/\/www.tecowash.com\/tecowash18\/wp-content\/uploads\/2018\/12\/Video.png\" alt=\"\" width=\"220\" height=\"62\" srcset=\"https:\/\/www.tecowash.com\/tecowash18\/wp-content\/uploads\/2018\/12\/Video.png 220w, https:\/\/www.tecowash.com\/tecowash18\/wp-content\/uploads\/2018\/12\/Video-24x7.png 24w, https:\/\/www.tecowash.com\/tecowash18\/wp-content\/uploads\/2018\/12\/Video-36x10.png 36w, https:\/\/www.tecowash.com\/tecowash18\/wp-content\/uploads\/2018\/12\/Video-48x14.png 48w\" sizes=\"(max-width: 220px) 100vw, 220px\" \/><\/a><\/p>\n<p><strong><span style=\"font-size: 18pt\"><span style=\"color: #000000\">GOMMANERA<\/span>\u00a0 <span style=\"color: #99cc00\">KE 185<\/span><\/span><\/strong><\/p>\n<p><span style=\"color: #000000;font-size: 14pt\"><strong>Referencia:<\/strong> 70710 &#8211; Gommanera KE 185, en bidones de 30 kg.<\/span><br \/>\n<span style=\"color: #000000\">Detergente de la casa Fra-Ber para el brillo y la belleza de las partes de pl\u00e1stico, neum\u00e1ticos, alfombrillas, parachoques de autom\u00f3viles. <\/span><br \/>\n<span style=\"color: #000000\">Producto m\u00e1s grasoso respecto de los dem\u00e1s art\u00edculos de abrillantado de gomas.<\/span><br \/>\n<span style=\"color: #000000\">Una vez seco, el producto deja una pel\u00edcula brillante de tratamiento.<\/span><br \/>\n<span style=\"color: #000000\"><strong>Dosificaci\u00f3n:<\/strong> 1 litro de producto x 3 a 5 litros de agua.<\/span><\/p>\n<p>&nbsp;<\/p>\n","protected":false},"excerpt":{"rendered":"<p>GOMMANERA\u00a0 KE 185 Referencia: 70710 &#8211; Gommanera KE 185, en bidones de 30 kg. Detergente de la casa Fra-Ber para el brillo y la belleza de las partes de pl\u00e1stico, neum\u00e1ticos, alfombrillas, parachoques de autom\u00f3viles. Producto m\u00e1s grasoso respecto de los dem\u00e1s art\u00edculos de abrillantado de gomas. Una vez seco, el producto deja una pel\u00edcula [&hellip;]<\/p>\n","protected":false},"featured_media":3246,"template":"","meta":[],"product_cat":[94,147],"product_tag":[],"class_list":["post-3245","product","type-product","status-publish","has-post-thumbnail","hentry","product_cat-detergentes","product_cat-detergentes-para-acabado-exterior-de-vehiculos"],"publishpress_future_workflow_manual_trigger":{"enabledWorkflows":[]},"_links":{"self":[{"href":"https:\/\/www.tecowash.com\/tecowash18\/wp-json\/wp\/v2\/product\/3245"}],"collection":[{"href":"https:\/\/www.tecowash.com\/tecowash18\/wp-json\/wp\/v2\/product"}],"about":[{"href":"https:\/\/www.tecowash.com\/tecowash18\/wp-json\/wp\/v2\/types\/product"}],"wp:featuredmedia":[{"embeddable":true,"href":"https:\/\/www.tecowash.com\/tecowash18\/wp-json\/wp\/v2\/media\/3246"}],"wp:attachment":[{"href":"https:\/\/www.tecowash.com\/tecowash18\/wp-json\/wp\/v2\/media?parent=3245"}],"wp:term":[{"taxonomy":"product_cat","embeddable":true,"href":"https:\/\/www.tecowash.com\/tecowash18\/wp-json\/wp\/v2\/product_cat?post=3245"},{"taxonomy":"product_tag","embeddable":true,"href":"https:\/\/www.tecowash.com\/tecowash18\/wp-json\/wp\/v2\/product_tag?post=3245"}],"curies":[{"name":"wp","href":"https:\/\/api.w.org\/{rel}","templated":true}]}}