{"id":3233,"date":"2018-07-11T12:06:26","date_gmt":"2018-07-11T10:06:26","guid":{"rendered":"http:\/\/www.tecowash.com\/?post_type=product&#038;p=3233"},"modified":"2023-08-07T11:04:01","modified_gmt":"2023-08-07T09:04:01","slug":"euroflu-blue-40","status":"publish","type":"product","link":"https:\/\/www.tecowash.com\/tecowash18\/producto\/euroflu-blue-40\/","title":{"rendered":"EUROFLU BLUE 40"},"content":{"rendered":"<p><a href=\"https:\/\/www.tecowash.com\/tecowash18\/wp-content\/uploads\/2018\/07\/Euroflu_40_tecowash_spain_2021_Ag.pdf\" target=\"_blank\" rel=\"noopener noreferrer\"><img loading=\"lazy\" decoding=\"async\" class=\"aligncenter size-full wp-image-9010\" src=\"https:\/\/www.tecowash.com\/tecowash18\/wp-content\/uploads\/2019\/10\/pdf_logo_B.png\" alt=\"\" width=\"250\" height=\"121\" srcset=\"https:\/\/www.tecowash.com\/tecowash18\/wp-content\/uploads\/2019\/10\/pdf_logo_B.png 250w, https:\/\/www.tecowash.com\/tecowash18\/wp-content\/uploads\/2019\/10\/pdf_logo_B-24x12.png 24w, https:\/\/www.tecowash.com\/tecowash18\/wp-content\/uploads\/2019\/10\/pdf_logo_B-36x17.png 36w, https:\/\/www.tecowash.com\/tecowash18\/wp-content\/uploads\/2019\/10\/pdf_logo_B-48x23.png 48w\" sizes=\"(max-width: 250px) 100vw, 250px\" \/><\/a><\/p>\n<p><strong><span style=\"font-size: 18pt;\"><span style=\"color: #000000;\">EUROFLU<\/span>\u00a0 <span style=\"color: #99cc00;\">BLUE\u00a040\u00a0<\/span><\/span><\/strong><\/p>\n<p><span style=\"color: #000000; font-size: 14pt;\">&#8211; EuroFlu bLUE 40, en bidones de 25 kg.\u00a0 \u00a0<span style=\"color: #ff0000;\"><strong>CONSULTAR<\/strong><\/span><\/span><br \/>\n<span style=\"color: #000000;\">Mezcla anticongelante polivalente de inhibici\u00f3n ecol\u00f3gica lista para usar para la protecci\u00f3n contra el hielo hasta a -36\u00b0.<\/span><br \/>\n<span style=\"color: #000000;\">Exento de nitritos y aminas. Garantiza protecci\u00f3n contra la corrosi\u00f3n. Previene la formaci\u00f3n de incrustaciones calc\u00e1reas y de espuma.<\/span><br \/>\n<span style=\"color: #000000;\">Responde a las especificaciones de los principales constructores.<\/span><br \/>\n<span style=\"color: #000000;\"><strong>Dosificaci\u00f3n:<\/strong><\/span><br \/>\n<span style=\"color: #000000;\">Para. &#8211; 20\u00ba : 70 % de producto + 30 % de agua.<\/span><br \/>\n<span style=\"color: #000000;\">Para. &#8211; 12\u00ba : 50 % de producto + 50 % de agua.<\/span><br \/>\n<span style=\"color: #000000;\">Para.\u00a0 &#8211; 8 \u00ba: 40 % de producto + 60 % de agua.<\/span><\/p>\n<p>&nbsp;<\/p>\n","protected":false},"excerpt":{"rendered":"<p>EUROFLU\u00a0 BLUE\u00a040\u00a0 &#8211; EuroFlu bLUE 40, en bidones de 25 kg.\u00a0 \u00a0CONSULTAR Mezcla anticongelante polivalente de inhibici\u00f3n ecol\u00f3gica lista para usar para la protecci\u00f3n contra el hielo hasta a -36\u00b0. Exento de nitritos y aminas. Garantiza protecci\u00f3n contra la corrosi\u00f3n. Previene la formaci\u00f3n de incrustaciones calc\u00e1reas y de espuma. Responde a las especificaciones de los [&hellip;]<\/p>\n","protected":false},"featured_media":3234,"template":"","meta":[],"product_cat":[94,143,144],"product_tag":[],"class_list":["post-3233","product","type-product","status-publish","has-post-thumbnail","hentry","product_cat-detergentes","product_cat-anticongelantes-y-limpiaparabrisas","product_cat-anticongelantes-anticongelantes-y-limpiaparabrisas"],"publishpress_future_workflow_manual_trigger":{"enabledWorkflows":[]},"_links":{"self":[{"href":"https:\/\/www.tecowash.com\/tecowash18\/wp-json\/wp\/v2\/product\/3233"}],"collection":[{"href":"https:\/\/www.tecowash.com\/tecowash18\/wp-json\/wp\/v2\/product"}],"about":[{"href":"https:\/\/www.tecowash.com\/tecowash18\/wp-json\/wp\/v2\/types\/product"}],"wp:featuredmedia":[{"embeddable":true,"href":"https:\/\/www.tecowash.com\/tecowash18\/wp-json\/wp\/v2\/media\/3234"}],"wp:attachment":[{"href":"https:\/\/www.tecowash.com\/tecowash18\/wp-json\/wp\/v2\/media?parent=3233"}],"wp:term":[{"taxonomy":"product_cat","embeddable":true,"href":"https:\/\/www.tecowash.com\/tecowash18\/wp-json\/wp\/v2\/product_cat?post=3233"},{"taxonomy":"product_tag","embeddable":true,"href":"https:\/\/www.tecowash.com\/tecowash18\/wp-json\/wp\/v2\/product_tag?post=3233"}],"curies":[{"name":"wp","href":"https:\/\/api.w.org\/{rel}","templated":true}]}}