{"id":3226,"date":"2018-07-11T11:52:35","date_gmt":"2018-07-11T09:52:35","guid":{"rendered":"http:\/\/www.tecowash.com\/?post_type=product&#038;p=3226"},"modified":"2023-04-05T09:56:31","modified_gmt":"2023-04-05T07:56:31","slug":"leva-smog","status":"publish","type":"product","link":"https:\/\/www.tecowash.com\/tecowash18\/producto\/leva-smog\/","title":{"rendered":"LEVA SMOG"},"content":{"rendered":"<p><a href=\"https:\/\/www.tecowash.com\/tecowash18\/wp-content\/uploads\/2018\/07\/Detergentes_LEVA_SMOG_tcowash_spain_ABR_2023.pdf\" target=\"_blank\" rel=\"noopener noreferrer\"><img loading=\"lazy\" decoding=\"async\" class=\"aligncenter size-full wp-image-9010\" src=\"https:\/\/www.tecowash.com\/tecowash18\/wp-content\/uploads\/2019\/10\/pdf_logo_B.png\" alt=\"\" width=\"250\" height=\"121\" srcset=\"https:\/\/www.tecowash.com\/tecowash18\/wp-content\/uploads\/2019\/10\/pdf_logo_B.png 250w, https:\/\/www.tecowash.com\/tecowash18\/wp-content\/uploads\/2019\/10\/pdf_logo_B-24x12.png 24w, https:\/\/www.tecowash.com\/tecowash18\/wp-content\/uploads\/2019\/10\/pdf_logo_B-36x17.png 36w, https:\/\/www.tecowash.com\/tecowash18\/wp-content\/uploads\/2019\/10\/pdf_logo_B-48x23.png 48w\" sizes=\"(max-width: 250px) 100vw, 250px\" \/><\/a><\/p>\n<p><a href=\"https:\/\/youtu.be\/TGg2yiCrrmY\" target=\"_blank\" rel=\"noopener noreferrer\"><img loading=\"lazy\" decoding=\"async\" class=\"aligncenter size-full wp-image-11072\" src=\"https:\/\/www.tecowash.com\/tecowash18\/wp-content\/uploads\/2018\/12\/Video.png\" alt=\"\" width=\"220\" height=\"62\" srcset=\"https:\/\/www.tecowash.com\/tecowash18\/wp-content\/uploads\/2018\/12\/Video.png 220w, https:\/\/www.tecowash.com\/tecowash18\/wp-content\/uploads\/2018\/12\/Video-24x7.png 24w, https:\/\/www.tecowash.com\/tecowash18\/wp-content\/uploads\/2018\/12\/Video-36x10.png 36w, https:\/\/www.tecowash.com\/tecowash18\/wp-content\/uploads\/2018\/12\/Video-48x14.png 48w\" sizes=\"(max-width: 220px) 100vw, 220px\" \/><\/a><\/p>\n<p><strong><span style=\"font-size: 18pt\"><span style=\"color: #000000\">LEVA<\/span>\u00a0<span style=\"color: #99cc00\">SMOG<\/span><\/span><\/strong><\/p>\n<p><span style=\"color: #000000\"><span style=\"font-size: 14pt\"><strong>Referencia:<\/strong> 70746 &#8211; Leva Smog, en bidones de 25 kg.<\/span> <\/span><br \/>\n<span style=\"color: #000000\">Detergente de la casa Fra-Ber, indicado para eliminar residuos ferrosos de las superficies de autom\u00f3viles <\/span><br \/>\n<span style=\"color: #000000\">nuevos y de contenedores. Por ejemplo, veh\u00edculos transportados mediante ferrov\u00eda.<\/span><br \/>\n<span style=\"color: #000000\">Dosificaci\u00f3n: 1 litro de producto x 5 litros de agua.<\/span><\/p>\n<p>&nbsp;<\/p>\n","protected":false},"excerpt":{"rendered":"<p>LEVA\u00a0SMOG Referencia: 70746 &#8211; Leva Smog, en bidones de 25 kg. Detergente de la casa Fra-Ber, indicado para eliminar residuos ferrosos de las superficies de autom\u00f3viles nuevos y de contenedores. Por ejemplo, veh\u00edculos transportados mediante ferrov\u00eda. Dosificaci\u00f3n: 1 litro de producto x 5 litros de agua. &nbsp;<\/p>\n","protected":false},"featured_media":3227,"template":"","meta":[],"product_cat":[94,135,141],"product_tag":[],"class_list":["post-3226","product","type-product","status-publish","has-post-thumbnail","hentry","product_cat-detergentes","product_cat-detergentes-tratamientos-especiales","product_cat-descontaminante"],"publishpress_future_workflow_manual_trigger":{"enabledWorkflows":[]},"_links":{"self":[{"href":"https:\/\/www.tecowash.com\/tecowash18\/wp-json\/wp\/v2\/product\/3226"}],"collection":[{"href":"https:\/\/www.tecowash.com\/tecowash18\/wp-json\/wp\/v2\/product"}],"about":[{"href":"https:\/\/www.tecowash.com\/tecowash18\/wp-json\/wp\/v2\/types\/product"}],"wp:featuredmedia":[{"embeddable":true,"href":"https:\/\/www.tecowash.com\/tecowash18\/wp-json\/wp\/v2\/media\/3227"}],"wp:attachment":[{"href":"https:\/\/www.tecowash.com\/tecowash18\/wp-json\/wp\/v2\/media?parent=3226"}],"wp:term":[{"taxonomy":"product_cat","embeddable":true,"href":"https:\/\/www.tecowash.com\/tecowash18\/wp-json\/wp\/v2\/product_cat?post=3226"},{"taxonomy":"product_tag","embeddable":true,"href":"https:\/\/www.tecowash.com\/tecowash18\/wp-json\/wp\/v2\/product_tag?post=3226"}],"curies":[{"name":"wp","href":"https:\/\/api.w.org\/{rel}","templated":true}]}}