{"id":3212,"date":"2018-07-11T10:42:25","date_gmt":"2018-07-11T08:42:25","guid":{"rendered":"http:\/\/www.tecowash.com\/?post_type=product&#038;p=3212"},"modified":"2023-08-07T11:00:35","modified_gmt":"2023-08-07T09:00:35","slug":"take-wax","status":"publish","type":"product","link":"https:\/\/www.tecowash.com\/tecowash18\/producto\/take-wax\/","title":{"rendered":"TAKE WAX"},"content":{"rendered":"<div class=\"page\" title=\"Page 25\">\n<div class=\"section\">\n<div class=\"layoutArea\">\n<div class=\"column\">\n<p><a href=\"https:\/\/www.tecowash.com\/tecowash18\/wp-content\/uploads\/2018\/07\/TRATAMIENTOS_ESPECIFICOS_TakeWax_tecowash_spain_ABR_2023.pdf\" target=\"_blank\" rel=\"noopener noreferrer\"><img loading=\"lazy\" decoding=\"async\" class=\"aligncenter size-full wp-image-9010\" src=\"https:\/\/www.tecowash.com\/tecowash18\/wp-content\/uploads\/2019\/10\/pdf_logo_B.png\" alt=\"\" width=\"250\" height=\"121\" srcset=\"https:\/\/www.tecowash.com\/tecowash18\/wp-content\/uploads\/2019\/10\/pdf_logo_B.png 250w, https:\/\/www.tecowash.com\/tecowash18\/wp-content\/uploads\/2019\/10\/pdf_logo_B-24x12.png 24w, https:\/\/www.tecowash.com\/tecowash18\/wp-content\/uploads\/2019\/10\/pdf_logo_B-36x17.png 36w, https:\/\/www.tecowash.com\/tecowash18\/wp-content\/uploads\/2019\/10\/pdf_logo_B-48x23.png 48w\" sizes=\"(max-width: 250px) 100vw, 250px\" \/><\/a><\/p>\n<p><a href=\"https:\/\/youtu.be\/TJA712Z5dus\" target=\"_blank\" rel=\"noopener noreferrer\"><img loading=\"lazy\" decoding=\"async\" class=\"aligncenter size-full wp-image-11072\" src=\"https:\/\/www.tecowash.com\/tecowash18\/wp-content\/uploads\/2018\/12\/Video.png\" alt=\"\" width=\"220\" height=\"62\" srcset=\"https:\/\/www.tecowash.com\/tecowash18\/wp-content\/uploads\/2018\/12\/Video.png 220w, https:\/\/www.tecowash.com\/tecowash18\/wp-content\/uploads\/2018\/12\/Video-24x7.png 24w, https:\/\/www.tecowash.com\/tecowash18\/wp-content\/uploads\/2018\/12\/Video-36x10.png 36w, https:\/\/www.tecowash.com\/tecowash18\/wp-content\/uploads\/2018\/12\/Video-48x14.png 48w\" sizes=\"(max-width: 220px) 100vw, 220px\" \/><\/a><\/p>\n<p><strong><span style=\"font-size: 18pt;\"><span style=\"color: #000000;\">TAKE\u00a0<\/span><span style=\"color: #99cc00;\">WAX<\/span><\/span><\/strong><\/p>\n<p><span style=\"color: #000000; font-size: 14pt;\">\u00a0&#8211; Take Wax, en bidones de 25 kg.\u00a0 \u00a0<span style=\"color: #ff0000;\"><strong>CONSULTAR<\/strong><\/span><\/span><br \/>\n<span style=\"color: #000000;\">Mezcla de solventes espec\u00edficos para eliminaci\u00f3n de ceras protectoras parafinadas dejando inalteradas las partes en contacto. <\/span><br \/>\n<span style=\"color: #000000;\">El producto es para limpieza en fr\u00edo.<\/span><br \/>\n<span style=\"color: #000000;\"><strong>Dosificaci\u00f3n:<\/strong> PURO (Sin diluir en agua).<\/span><\/p>\n<p>&nbsp;<\/p>\n<\/div>\n<\/div>\n<\/div>\n<\/div>\n","protected":false},"excerpt":{"rendered":"<p>TAKE\u00a0WAX \u00a0&#8211; Take Wax, en bidones de 25 kg.\u00a0 \u00a0CONSULTAR Mezcla de solventes espec\u00edficos para eliminaci\u00f3n de ceras protectoras parafinadas dejando inalteradas las partes en contacto. El producto es para limpieza en fr\u00edo. Dosificaci\u00f3n: PURO (Sin diluir en agua). &nbsp;<\/p>\n","protected":false},"featured_media":3213,"template":"","meta":[],"product_cat":[94,135,136],"product_tag":[],"class_list":["post-3212","product","type-product","status-publish","has-post-thumbnail","hentry","product_cat-detergentes","product_cat-detergentes-tratamientos-especiales","product_cat-removedor-de-cera-parafinico"],"publishpress_future_workflow_manual_trigger":{"enabledWorkflows":[]},"_links":{"self":[{"href":"https:\/\/www.tecowash.com\/tecowash18\/wp-json\/wp\/v2\/product\/3212"}],"collection":[{"href":"https:\/\/www.tecowash.com\/tecowash18\/wp-json\/wp\/v2\/product"}],"about":[{"href":"https:\/\/www.tecowash.com\/tecowash18\/wp-json\/wp\/v2\/types\/product"}],"wp:featuredmedia":[{"embeddable":true,"href":"https:\/\/www.tecowash.com\/tecowash18\/wp-json\/wp\/v2\/media\/3213"}],"wp:attachment":[{"href":"https:\/\/www.tecowash.com\/tecowash18\/wp-json\/wp\/v2\/media?parent=3212"}],"wp:term":[{"taxonomy":"product_cat","embeddable":true,"href":"https:\/\/www.tecowash.com\/tecowash18\/wp-json\/wp\/v2\/product_cat?post=3212"},{"taxonomy":"product_tag","embeddable":true,"href":"https:\/\/www.tecowash.com\/tecowash18\/wp-json\/wp\/v2\/product_tag?post=3212"}],"curies":[{"name":"wp","href":"https:\/\/api.w.org\/{rel}","templated":true}]}}