{"id":3051,"date":"2018-06-27T16:37:38","date_gmt":"2018-06-27T14:37:38","guid":{"rendered":"http:\/\/www.tecowash.com\/?post_type=product&#038;p=3051"},"modified":"2021-12-10T11:37:58","modified_gmt":"2021-12-10T10:37:58","slug":"hidrolimpiadora-k130","status":"publish","type":"product","link":"https:\/\/www.tecowash.com\/tecowash18\/producto\/hidrolimpiadora-k130\/","title":{"rendered":"HIDROLIMPIADORA  K130"},"content":{"rendered":"<p><a href=\"https:\/\/www.tecowash.com\/tecowash18\/wp-content\/uploads\/2018\/06\/Hidrolimpiadora_Agua_Caliente_K_130_tecowash_spain_2021_Ds_B.pdf\" target=\"_blank\" rel=\"noopener noreferrer\"><img loading=\"lazy\" decoding=\"async\" class=\"aligncenter size-full wp-image-9010\" src=\"https:\/\/www.tecowash.com\/tecowash18\/wp-content\/uploads\/2019\/10\/pdf_logo_B.png\" alt=\"\" width=\"250\" height=\"121\" srcset=\"https:\/\/www.tecowash.com\/tecowash18\/wp-content\/uploads\/2019\/10\/pdf_logo_B.png 250w, https:\/\/www.tecowash.com\/tecowash18\/wp-content\/uploads\/2019\/10\/pdf_logo_B-24x12.png 24w, https:\/\/www.tecowash.com\/tecowash18\/wp-content\/uploads\/2019\/10\/pdf_logo_B-36x17.png 36w, https:\/\/www.tecowash.com\/tecowash18\/wp-content\/uploads\/2019\/10\/pdf_logo_B-48x23.png 48w\" sizes=\"(max-width: 250px) 100vw, 250px\" \/><\/a><\/p>\n<p><strong><span style=\"font-size: 18pt\"><span style=\"color: #000000\">HIDROLIMPIADORA<\/span><span style=\"color: #99cc00\"> K 130<\/span><\/span><\/strong><\/p>\n<p><span style=\"color: #000000;font-size: 14pt\"><strong>Referencia<\/strong>: A120001 <strong>Hidrolimpiadora K 130.<\/strong><\/span><br \/>\n<span style=\"color: #000000\">Carcasa de pl\u00e1stico duro. <\/span><br \/>\n<span style=\"color: #000000\">Pensada para trabajar de 4 a 5 horas sin parar. <\/span><br \/>\n<span style=\"color: #000000\">Paro autom\u00e1tico total stop.<\/span><\/p>\n<div><span style=\"color: #000000\"><strong>Versi\u00f3n:<\/strong> 130 Bar 8 litros \/ min.<\/span><br \/>\n<span style=\"color: #000000\"><strong>Temperatura:<\/strong> 0\u00ba &#8211; 70 \u00ba C<\/span><br \/>\n<span style=\"color: #000000\"><strong>Voltaje:<\/strong> 230 V &#8211; 50 Hz<\/span><br \/>\n<span style=\"color: #000000\"><strong>HP:<\/strong> 1,8.<\/span><br \/>\n<span style=\"color: #000000\"><strong>Rpm:<\/strong> 2.800.<\/span><br \/>\n<span style=\"color: #000000\"><strong>Bomba:<\/strong> HPN.<\/span><br \/>\n<span style=\"color: #000000\"><strong>Dep\u00f3sito combustible:<\/strong> 14 L<\/span><br \/>\n<span style=\"color: #000000\"><strong>Peso:<\/strong> 62 Kg<\/span><\/div>\n","protected":false},"excerpt":{"rendered":"<p>HIDROLIMPIADORA K 130 Referencia: A120001 Hidrolimpiadora K 130. Carcasa de pl\u00e1stico duro. Pensada para trabajar de 4 a 5 horas sin parar. Paro autom\u00e1tico total stop. Versi\u00f3n: 130 Bar 8 litros \/ min. Temperatura: 0\u00ba &#8211; 70 \u00ba C Voltaje: 230 V &#8211; 50 Hz HP: 1,8. Rpm: 2.800. Bomba: HPN. Dep\u00f3sito combustible: 14 L [&hellip;]<\/p>\n","protected":false},"featured_media":5864,"template":"","meta":[],"product_cat":[127,129],"product_tag":[],"class_list":["post-3051","product","type-product","status-publish","has-post-thumbnail","hentry","product_cat-hidrolimpiadoras-grupos-bomba-motor","product_cat-agua-caliente"],"publishpress_future_workflow_manual_trigger":{"enabledWorkflows":[]},"_links":{"self":[{"href":"https:\/\/www.tecowash.com\/tecowash18\/wp-json\/wp\/v2\/product\/3051"}],"collection":[{"href":"https:\/\/www.tecowash.com\/tecowash18\/wp-json\/wp\/v2\/product"}],"about":[{"href":"https:\/\/www.tecowash.com\/tecowash18\/wp-json\/wp\/v2\/types\/product"}],"wp:featuredmedia":[{"embeddable":true,"href":"https:\/\/www.tecowash.com\/tecowash18\/wp-json\/wp\/v2\/media\/5864"}],"wp:attachment":[{"href":"https:\/\/www.tecowash.com\/tecowash18\/wp-json\/wp\/v2\/media?parent=3051"}],"wp:term":[{"taxonomy":"product_cat","embeddable":true,"href":"https:\/\/www.tecowash.com\/tecowash18\/wp-json\/wp\/v2\/product_cat?post=3051"},{"taxonomy":"product_tag","embeddable":true,"href":"https:\/\/www.tecowash.com\/tecowash18\/wp-json\/wp\/v2\/product_tag?post=3051"}],"curies":[{"name":"wp","href":"https:\/\/api.w.org\/{rel}","templated":true}]}}